
{"id":1948,"date":"2024-12-20T10:28:36","date_gmt":"2024-12-20T02:28:36","guid":{"rendered":"https:\/\/www.gastonghui.com\/?post_type=product&#038;p=1948"},"modified":"2025-01-10T12:06:04","modified_gmt":"2025-01-10T04:06:04","slug":"carbon-dioxide","status":"publish","type":"product","link":"https:\/\/www.gastonghui.com\/pt\/produto\/carbon-dioxide\/","title":{"rendered":"Di\u00f3xido de carbono"},"content":{"rendered":"<div data-elementor-type=\"product-post\" data-elementor-id=\"1948\" class=\"elementor elementor-1948\" data-elementor-post-type=\"product\">\n\t\t\t\t<div class=\"elementor-element elementor-element-2a7365ea e-flex e-con-boxed e-con e-parent\" data-id=\"2a7365ea\" data-element_type=\"container\">\n\t\t\t\t\t<div class=\"e-con-inner\">\n\t\t<div class=\"elementor-element elementor-element-23c216f3 e-flex e-con-boxed e-con e-child\" data-id=\"23c216f3\" data-element_type=\"container\">\n\t\t\t\t\t<div class=\"e-con-inner\">\n\t\t\t\t<div class=\"elementor-element elementor-element-41bbb7ac elementor-widget elementor-widget-heading\" data-id=\"41bbb7ac\" data-element_type=\"widget\" data-widget_type=\"heading.default\">\n\t\t\t\t<div class=\"elementor-widget-container\">\n\t\t\t<style>\/*! elementor - v3.21.0 - 18-04-2024 *\/\n.elementor-heading-title{padding:0;margin:0;line-height:1}.elementor-widget-heading .elementor-heading-title[class*=elementor-size-]>a{color:inherit;font-size:inherit;line-height:inherit}.elementor-widget-heading .elementor-heading-title.elementor-size-small{font-size:15px}.elementor-widget-heading .elementor-heading-title.elementor-size-medium{font-size:19px}.elementor-widget-heading .elementor-heading-title.elementor-size-large{font-size:29px}.elementor-widget-heading .elementor-heading-title.elementor-size-xl{font-size:39px}.elementor-widget-heading .elementor-heading-title.elementor-size-xxl{font-size:59px}<\/style><h3 class=\"elementor-heading-title elementor-size-default\">Par\u00e2metros f\u00edsicos <\/h3>\t\t<\/div>\n\t\t\t\t<\/div>\n\t\t\t\t<div class=\"elementor-element elementor-element-59190e83 elementor-widget elementor-widget-text-editor\" data-id=\"59190e83\" data-element_type=\"widget\" data-widget_type=\"text-editor.default\">\n\t\t\t\t<div class=\"elementor-widget-container\">\n\t\t\t<style>\/*! elementor - v3.21.0 - 18-04-2024 *\/\n.elementor-widget-text-editor.elementor-drop-cap-view-stacked .elementor-drop-cap{background-color:#69727d;color:#fff}.elementor-widget-text-editor.elementor-drop-cap-view-framed .elementor-drop-cap{color:#69727d;border:3px solid;background-color:transparent}.elementor-widget-text-editor:not(.elementor-drop-cap-view-default) .elementor-drop-cap{margin-top:8px}.elementor-widget-text-editor:not(.elementor-drop-cap-view-default) .elementor-drop-cap-letter{width:1em;height:1em}.elementor-widget-text-editor .elementor-drop-cap{float:left;text-align:center;line-height:1;font-size:50px}.elementor-widget-text-editor .elementor-drop-cap-letter{display:inline-block}<\/style>\t\t\t\t<p>&nbsp;<\/p>\n<table style=\"width: 100%;background-color: #e3f6f3\">\n<tbody>\n<tr>\n<td rowspan=\"2\" width=\"125\"><strong><b>Nome qu\u00edmico<\/b><\/strong><\/td>\n<td rowspan=\"2\" width=\"99\"><strong><b>Propriedade<\/b><\/strong><\/td>\n<td rowspan=\"2\" width=\"117\"><strong><b>Pureza<\/b><\/strong><\/td>\n<td colspan=\"4\" width=\"427\"><strong><b>Par\u00e2metros do pacote de fornecimento<\/b><\/strong><\/p>\n<p><strong><b>(Abaixo de 21,1\u2103\uff09<\/b><\/strong><\/td>\n<\/tr>\n<tr>\n<td width=\"86\"><strong><b>V\u00e1lvula<\/b><\/strong><\/td>\n<td width=\"132\"><strong><b>Capacidade<\/b><\/strong><strong><b><br \/>\n<\/b><\/strong><strong><b>(E)<\/b><\/strong><\/td>\n<td width=\"111\"><strong><b>Press\u00e3o<\/b><\/strong><\/p>\n<p><strong><b>(psig)<\/b><\/strong><\/td>\n<td width=\"96\"><strong><b>G\u00e1s<\/b><\/strong><strong><b><br \/>\n<\/b><\/strong><strong><b>Volume<\/b><\/strong><\/td>\n<\/tr>\n<tr>\n<td width=\"125\">Di\u00f3xido de carbono<\/td>\n<td width=\"99\">inodoro, essencialmente n\u00e3o t\u00f3xico e n\u00e3o combust\u00edvel<\/td>\n<td width=\"117\">99.999%<\/td>\n<td width=\"86\">CGA320\/DISS-716<\/td>\n<td width=\"132\">44<\/td>\n<td width=\"111\">830<\/td>\n<td width=\"96\">22,7 kg<\/td>\n<\/tr>\n<\/tbody>\n<\/table>\n<p>&nbsp;<\/p>\n\t\t\t\t\t\t<\/div>\n\t\t\t\t<\/div>\n\t\t\t\t\t<\/div>\n\t\t\t\t<\/div>\n\t\t\t\t\t<\/div>\n\t\t\t\t<\/div>\n\t\t<div class=\"elementor-element elementor-element-132c2a5 e-flex e-con-boxed e-con e-parent\" data-id=\"132c2a5\" data-element_type=\"container\" data-settings=\"{&quot;background_background&quot;:&quot;classic&quot;}\">\n\t\t\t\t\t<div class=\"e-con-inner\">\n\t\t\t\t<div class=\"elementor-element elementor-element-f135860 elementor-widget elementor-widget-heading\" data-id=\"f135860\" data-element_type=\"widget\" data-widget_type=\"heading.default\">\n\t\t\t\t<div class=\"elementor-widget-container\">\n\t\t\t<h3 class=\"elementor-heading-title elementor-size-default\">Aplica\u00e7\u00f5es<\/h3>\t\t<\/div>\n\t\t\t\t<\/div>\n\t\t\t\t<div class=\"elementor-element elementor-element-879d88c elementor-pagination-type-bullets elementor-arrows-position-inside elementor-pagination-position-outside elementor-widget elementor-widget-n-carousel\" data-id=\"879d88c\" data-element_type=\"widget\" data-settings=\"{&quot;carousel_items&quot;:[{&quot;slide_title&quot;:&quot;Slide #1&quot;,&quot;_id&quot;:&quot;35daf4d&quot;},{&quot;slide_title&quot;:&quot;Slide #2&quot;,&quot;_id&quot;:&quot;f4a98fa&quot;}],&quot;image_spacing_custom&quot;:{&quot;unit&quot;:&quot;px&quot;,&quot;size&quot;:30,&quot;sizes&quot;:[]},&quot;slides_to_show_tablet&quot;:&quot;2&quot;,&quot;slides_to_show_mobile&quot;:&quot;1&quot;,&quot;autoplay&quot;:&quot;yes&quot;,&quot;autoplay_speed&quot;:5000,&quot;pause_on_hover&quot;:&quot;yes&quot;,&quot;pause_on_interaction&quot;:&quot;yes&quot;,&quot;infinite&quot;:&quot;yes&quot;,&quot;speed&quot;:500,&quot;offset_sides&quot;:&quot;none&quot;,&quot;arrows&quot;:&quot;yes&quot;,&quot;pagination&quot;:&quot;bullets&quot;,&quot;image_spacing_custom_tablet&quot;:{&quot;unit&quot;:&quot;px&quot;,&quot;size&quot;:&quot;&quot;,&quot;sizes&quot;:[]},&quot;image_spacing_custom_mobile&quot;:{&quot;unit&quot;:&quot;px&quot;,&quot;size&quot;:&quot;&quot;,&quot;sizes&quot;:[]}}\" data-widget_type=\"nested-carousel.default\">\n\t\t\t\t<div class=\"elementor-widget-container\">\n\t\t\t<link rel=\"stylesheet\" href=\"https:\/\/www.gastonghui.com\/wp-content\/plugins\/elementor-pro\/assets\/css\/widget-nested-carousel.min.css\">\t\t<div class=\"e-n-carousel swiper\" dir=\"ltr\">\n\t\t\t<div class=\"swiper-wrapper\" aria-live=\"off\">\n\t\t\t\t\t\t\t\t\t\t<div class=\"swiper-slide\" data-slide=\"1\" role=\"group\" aria-roledescription=\"slide\" aria-label=\"1 de 2\">\n\t\t\t\t\t\t\t<div class=\"elementor-element elementor-element-a57021a e-flex e-con-boxed e-con e-child\" data-id=\"a57021a\" data-element_type=\"container\" data-settings=\"{&quot;background_background&quot;:&quot;classic&quot;}\">\n\t\t\t\t\t<div class=\"e-con-inner\">\n\t\t\t\t<div class=\"elementor-element elementor-element-9c8a317 elementor-position-top elementor-widget elementor-widget-image-box\" data-id=\"9c8a317\" data-element_type=\"widget\" data-widget_type=\"image-box.default\">\n\t\t\t\t<div class=\"elementor-widget-container\">\n\t\t\t<style>\/*! elementor - v3.21.0 - 18-04-2024 *\/\n.elementor-widget-image-box .elementor-image-box-content{width:100%}@media (min-width:768px){.elementor-widget-image-box.elementor-position-left .elementor-image-box-wrapper,.elementor-widget-image-box.elementor-position-right .elementor-image-box-wrapper{display:flex}.elementor-widget-image-box.elementor-position-right .elementor-image-box-wrapper{text-align:end;flex-direction:row-reverse}.elementor-widget-image-box.elementor-position-left .elementor-image-box-wrapper{text-align:start;flex-direction:row}.elementor-widget-image-box.elementor-position-top .elementor-image-box-img{margin:auto}.elementor-widget-image-box.elementor-vertical-align-top .elementor-image-box-wrapper{align-items:flex-start}.elementor-widget-image-box.elementor-vertical-align-middle .elementor-image-box-wrapper{align-items:center}.elementor-widget-image-box.elementor-vertical-align-bottom .elementor-image-box-wrapper{align-items:flex-end}}@media (max-width:767px){.elementor-widget-image-box .elementor-image-box-img{margin-left:auto!important;margin-right:auto!important;margin-bottom:15px}}.elementor-widget-image-box .elementor-image-box-img{display:inline-block}.elementor-widget-image-box .elementor-image-box-title a{color:inherit}.elementor-widget-image-box .elementor-image-box-wrapper{text-align:center}.elementor-widget-image-box .elementor-image-box-description{margin:0}<\/style><div class=\"elementor-image-box-wrapper\"><figure class=\"elementor-image-box-img\"><img fetchpriority=\"high\" decoding=\"async\" width=\"744\" height=\"1024\" src=\"https:\/\/files.gntfile.com\/data-uploads\/453\/2024\/12\/\u7528\u90141-4.jpeg\" class=\"attachment-full size-full wp-image-1951\" alt=\"di\u00f3xido de carbono\" srcset=\"https:\/\/files.gntfile.com\/data-uploads\/453\/2024\/12\/\u7528\u90141-4.jpeg 744w, https:\/\/files.gntfile.com\/data-uploads\/453\/2024\/12\/\u7528\u90141-4-9x12.jpeg 9w, https:\/\/files.gntfile.com\/data-uploads\/453\/2024\/12\/\u7528\u90141-4-600x826.jpeg 600w\" sizes=\"(max-width: 744px) 100vw, 744px\" \/><\/figure><div class=\"elementor-image-box-content\"><div class=\"elementor-image-box-title\">Alimentos e Bebidas<\/div><p class=\"elementor-image-box-description\">Usado em bebidas carbonatadas, preserva\u00e7\u00e3o de alimentos e congelamento r\u00e1pido<\/p><\/div><\/div>\t\t<\/div>\n\t\t\t\t<\/div>\n\t\t\t\t\t<\/div>\n\t\t\t\t<\/div>\n\t\t\t\t\t\t\t\t<\/div>\n\t\t\t\t\t\t\t\t\t\t\t<div class=\"swiper-slide\" data-slide=\"2\" role=\"group\" aria-roledescription=\"slide\" aria-label=\"2 de 2\">\n\t\t\t\t\t\t\t<div class=\"elementor-element elementor-element-ae74d72 e-flex e-con-boxed e-con e-child\" data-id=\"ae74d72\" data-element_type=\"container\" data-settings=\"{&quot;background_background&quot;:&quot;classic&quot;}\">\n\t\t\t\t\t<div class=\"e-con-inner\">\n\t\t\t\t<div class=\"elementor-element elementor-element-154db64 elementor-position-top elementor-widget elementor-widget-image-box\" data-id=\"154db64\" data-element_type=\"widget\" data-widget_type=\"image-box.default\">\n\t\t\t\t<div class=\"elementor-widget-container\">\n\t\t\t<div class=\"elementor-image-box-wrapper\"><figure class=\"elementor-image-box-img\"><img decoding=\"async\" width=\"1707\" height=\"2560\" src=\"https:\/\/files.gntfile.com\/data-uploads\/453\/2024\/12\/\u7528\u90142-8-scaled.jpg\" class=\"attachment-full size-full wp-image-1950\" alt=\"di\u00f3xido de carbono\" srcset=\"https:\/\/files.gntfile.com\/data-uploads\/453\/2024\/12\/\u7528\u90142-8-scaled.jpg 1707w, https:\/\/files.gntfile.com\/data-uploads\/453\/2024\/12\/\u7528\u90142-8-768x1152.jpg 768w, https:\/\/files.gntfile.com\/data-uploads\/453\/2024\/12\/\u7528\u90142-8-1024x1536.jpg 1024w, https:\/\/files.gntfile.com\/data-uploads\/453\/2024\/12\/\u7528\u90142-8-1365x2048.jpg 1365w, https:\/\/files.gntfile.com\/data-uploads\/453\/2024\/12\/\u7528\u90142-8-8x12.jpg 8w, https:\/\/files.gntfile.com\/data-uploads\/453\/2024\/12\/\u7528\u90142-8-600x900.jpg 600w\" sizes=\"(max-width: 1707px) 100vw, 1707px\" \/><\/figure><div class=\"elementor-image-box-content\"><div class=\"elementor-image-box-title\">Extintores de inc\u00eandio<\/div><p class=\"elementor-image-box-description\">O CO\u2082 desloca o oxig\u00eanio para suprimir inc\u00eandios<\/p><\/div><\/div>\t\t<\/div>\n\t\t\t\t<\/div>\n\t\t\t\t\t<\/div>\n\t\t\t\t<\/div>\n\t\t\t\t\t\t\t\t<\/div>\n\t\t\t\t\t\t\t\t<\/div>\n\t\t<\/div>\n\t\t\t\t\t<div class=\"elementor-swiper-button elementor-swiper-button-prev\" role=\"button\" tabindex=\"0\">\n\t\t\t\t<svg aria-hidden=\"true\" class=\"e-font-icon-svg e-eicon-chevron-left\" viewbox=\"0 0 1000 1000\" xmlns=\"http:\/\/www.w3.org\/2000\/svg\"><path d=\"M646 125C629 125 613 133 604 142L308 442C296 454 292 471 292 487 292 504 296 521 308 533L604 854C617 867 629 875 646 875 663 875 679 871 692 858 704 846 713 829 713 812 713 796 708 779 692 767L438 487 692 225C700 217 708 204 708 187 708 171 704 154 692 142 675 129 663 125 646 125Z\"><\/path><\/svg>\t\t\t<\/div>\n\t\t\t<div class=\"elementor-swiper-button elementor-swiper-button-next\" role=\"button\" tabindex=\"0\">\n\t\t\t\t<svg aria-hidden=\"true\" class=\"e-font-icon-svg e-eicon-chevron-right\" viewbox=\"0 0 1000 1000\" xmlns=\"http:\/\/www.w3.org\/2000\/svg\"><path d=\"M696 533C708 521 713 504 713 487 713 471 708 454 696 446L400 146C388 133 375 125 354 125 338 125 325 129 313 142 300 154 292 171 292 187 292 204 296 221 308 233L563 492 304 771C292 783 288 800 288 817 288 833 296 850 308 863 321 871 338 875 354 875 371 875 388 867 400 854L696 533Z\"><\/path><\/svg>\t\t\t<\/div>\n\t\t\t\t\t<div class=\"swiper-pagination\"><\/div>\n\t\t\t\t<\/div>\n\t\t\t\t<\/div>\n\t\t\t\t\t<\/div>\n\t\t\t\t<\/div>\n\t\t\t\t<\/div>","protected":false},"excerpt":{"rendered":"<p>Di\u00f3xido de Carbono (CO2) \u00e9 um g\u00e1s incolor e inodoro naturalmente presente na atmosfera da Terra em uma concentra\u00e7\u00e3o de aproximadamente 0,04%. \u00c9 um componente crucial do ciclo do carbono e desempenha um papel significativo no suporte \u00e0 vida e na regula\u00e7\u00e3o do clima da Terra. O CO2 tem vantagens como velocidade de resfriamento r\u00e1pida, bom desempenho operacional, n\u00e3o molhabilidade, nenhuma contamina\u00e7\u00e3o de alimentos e a capacidade de inibir Clostridium botulinum (bact\u00e9ria botul\u00ednica), e pode ser usado em v\u00e1rias ind\u00fastrias enquanto estiver em diferentes formas.<\/p>","protected":false},"featured_media":1949,"template":"","meta":{"_acf_changed":false,"_seopress_robots_primary_cat":"none"},"product_brand":[],"product_cat":[41],"product_tag":[],"class_list":{"0":"post-1948","1":"product","2":"type-product","3":"status-publish","4":"has-post-thumbnail","6":"product_cat-specialty-gases","8":"first","9":"instock","10":"shipping-taxable","11":"product-type-simple"},"acf":[],"_links":{"self":[{"href":"https:\/\/www.gastonghui.com\/pt\/wp-json\/wp\/v2\/product\/1948","targetHints":{"allow":["GET"]}}],"collection":[{"href":"https:\/\/www.gastonghui.com\/pt\/wp-json\/wp\/v2\/product"}],"about":[{"href":"https:\/\/www.gastonghui.com\/pt\/wp-json\/wp\/v2\/types\/product"}],"version-history":[{"count":19,"href":"https:\/\/www.gastonghui.com\/pt\/wp-json\/wp\/v2\/product\/1948\/revisions"}],"predecessor-version":[{"id":3024,"href":"https:\/\/www.gastonghui.com\/pt\/wp-json\/wp\/v2\/product\/1948\/revisions\/3024"}],"wp:featuredmedia":[{"embeddable":true,"href":"https:\/\/www.gastonghui.com\/pt\/wp-json\/wp\/v2\/media\/1949"}],"wp:attachment":[{"href":"https:\/\/www.gastonghui.com\/pt\/wp-json\/wp\/v2\/media?parent=1948"}],"wp:term":[{"taxonomy":"product_brand","embeddable":true,"href":"https:\/\/www.gastonghui.com\/pt\/wp-json\/wp\/v2\/product_brand?post=1948"},{"taxonomy":"product_cat","embeddable":true,"href":"https:\/\/www.gastonghui.com\/pt\/wp-json\/wp\/v2\/product_cat?post=1948"},{"taxonomy":"product_tag","embeddable":true,"href":"https:\/\/www.gastonghui.com\/pt\/wp-json\/wp\/v2\/product_tag?post=1948"}],"curies":[{"name":"wp","href":"https:\/\/api.w.org\/{rel}","templated":true}]}}