
{"id":1131,"date":"2024-11-26T16:30:50","date_gmt":"2024-11-26T08:30:50","guid":{"rendered":"https:\/\/www.gastonghui.com\/?page_id=1131"},"modified":"2025-01-10T12:25:41","modified_gmt":"2025-01-10T04:25:41","slug":"cylinder-testing","status":"publish","type":"page","link":"https:\/\/www.gastonghui.com\/pt\/cylinder-testing\/","title":{"rendered":"Teste de Cilindro"},"content":{"rendered":"<div data-elementor-type=\"wp-page\" data-elementor-id=\"1131\" class=\"elementor elementor-1131\" data-elementor-post-type=\"page\">\n\t\t\t\t<div class=\"elementor-element elementor-element-436d86b e-grid e-con-boxed e-con e-parent\" data-id=\"436d86b\" data-element_type=\"container\">\n\t\t\t\t\t<div class=\"e-con-inner\">\n\t\t<div class=\"elementor-element elementor-element-9e36d96 e-flex e-con-boxed e-con e-child\" data-id=\"9e36d96\" data-element_type=\"container\">\n\t\t\t\t\t<div class=\"e-con-inner\">\n\t\t\t\t<div class=\"elementor-element elementor-element-9873351 elementor-widget__width-initial color-text elementor-widget elementor-widget-heading\" data-id=\"9873351\" data-element_type=\"widget\" data-widget_type=\"heading.default\">\n\t\t\t\t<div class=\"elementor-widget-container\">\n\t\t\t<style>\/*! elementor - v3.21.0 - 18-04-2024 *\/\n.elementor-heading-title{padding:0;margin:0;line-height:1}.elementor-widget-heading .elementor-heading-title[class*=elementor-size-]>a{color:inherit;font-size:inherit;line-height:inherit}.elementor-widget-heading .elementor-heading-title.elementor-size-small{font-size:15px}.elementor-widget-heading .elementor-heading-title.elementor-size-medium{font-size:19px}.elementor-widget-heading .elementor-heading-title.elementor-size-large{font-size:29px}.elementor-widget-heading .elementor-heading-title.elementor-size-xl{font-size:39px}.elementor-widget-heading .elementor-heading-title.elementor-size-xxl{font-size:59px}<\/style><h2 class=\"elementor-heading-title elementor-size-default\">Excel\u00eancia pioneira em integridade de cilindros<\/h2>\t\t<\/div>\n\t\t\t\t<\/div>\n\t\t\t\t\t<\/div>\n\t\t\t\t<\/div>\n\t\t\t\t<div class=\"elementor-element elementor-element-d83d9db elementor-widget elementor-widget-icon-box\" data-id=\"d83d9db\" data-element_type=\"widget\" data-widget_type=\"icon-box.default\">\n\t\t\t\t<div class=\"elementor-widget-container\">\n\t\t\t<link rel=\"stylesheet\" href=\"https:\/\/www.gastonghui.com\/wp-content\/plugins\/elementor\/assets\/css\/widget-icon-box.min.css\">\t\t<div class=\"elementor-icon-box-wrapper\">\n\n\t\t\t\n\t\t\t\t\t\t<div class=\"elementor-icon-box-content\">\n\n\t\t\t\t\t\t\t\t\t<h3 class=\"elementor-icon-box-title\">\n\t\t\t\t\t\t<span  >\n\t\t\t\t\t\t\tCompromisso com a Qualidade\t\t\t\t\t\t<\/span>\n\t\t\t\t\t<\/h3>\n\t\t\t\t\n\t\t\t\t\t\t\t\t\t<p class=\"elementor-icon-box-description\">\n\t\t\t\t\t\tDesde sua cria\u00e7\u00e3o em 1\u00ba de fevereiro de 2016, a Chongqing Tonghui Cylinder Testing Co., Ltd. surgiu como um farol de excel\u00eancia no reino da integridade de cilindros. Como parte da Tonghui Gas, ela \u00e9 especializada na inspe\u00e7\u00e3o peri\u00f3dica meticulosa de cilindros de g\u00e1s de a\u00e7o sem costura e no tratamento interno personalizado de cilindros de g\u00e1s especiais.\t\t\t\t\t<\/p>\n\t\t\t\t\n\t\t\t<\/div>\n\t\t\t\n\t\t<\/div>\n\t\t\t\t<\/div>\n\t\t\t\t<\/div>\n\t\t\t\t<div class=\"elementor-element elementor-element-4c2ed1a elementor-widget elementor-widget-image\" data-id=\"4c2ed1a\" data-element_type=\"widget\" data-widget_type=\"image.default\">\n\t\t\t\t<div class=\"elementor-widget-container\">\n\t\t\t<style>\/*! elementor - v3.21.0 - 18-04-2024 *\/\n.elementor-widget-image{text-align:center}.elementor-widget-image a{display:inline-block}.elementor-widget-image a img[src$=\".svg\"]{width:48px}.elementor-widget-image img{vertical-align:middle;display:inline-block}<\/style>\t\t\t\t\t\t\t\t\t\t<img fetchpriority=\"high\" decoding=\"async\" width=\"696\" height=\"404\" src=\"https:\/\/files.gntfile.com\/data-uploads\/453\/2024\/11\/Cylinder-Testing-1868.png\" class=\"attachment-large size-large wp-image-1146\" alt=\"teste de cilindro 1868\" srcset=\"https:\/\/files.gntfile.com\/data-uploads\/453\/2024\/11\/Cylinder-Testing-1868.png 696w, https:\/\/files.gntfile.com\/data-uploads\/453\/2024\/11\/Cylinder-Testing-1868-18x10.png 18w, https:\/\/files.gntfile.com\/data-uploads\/453\/2024\/11\/Cylinder-Testing-1868-600x348.png 600w\" sizes=\"(max-width: 696px) 100vw, 696px\" \/>\t\t\t\t\t\t\t\t\t\t\t\t\t<\/div>\n\t\t\t\t<\/div>\n\t\t\t\t<div class=\"elementor-element elementor-element-b716444 elementor-widget elementor-widget-image\" data-id=\"b716444\" data-element_type=\"widget\" data-widget_type=\"image.default\">\n\t\t\t\t<div class=\"elementor-widget-container\">\n\t\t\t\t\t\t\t\t\t\t\t\t\t<img decoding=\"async\" width=\"696\" height=\"404\" src=\"https:\/\/files.gntfile.com\/data-uploads\/453\/2024\/11\/Cylinder-Testing-1869.png\" class=\"attachment-large size-large wp-image-1147\" alt=\"teste de cilindro 1869\" srcset=\"https:\/\/files.gntfile.com\/data-uploads\/453\/2024\/11\/Cylinder-Testing-1869.png 696w, https:\/\/files.gntfile.com\/data-uploads\/453\/2024\/11\/Cylinder-Testing-1869-18x10.png 18w, https:\/\/files.gntfile.com\/data-uploads\/453\/2024\/11\/Cylinder-Testing-1869-600x348.png 600w\" sizes=\"(max-width: 696px) 100vw, 696px\" \/>\t\t\t\t\t\t\t\t\t\t\t\t\t<\/div>\n\t\t\t\t<\/div>\n\t\t\t\t<div class=\"elementor-element elementor-element-02b273f elementor-widget elementor-widget-icon-box\" data-id=\"02b273f\" data-element_type=\"widget\" data-widget_type=\"icon-box.default\">\n\t\t\t\t<div class=\"elementor-widget-container\">\n\t\t\t\t\t<div class=\"elementor-icon-box-wrapper\">\n\n\t\t\t\n\t\t\t\t\t\t<div class=\"elementor-icon-box-content\">\n\n\t\t\t\t\t\t\t\t\t<h3 class=\"elementor-icon-box-title\">\n\t\t\t\t\t\t<span  >\n\t\t\t\t\t\t\tNavegando pela Precis\u00e3o na Produ\u00e7\u00e3o\t\t\t\t\t\t<\/span>\n\t\t\t\t\t<\/h3>\n\t\t\t\t\n\t\t\t\t\t\t\t\t\t<p class=\"elementor-icon-box-description\">\n\t\t\t\t\t\tAqui, a engenhosidade converge com a precis\u00e3o, pois contamos com duas linhas de teste externas de \u00faltima gera\u00e7\u00e3o para cilindros de g\u00e1s sem costura e uma linha de tratamento interna exclusiva dedicada a cilindros de g\u00e1s especiais.\t\t\t\t\t<\/p>\n\t\t\t\t\n\t\t\t<\/div>\n\t\t\t\n\t\t<\/div>\n\t\t\t\t<\/div>\n\t\t\t\t<\/div>\n\t\t\t\t<div class=\"elementor-element elementor-element-3e53631 elementor-widget elementor-widget-icon-box\" data-id=\"3e53631\" data-element_type=\"widget\" data-widget_type=\"icon-box.default\">\n\t\t\t\t<div class=\"elementor-widget-container\">\n\t\t\t\t\t<div class=\"elementor-icon-box-wrapper\">\n\n\t\t\t\n\t\t\t\t\t\t<div class=\"elementor-icon-box-content\">\n\n\t\t\t\t\t\t\t\t\t<h3 class=\"elementor-icon-box-title\">\n\t\t\t\t\t\t<span  >\n\t\t\t\t\t\t\tAtualizando com a Revolu\u00e7\u00e3o Ultrass\u00f4nica\t\t\t\t\t\t<\/span>\n\t\t\t\t\t<\/h3>\n\t\t\t\t\n\t\t\t\t\t\t\t\t\t<p class=\"elementor-icon-box-description\">\n\t\t\t\t\t\tDesde sua cria\u00e7\u00e3o em 1\u00ba de fevereiro de 2016, a Chongqing Tonghui Cylinder Testing Co., Ltd. surgiu como um farol de excel\u00eancia no reino da integridade de cilindros. Como parte da Tonghui Gas, ela \u00e9 especializada na inspe\u00e7\u00e3o peri\u00f3dica meticulosa de cilindros de g\u00e1s de a\u00e7o sem costura e no tratamento interno personalizado de cilindros de g\u00e1s especiais.\t\t\t\t\t<\/p>\n\t\t\t\t\n\t\t\t<\/div>\n\t\t\t\n\t\t<\/div>\n\t\t\t\t<\/div>\n\t\t\t\t<\/div>\n\t\t\t\t<div class=\"elementor-element elementor-element-d06011d elementor-widget elementor-widget-image\" data-id=\"d06011d\" data-element_type=\"widget\" data-widget_type=\"image.default\">\n\t\t\t\t<div class=\"elementor-widget-container\">\n\t\t\t\t\t\t\t\t\t\t\t\t\t<img decoding=\"async\" width=\"696\" height=\"404\" src=\"https:\/\/files.gntfile.com\/data-uploads\/453\/2024\/11\/Cylinder-Testing-1870.png\" class=\"attachment-large size-large wp-image-1148\" alt=\"teste de cilindro 1870\" srcset=\"https:\/\/files.gntfile.com\/data-uploads\/453\/2024\/11\/Cylinder-Testing-1870.png 696w, https:\/\/files.gntfile.com\/data-uploads\/453\/2024\/11\/Cylinder-Testing-1870-18x10.png 18w, https:\/\/files.gntfile.com\/data-uploads\/453\/2024\/11\/Cylinder-Testing-1870-600x348.png 600w\" sizes=\"(max-width: 696px) 100vw, 696px\" \/>\t\t\t\t\t\t\t\t\t\t\t\t\t<\/div>\n\t\t\t\t<\/div>\n\t\t\t\t<div class=\"elementor-element elementor-element-f5822e3 elementor-widget elementor-widget-image\" data-id=\"f5822e3\" data-element_type=\"widget\" data-widget_type=\"image.default\">\n\t\t\t\t<div class=\"elementor-widget-container\">\n\t\t\t\t\t\t\t\t\t\t\t\t\t<img loading=\"lazy\" decoding=\"async\" width=\"696\" height=\"404\" src=\"https:\/\/files.gntfile.com\/data-uploads\/453\/2024\/11\/Cylinder-Testing-1871.png\" class=\"attachment-large size-large wp-image-1149\" alt=\"teste de cilindro 1871\" srcset=\"https:\/\/files.gntfile.com\/data-uploads\/453\/2024\/11\/Cylinder-Testing-1871.png 696w, https:\/\/files.gntfile.com\/data-uploads\/453\/2024\/11\/Cylinder-Testing-1871-18x10.png 18w, https:\/\/files.gntfile.com\/data-uploads\/453\/2024\/11\/Cylinder-Testing-1871-600x348.png 600w\" sizes=\"(max-width: 696px) 100vw, 696px\" \/>\t\t\t\t\t\t\t\t\t\t\t\t\t<\/div>\n\t\t\t\t<\/div>\n\t\t\t\t<div class=\"elementor-element elementor-element-5e2e54f elementor-widget elementor-widget-icon-box\" data-id=\"5e2e54f\" data-element_type=\"widget\" data-widget_type=\"icon-box.default\">\n\t\t\t\t<div class=\"elementor-widget-container\">\n\t\t\t\t\t<div class=\"elementor-icon-box-wrapper\">\n\n\t\t\t\n\t\t\t\t\t\t<div class=\"elementor-icon-box-content\">\n\n\t\t\t\t\t\t\t\t\t<h3 class=\"elementor-icon-box-title\">\n\t\t\t\t\t\t<span  >\n\t\t\t\t\t\t\tSeguran\u00e7a e Desempenho\t\t\t\t\t\t<\/span>\n\t\t\t\t\t<\/h3>\n\t\t\t\t\n\t\t\t\t\t\t\t\t\t<p class=\"elementor-icon-box-description\">\n\t\t\t\t\t\tNossa abordagem incorpora testes espectrais, aprofundando-se em garantia de qualidade, valida\u00e7\u00e3o de estanqueidade, avalia\u00e7\u00f5es de resist\u00eancia e exames rigorosos de resist\u00eancia \u00e0 press\u00e3o. O Cylinder Testing n\u00e3o testa apenas cilindros, n\u00f3s examinamos, validamos e elevamos seu desempenho, garantindo que cada cilindro seja um testamento de seguran\u00e7a e confiabilidade.\t\t\t\t\t<\/p>\n\t\t\t\t\n\t\t\t<\/div>\n\t\t\t\n\t\t<\/div>\n\t\t\t\t<\/div>\n\t\t\t\t<\/div>\n\t\t\t\t\t<\/div>\n\t\t\t\t<\/div>\n\t\t\t\t<\/div>","protected":false},"excerpt":{"rendered":"<p>Pioneira em Excel\u00eancia em Integridade de Cilindros. Compromisso com a Qualidade. Desde a sua funda\u00e7\u00e3o em 1\u00ba de fevereiro de 2016, a Chongqing Tonghui Cylinder Testing Co., Ltd. se consolidou como refer\u00eancia de excel\u00eancia no campo da integridade de cilindros. Como parte da Tonghui Gas, a empresa \u00e9 especializada na inspe\u00e7\u00e3o peri\u00f3dica meticulosa de cilindros de g\u00e1s de a\u00e7o sem costura e na fabrica\u00e7\u00e3o sob medida [\u2026]<\/p>","protected":false},"author":2,"featured_media":0,"parent":0,"menu_order":0,"comment_status":"closed","ping_status":"closed","template":"elementor_header_footer","meta":{"_acf_changed":false,"_seopress_robots_primary_cat":"","footnotes":""},"class_list":["post-1131","page","type-page","status-publish"],"acf":[],"_links":{"self":[{"href":"https:\/\/www.gastonghui.com\/pt\/wp-json\/wp\/v2\/pages\/1131","targetHints":{"allow":["GET"]}}],"collection":[{"href":"https:\/\/www.gastonghui.com\/pt\/wp-json\/wp\/v2\/pages"}],"about":[{"href":"https:\/\/www.gastonghui.com\/pt\/wp-json\/wp\/v2\/types\/page"}],"author":[{"embeddable":true,"href":"https:\/\/www.gastonghui.com\/pt\/wp-json\/wp\/v2\/users\/2"}],"replies":[{"embeddable":true,"href":"https:\/\/www.gastonghui.com\/pt\/wp-json\/wp\/v2\/comments?post=1131"}],"version-history":[{"count":22,"href":"https:\/\/www.gastonghui.com\/pt\/wp-json\/wp\/v2\/pages\/1131\/revisions"}],"predecessor-version":[{"id":3047,"href":"https:\/\/www.gastonghui.com\/pt\/wp-json\/wp\/v2\/pages\/1131\/revisions\/3047"}],"wp:attachment":[{"href":"https:\/\/www.gastonghui.com\/pt\/wp-json\/wp\/v2\/media?parent=1131"}],"curies":[{"name":"wp","href":"https:\/\/api.w.org\/{rel}","templated":true}]}}