
{"id":1956,"date":"2024-12-20T10:36:03","date_gmt":"2024-12-20T02:36:03","guid":{"rendered":"https:\/\/www.gastonghui.com\/?post_type=product&#038;p=1956"},"modified":"2025-01-10T10:53:24","modified_gmt":"2025-01-10T02:53:24","slug":"germane-mix","status":"publish","type":"product","link":"https:\/\/www.gastonghui.com\/pl\/produkt\/germane-mix\/","title":{"rendered":"Mieszanka niemiecka"},"content":{"rendered":"<div data-elementor-type=\"product-post\" data-elementor-id=\"1956\" class=\"elementor elementor-1956\" data-elementor-post-type=\"product\">\n\t\t\t\t<div class=\"elementor-element elementor-element-2ee7699 e-flex e-con-boxed e-con e-parent\" data-id=\"2ee7699\" data-element_type=\"container\">\n\t\t\t\t\t<div class=\"e-con-inner\">\n\t\t\t\t<div class=\"elementor-element elementor-element-78079c8 elementor-widget elementor-widget-heading\" data-id=\"78079c8\" data-element_type=\"widget\" data-widget_type=\"heading.default\">\n\t\t\t\t<div class=\"elementor-widget-container\">\n\t\t\t<style>\/*! elementor - v3.21.0 - 18-04-2024 *\/\n.elementor-heading-title{padding:0;margin:0;line-height:1}.elementor-widget-heading .elementor-heading-title[class*=elementor-size-]>a{color:inherit;font-size:inherit;line-height:inherit}.elementor-widget-heading .elementor-heading-title.elementor-size-small{font-size:15px}.elementor-widget-heading .elementor-heading-title.elementor-size-medium{font-size:19px}.elementor-widget-heading .elementor-heading-title.elementor-size-large{font-size:29px}.elementor-widget-heading .elementor-heading-title.elementor-size-xl{font-size:39px}.elementor-widget-heading .elementor-heading-title.elementor-size-xxl{font-size:59px}<\/style><h3 class=\"elementor-heading-title elementor-size-default\">Parametry fizyczne <\/h3>\t\t<\/div>\n\t\t\t\t<\/div>\n\t\t\t\t<div class=\"elementor-element elementor-element-572ff20 elementor-widget elementor-widget-text-editor\" data-id=\"572ff20\" data-element_type=\"widget\" data-widget_type=\"text-editor.default\">\n\t\t\t\t<div class=\"elementor-widget-container\">\n\t\t\t<style>\/*! elementor - v3.21.0 - 18-04-2024 *\/\n.elementor-widget-text-editor.elementor-drop-cap-view-stacked .elementor-drop-cap{background-color:#69727d;color:#fff}.elementor-widget-text-editor.elementor-drop-cap-view-framed .elementor-drop-cap{color:#69727d;border:3px solid;background-color:transparent}.elementor-widget-text-editor:not(.elementor-drop-cap-view-default) .elementor-drop-cap{margin-top:8px}.elementor-widget-text-editor:not(.elementor-drop-cap-view-default) .elementor-drop-cap-letter{width:1em;height:1em}.elementor-widget-text-editor .elementor-drop-cap{float:left;text-align:center;line-height:1;font-size:50px}.elementor-widget-text-editor .elementor-drop-cap-letter{display:inline-block}<\/style>\t\t\t\t<table style=\"width: 100%;background-color: #ebfdff\">\n<tbody>\n<tr>\n<td colspan=\"11\" width=\"860\"><strong><b>Informacje o kontenerze<\/b><\/strong><\/td>\n<\/tr>\n<tr>\n<td colspan=\"11\" width=\"860\">Z\u0142\u0105cze butli gazowej: CGA-350<\/p>\n<p>Koncentracj\u0119 domieszki mo\u017cna zmiesza\u0107 z faz\u0105 gazow\u0105 r\u00f3wnowagow\u0105 klasy UHP lub VLSI.<\/td>\n<\/tr>\n<tr>\n<td rowspan=\"2\" width=\"151\">St\u0119\u017cenie alkanu germanowego<\/td>\n<td rowspan=\"2\" width=\"96\">Rozmiar cylindra<\/td>\n<td rowspan=\"2\" width=\"132\">Ci\u015bnienie (funty na stop\u0119 kwadratow\u0105)<\/td>\n<td colspan=\"2\" width=\"111\">Argon<\/td>\n<td colspan=\"2\" width=\"117\">Hel<\/td>\n<td colspan=\"2\" width=\"127\">Wod\u00f3r<\/td>\n<td colspan=\"2\" width=\"122\">Azot<\/td>\n<\/tr>\n<tr>\n<td width=\"57\">stopy<sup>3<\/sup><\/td>\n<td width=\"53\">M<sup>3<\/sup><\/td>\n<td width=\"63\">stopy<sup>3<\/sup><\/td>\n<td width=\"53\">M<sup>3<\/sup><\/td>\n<td width=\"61\">stopy<sup>3<\/sup><\/td>\n<td width=\"66\">M<sup>3<\/sup><\/td>\n<td width=\"60\">stopy<sup>3<\/sup><\/td>\n<td width=\"61\">M<sup>3<\/sup><\/td>\n<\/tr>\n<tr>\n<td width=\"151\">5 stron na minut\u0119 \u2013 2%<\/td>\n<td width=\"96\">044<\/p>\n<p>016<\/td>\n<td width=\"132\">1500<\/p>\n<p>1500<\/td>\n<td width=\"57\">167<\/p>\n<p>63<\/td>\n<td width=\"53\">4.7<\/p>\n<p>1.8<\/td>\n<td width=\"63\">146<\/p>\n<p>55<\/td>\n<td width=\"53\">4.1<\/p>\n<p>1.6<\/td>\n<td width=\"61\">146<\/p>\n<p>55<\/td>\n<td width=\"66\">4.1<\/p>\n<p>1.6<\/td>\n<td width=\"60\">156<\/p>\n<p>58<\/td>\n<td width=\"61\">4.4<\/p>\n<p>1.7<\/td>\n<\/tr>\n<\/tbody>\n<\/table>\n\t\t\t\t\t\t<\/div>\n\t\t\t\t<\/div>\n\t\t\t\t\t<\/div>\n\t\t\t\t<\/div>\n\t\t<div class=\"elementor-element elementor-element-508f8c1 e-flex e-con-boxed e-con e-parent\" data-id=\"508f8c1\" data-element_type=\"container\" data-settings=\"{&quot;background_background&quot;:&quot;classic&quot;}\">\n\t\t\t\t\t<div class=\"e-con-inner\">\n\t\t\t\t<div class=\"elementor-element elementor-element-9dfabfa elementor-widget elementor-widget-heading\" data-id=\"9dfabfa\" data-element_type=\"widget\" data-widget_type=\"heading.default\">\n\t\t\t\t<div class=\"elementor-widget-container\">\n\t\t\t<h3 class=\"elementor-heading-title elementor-size-default\">Aplikacje<\/h3>\t\t<\/div>\n\t\t\t\t<\/div>\n\t\t\t\t<div class=\"elementor-element elementor-element-38f3a5e elementor-pagination-type-bullets elementor-arrows-position-inside elementor-pagination-position-outside elementor-widget elementor-widget-n-carousel\" data-id=\"38f3a5e\" data-element_type=\"widget\" data-settings=\"{&quot;carousel_items&quot;:[{&quot;slide_title&quot;:&quot;Slide #1&quot;,&quot;_id&quot;:&quot;35daf4d&quot;},{&quot;slide_title&quot;:&quot;Slide #2&quot;,&quot;_id&quot;:&quot;f4a98fa&quot;}],&quot;image_spacing_custom&quot;:{&quot;unit&quot;:&quot;px&quot;,&quot;size&quot;:30,&quot;sizes&quot;:[]},&quot;slides_to_show_tablet&quot;:&quot;2&quot;,&quot;slides_to_show_mobile&quot;:&quot;1&quot;,&quot;autoplay&quot;:&quot;yes&quot;,&quot;autoplay_speed&quot;:5000,&quot;pause_on_hover&quot;:&quot;yes&quot;,&quot;pause_on_interaction&quot;:&quot;yes&quot;,&quot;infinite&quot;:&quot;yes&quot;,&quot;speed&quot;:500,&quot;offset_sides&quot;:&quot;none&quot;,&quot;arrows&quot;:&quot;yes&quot;,&quot;pagination&quot;:&quot;bullets&quot;,&quot;image_spacing_custom_tablet&quot;:{&quot;unit&quot;:&quot;px&quot;,&quot;size&quot;:&quot;&quot;,&quot;sizes&quot;:[]},&quot;image_spacing_custom_mobile&quot;:{&quot;unit&quot;:&quot;px&quot;,&quot;size&quot;:&quot;&quot;,&quot;sizes&quot;:[]}}\" data-widget_type=\"nested-carousel.default\">\n\t\t\t\t<div class=\"elementor-widget-container\">\n\t\t\t<link rel=\"stylesheet\" href=\"https:\/\/www.gastonghui.com\/wp-content\/plugins\/elementor-pro\/assets\/css\/widget-nested-carousel.min.css\">\t\t<div class=\"e-n-carousel swiper\" dir=\"ltr\">\n\t\t\t<div class=\"swiper-wrapper\" aria-live=\"off\">\n\t\t\t\t\t\t\t\t\t\t<div class=\"swiper-slide\" data-slide=\"1\" role=\"group\" aria-roledescription=\"slide\" aria-label=\"1 z 2\">\n\t\t\t\t\t\t\t<div class=\"elementor-element elementor-element-cdeb40d e-flex e-con-boxed e-con e-child\" data-id=\"cdeb40d\" data-element_type=\"container\" data-settings=\"{&quot;background_background&quot;:&quot;classic&quot;}\">\n\t\t\t\t\t<div class=\"e-con-inner\">\n\t\t\t\t<div class=\"elementor-element elementor-element-ef6f2e3 elementor-position-top elementor-widget elementor-widget-image-box\" data-id=\"ef6f2e3\" data-element_type=\"widget\" data-widget_type=\"image-box.default\">\n\t\t\t\t<div class=\"elementor-widget-container\">\n\t\t\t<style>\/*! elementor - v3.21.0 - 18-04-2024 *\/\n.elementor-widget-image-box .elementor-image-box-content{width:100%}@media (min-width:768px){.elementor-widget-image-box.elementor-position-left .elementor-image-box-wrapper,.elementor-widget-image-box.elementor-position-right .elementor-image-box-wrapper{display:flex}.elementor-widget-image-box.elementor-position-right .elementor-image-box-wrapper{text-align:end;flex-direction:row-reverse}.elementor-widget-image-box.elementor-position-left .elementor-image-box-wrapper{text-align:start;flex-direction:row}.elementor-widget-image-box.elementor-position-top .elementor-image-box-img{margin:auto}.elementor-widget-image-box.elementor-vertical-align-top .elementor-image-box-wrapper{align-items:flex-start}.elementor-widget-image-box.elementor-vertical-align-middle .elementor-image-box-wrapper{align-items:center}.elementor-widget-image-box.elementor-vertical-align-bottom .elementor-image-box-wrapper{align-items:flex-end}}@media (max-width:767px){.elementor-widget-image-box .elementor-image-box-img{margin-left:auto!important;margin-right:auto!important;margin-bottom:15px}}.elementor-widget-image-box .elementor-image-box-img{display:inline-block}.elementor-widget-image-box .elementor-image-box-title a{color:inherit}.elementor-widget-image-box .elementor-image-box-wrapper{text-align:center}.elementor-widget-image-box .elementor-image-box-description{margin:0}<\/style><div class=\"elementor-image-box-wrapper\"><figure class=\"elementor-image-box-img\"><img fetchpriority=\"high\" decoding=\"async\" width=\"900\" height=\"599\" src=\"https:\/\/files.gntfile.com\/data-uploads\/453\/2024\/12\/\u7528\u90141-3.jpeg\" class=\"attachment-full size-full wp-image-1924\" alt=\"tlenek w\u0119gla\" srcset=\"https:\/\/files.gntfile.com\/data-uploads\/453\/2024\/12\/\u7528\u90141-3.jpeg 900w, https:\/\/files.gntfile.com\/data-uploads\/453\/2024\/12\/\u7528\u90141-3-768x511.jpeg 768w, https:\/\/files.gntfile.com\/data-uploads\/453\/2024\/12\/\u7528\u90141-3-18x12.jpeg 18w, https:\/\/files.gntfile.com\/data-uploads\/453\/2024\/12\/\u7528\u90141-3-600x399.jpeg 600w\" sizes=\"(max-width: 900px) 100vw, 900px\" \/><\/figure><div class=\"elementor-image-box-content\"><div class=\"elementor-image-box-title\">Kalibracja alarm\u00f3w tlenku w\u0119gla<\/div><p class=\"elementor-image-box-description\">Tlenek w\u0119gla s\u0142u\u017cy do przygotowywania gazu wzorcowego tlenku w\u0119gla, s\u0142u\u017c\u0105cego do kalibracji czujnik\u00f3w tlenku w\u0119gla.<\/p><\/div><\/div>\t\t<\/div>\n\t\t\t\t<\/div>\n\t\t\t\t\t<\/div>\n\t\t\t\t<\/div>\n\t\t\t\t\t\t\t\t<\/div>\n\t\t\t\t\t\t\t\t\t\t\t<div class=\"swiper-slide\" data-slide=\"2\" role=\"group\" aria-roledescription=\"slide\" aria-label=\"2 z 2\">\n\t\t\t\t\t\t\t<div class=\"elementor-element elementor-element-45ebc4c e-flex e-con-boxed e-con e-child\" data-id=\"45ebc4c\" data-element_type=\"container\" data-settings=\"{&quot;background_background&quot;:&quot;classic&quot;}\">\n\t\t\t\t\t<div class=\"e-con-inner\">\n\t\t\t\t<div class=\"elementor-element elementor-element-61c4279 elementor-position-top elementor-widget elementor-widget-image-box\" data-id=\"61c4279\" data-element_type=\"widget\" data-widget_type=\"image-box.default\">\n\t\t\t\t<div class=\"elementor-widget-container\">\n\t\t\t<div class=\"elementor-image-box-wrapper\"><figure class=\"elementor-image-box-img\"><img decoding=\"async\" width=\"1707\" height=\"2560\" src=\"https:\/\/files.gntfile.com\/data-uploads\/453\/2024\/12\/\u7528\u90142-6-scaled.jpg\" class=\"attachment-full size-full wp-image-1925\" alt=\"tlenek w\u0119gla\" srcset=\"https:\/\/files.gntfile.com\/data-uploads\/453\/2024\/12\/\u7528\u90142-6-scaled.jpg 1707w, https:\/\/files.gntfile.com\/data-uploads\/453\/2024\/12\/\u7528\u90142-6-768x1152.jpg 768w, https:\/\/files.gntfile.com\/data-uploads\/453\/2024\/12\/\u7528\u90142-6-1024x1536.jpg 1024w, https:\/\/files.gntfile.com\/data-uploads\/453\/2024\/12\/\u7528\u90142-6-1365x2048.jpg 1365w, https:\/\/files.gntfile.com\/data-uploads\/453\/2024\/12\/\u7528\u90142-6-8x12.jpg 8w, https:\/\/files.gntfile.com\/data-uploads\/453\/2024\/12\/\u7528\u90142-6-600x900.jpg 600w\" sizes=\"(max-width: 1707px) 100vw, 1707px\" \/><\/figure><div class=\"elementor-image-box-content\"><div class=\"elementor-image-box-title\">Oczyszczanie metali<\/div><p class=\"elementor-image-box-description\">Jako gaz redukuj\u0105cy jest stosowany w procesach redukcji metali w celu ich oczyszczania.<\/p><\/div><\/div>\t\t<\/div>\n\t\t\t\t<\/div>\n\t\t\t\t\t<\/div>\n\t\t\t\t<\/div>\n\t\t\t\t\t\t\t\t<\/div>\n\t\t\t\t\t\t\t\t<\/div>\n\t\t<\/div>\n\t\t\t\t\t<div class=\"elementor-swiper-button elementor-swiper-button-prev\" role=\"button\" tabindex=\"0\">\n\t\t\t\t<svg aria-hidden=\"true\" class=\"e-font-icon-svg e-eicon-chevron-left\" viewbox=\"0 0 1000 1000\" xmlns=\"http:\/\/www.w3.org\/2000\/svg\"><path d=\"M646 125C629 125 613 133 604 142L308 442C296 454 292 471 292 487 292 504 296 521 308 533L604 854C617 867 629 875 646 875 663 875 679 871 692 858 704 846 713 829 713 812 713 796 708 779 692 767L438 487 692 225C700 217 708 204 708 187 708 171 704 154 692 142 675 129 663 125 646 125Z\"><\/path><\/svg>\t\t\t<\/div>\n\t\t\t<div class=\"elementor-swiper-button elementor-swiper-button-next\" role=\"button\" tabindex=\"0\">\n\t\t\t\t<svg aria-hidden=\"true\" class=\"e-font-icon-svg e-eicon-chevron-right\" viewbox=\"0 0 1000 1000\" xmlns=\"http:\/\/www.w3.org\/2000\/svg\"><path d=\"M696 533C708 521 713 504 713 487 713 471 708 454 696 446L400 146C388 133 375 125 354 125 338 125 325 129 313 142 300 154 292 171 292 187 292 204 296 221 308 233L563 492 304 771C292 783 288 800 288 817 288 833 296 850 308 863 321 871 338 875 354 875 371 875 388 867 400 854L696 533Z\"><\/path><\/svg>\t\t\t<\/div>\n\t\t\t\t\t<div class=\"swiper-pagination\"><\/div>\n\t\t\t\t<\/div>\n\t\t\t\t<\/div>\n\t\t\t\t\t<\/div>\n\t\t\t\t<\/div>\n\t\t\t\t<\/div>","protected":false},"excerpt":{"rendered":"<p>Aby uzyska\u0107 st\u0119\u017cenia mniejsze ni\u017c 100%, german mo\u017cna rozcie\u0144czy\u0107 argonem, helem, wodorem lub azotem. Szczeg\u00f3lnie gdy konieczne jest osadzenie stosunkowo niewielkich ilo\u015bci germanu, u\u017cycie tej formy germanu mo\u017ce doda\u0107 dodatkowy stopie\u0144 kontroli do procesu.<\/p>","protected":false},"featured_media":1957,"template":"","meta":{"_acf_changed":false,"_seopress_robots_primary_cat":"none"},"product_brand":[],"product_cat":[41],"product_tag":[],"class_list":{"0":"post-1956","1":"product","2":"type-product","3":"status-publish","4":"has-post-thumbnail","6":"product_cat-specialty-gases","8":"first","9":"instock","10":"shipping-taxable","11":"product-type-simple"},"acf":[],"_links":{"self":[{"href":"https:\/\/www.gastonghui.com\/pl\/wp-json\/wp\/v2\/product\/1956","targetHints":{"allow":["GET"]}}],"collection":[{"href":"https:\/\/www.gastonghui.com\/pl\/wp-json\/wp\/v2\/product"}],"about":[{"href":"https:\/\/www.gastonghui.com\/pl\/wp-json\/wp\/v2\/types\/product"}],"version-history":[{"count":28,"href":"https:\/\/www.gastonghui.com\/pl\/wp-json\/wp\/v2\/product\/1956\/revisions"}],"predecessor-version":[{"id":3021,"href":"https:\/\/www.gastonghui.com\/pl\/wp-json\/wp\/v2\/product\/1956\/revisions\/3021"}],"wp:featuredmedia":[{"embeddable":true,"href":"https:\/\/www.gastonghui.com\/pl\/wp-json\/wp\/v2\/media\/1957"}],"wp:attachment":[{"href":"https:\/\/www.gastonghui.com\/pl\/wp-json\/wp\/v2\/media?parent=1956"}],"wp:term":[{"taxonomy":"product_brand","embeddable":true,"href":"https:\/\/www.gastonghui.com\/pl\/wp-json\/wp\/v2\/product_brand?post=1956"},{"taxonomy":"product_cat","embeddable":true,"href":"https:\/\/www.gastonghui.com\/pl\/wp-json\/wp\/v2\/product_cat?post=1956"},{"taxonomy":"product_tag","embeddable":true,"href":"https:\/\/www.gastonghui.com\/pl\/wp-json\/wp\/v2\/product_tag?post=1956"}],"curies":[{"name":"wp","href":"https:\/\/api.w.org\/{rel}","templated":true}]}}