
{"id":1842,"date":"2024-12-19T10:31:36","date_gmt":"2024-12-19T02:31:36","guid":{"rendered":"https:\/\/www.gastonghui.com\/?post_type=product&#038;p=1842"},"modified":"2025-02-13T14:37:28","modified_gmt":"2025-02-13T06:37:28","slug":"high-purity-carbon-dioxide","status":"publish","type":"product","link":"https:\/\/www.gastonghui.com\/pl\/produkt\/high-purity-carbon-dioxide\/","title":{"rendered":"Dwutlenek w\u0119gla o wysokiej czysto\u015bci"},"content":{"rendered":"<div data-elementor-type=\"product-post\" data-elementor-id=\"1842\" class=\"elementor elementor-1842\" data-elementor-post-type=\"product\">\n\t\t\t\t<div class=\"elementor-element elementor-element-2a7365ea e-flex e-con-boxed e-con e-parent\" data-id=\"2a7365ea\" data-element_type=\"container\">\n\t\t\t\t\t<div class=\"e-con-inner\">\n\t\t<div class=\"elementor-element elementor-element-23c216f3 e-flex e-con-boxed e-con e-child\" data-id=\"23c216f3\" data-element_type=\"container\">\n\t\t\t\t\t<div class=\"e-con-inner\">\n\t\t\t\t<div class=\"elementor-element elementor-element-41bbb7ac elementor-widget elementor-widget-heading\" data-id=\"41bbb7ac\" data-element_type=\"widget\" data-widget_type=\"heading.default\">\n\t\t\t\t<div class=\"elementor-widget-container\">\n\t\t\t<style>\/*! elementor - v3.21.0 - 18-04-2024 *\/\n.elementor-heading-title{padding:0;margin:0;line-height:1}.elementor-widget-heading .elementor-heading-title[class*=elementor-size-]>a{color:inherit;font-size:inherit;line-height:inherit}.elementor-widget-heading .elementor-heading-title.elementor-size-small{font-size:15px}.elementor-widget-heading .elementor-heading-title.elementor-size-medium{font-size:19px}.elementor-widget-heading .elementor-heading-title.elementor-size-large{font-size:29px}.elementor-widget-heading .elementor-heading-title.elementor-size-xl{font-size:39px}.elementor-widget-heading .elementor-heading-title.elementor-size-xxl{font-size:59px}<\/style><h3 class=\"elementor-heading-title elementor-size-default\">Parametry fizyczne <\/h3>\t\t<\/div>\n\t\t\t\t<\/div>\n\t\t\t\t<div class=\"elementor-element elementor-element-59190e83 elementor-widget elementor-widget-text-editor\" data-id=\"59190e83\" data-element_type=\"widget\" data-widget_type=\"text-editor.default\">\n\t\t\t\t<div class=\"elementor-widget-container\">\n\t\t\t<style>\/*! elementor - v3.21.0 - 18-04-2024 *\/\n.elementor-widget-text-editor.elementor-drop-cap-view-stacked .elementor-drop-cap{background-color:#69727d;color:#fff}.elementor-widget-text-editor.elementor-drop-cap-view-framed .elementor-drop-cap{color:#69727d;border:3px solid;background-color:transparent}.elementor-widget-text-editor:not(.elementor-drop-cap-view-default) .elementor-drop-cap{margin-top:8px}.elementor-widget-text-editor:not(.elementor-drop-cap-view-default) .elementor-drop-cap-letter{width:1em;height:1em}.elementor-widget-text-editor .elementor-drop-cap{float:left;text-align:center;line-height:1;font-size:50px}.elementor-widget-text-editor .elementor-drop-cap-letter{display:inline-block}<\/style>\t\t\t\t<table style=\"width: 100%;background-color: #e3f6f3\">\n<tbody>\n<tr>\n<td width=\"227\"><strong><b>Nazwa chemiczna<\/b><\/strong><\/td>\n<td width=\"540\"><strong><b>Nieruchomo\u015b\u0107<\/b><\/strong><\/td>\n<td width=\"118\"><strong><b>Czysto\u015b\u0107<\/b><\/strong><\/td>\n<\/tr>\n<tr>\n<td width=\"227\">Dwutlenek w\u0119gla o wysokiej czysto\u015bci<\/td>\n<td width=\"540\">W normalnej temperaturze i ci\u015bnieniu jest to bezbarwny, bezwonny gaz. Jest to gaz s\u0142abo kwa\u015bny i ma lekko ostry zapach w wysokich temperaturach. Jest niepalny i nie mo\u017ce podtrzymywa\u0107 \u017cycia.<\/td>\n<td width=\"118\">\u226599,99991111111111<\/td>\n<\/tr>\n<\/tbody>\n<\/table>\n\t\t\t\t\t\t<\/div>\n\t\t\t\t<\/div>\n\t\t\t\t\t<\/div>\n\t\t\t\t<\/div>\n\t\t\t\t\t<\/div>\n\t\t\t\t<\/div>\n\t\t\t\t<\/div>","protected":false},"excerpt":{"rendered":"<p>Wysokiej czysto\u015bci dwutlenek w\u0119gla jest niezb\u0119dny w ga\u0142\u0119ziach przemys\u0142u, w kt\u00f3rych jako\u015b\u0107, precyzja i bezpiecze\u0144stwo zale\u017c\u0105 od \u015brodowiska wolnego od zanieczyszcze\u0144.<\/p>","protected":false},"featured_media":1843,"template":"elementor_header_footer","meta":{"_acf_changed":false,"_seopress_robots_primary_cat":"none"},"product_brand":[],"product_cat":[49],"product_tag":[],"class_list":{"0":"post-1842","1":"product","2":"type-product","3":"status-publish","4":"has-post-thumbnail","6":"product_cat-high-purity-gases","8":"first","9":"instock","10":"shipping-taxable","11":"product-type-simple"},"acf":[],"_links":{"self":[{"href":"https:\/\/www.gastonghui.com\/pl\/wp-json\/wp\/v2\/product\/1842","targetHints":{"allow":["GET"]}}],"collection":[{"href":"https:\/\/www.gastonghui.com\/pl\/wp-json\/wp\/v2\/product"}],"about":[{"href":"https:\/\/www.gastonghui.com\/pl\/wp-json\/wp\/v2\/types\/product"}],"version-history":[{"count":15,"href":"https:\/\/www.gastonghui.com\/pl\/wp-json\/wp\/v2\/product\/1842\/revisions"}],"predecessor-version":[{"id":3395,"href":"https:\/\/www.gastonghui.com\/pl\/wp-json\/wp\/v2\/product\/1842\/revisions\/3395"}],"wp:featuredmedia":[{"embeddable":true,"href":"https:\/\/www.gastonghui.com\/pl\/wp-json\/wp\/v2\/media\/1843"}],"wp:attachment":[{"href":"https:\/\/www.gastonghui.com\/pl\/wp-json\/wp\/v2\/media?parent=1842"}],"wp:term":[{"taxonomy":"product_brand","embeddable":true,"href":"https:\/\/www.gastonghui.com\/pl\/wp-json\/wp\/v2\/product_brand?post=1842"},{"taxonomy":"product_cat","embeddable":true,"href":"https:\/\/www.gastonghui.com\/pl\/wp-json\/wp\/v2\/product_cat?post=1842"},{"taxonomy":"product_tag","embeddable":true,"href":"https:\/\/www.gastonghui.com\/pl\/wp-json\/wp\/v2\/product_tag?post=1842"}],"curies":[{"name":"wp","href":"https:\/\/api.w.org\/{rel}","templated":true}]}}