
{"id":1756,"date":"2024-12-17T14:29:13","date_gmt":"2024-12-17T06:29:13","guid":{"rendered":"https:\/\/www.gastonghui.com\/?post_type=product&#038;p=1756"},"modified":"2025-01-10T09:09:31","modified_gmt":"2025-01-10T01:09:31","slug":"gas-mixture","status":"publish","type":"product","link":"https:\/\/www.gastonghui.com\/pl\/produkt\/gas-mixture\/","title":{"rendered":"Mieszanina gaz\u00f3w"},"content":{"rendered":"<div data-elementor-type=\"product-post\" data-elementor-id=\"1756\" class=\"elementor elementor-1756\" data-elementor-post-type=\"product\">\n\t\t\t\t<div class=\"elementor-element elementor-element-f38db25 e-flex e-con-boxed e-con e-parent\" data-id=\"f38db25\" data-element_type=\"container\">\n\t\t\t\t\t<div class=\"e-con-inner\">\n\t\t\t\t<div class=\"elementor-element elementor-element-e7f5ce2 elementor-widget elementor-widget-heading\" data-id=\"e7f5ce2\" data-element_type=\"widget\" data-widget_type=\"heading.default\">\n\t\t\t\t<div class=\"elementor-widget-container\">\n\t\t\t<style>\/*! elementor - v3.21.0 - 18-04-2024 *\/\n.elementor-heading-title{padding:0;margin:0;line-height:1}.elementor-widget-heading .elementor-heading-title[class*=elementor-size-]>a{color:inherit;font-size:inherit;line-height:inherit}.elementor-widget-heading .elementor-heading-title.elementor-size-small{font-size:15px}.elementor-widget-heading .elementor-heading-title.elementor-size-medium{font-size:19px}.elementor-widget-heading .elementor-heading-title.elementor-size-large{font-size:29px}.elementor-widget-heading .elementor-heading-title.elementor-size-xl{font-size:39px}.elementor-widget-heading .elementor-heading-title.elementor-size-xxl{font-size:59px}<\/style><h3 class=\"elementor-heading-title elementor-size-default\">Parametry fizyczne <\/h3>\t\t<\/div>\n\t\t\t\t<\/div>\n\t\t\t\t<div class=\"elementor-element elementor-element-f0220bc elementor-widget elementor-widget-text-editor\" data-id=\"f0220bc\" data-element_type=\"widget\" data-widget_type=\"text-editor.default\">\n\t\t\t\t<div class=\"elementor-widget-container\">\n\t\t\t<style>\/*! elementor - v3.21.0 - 18-04-2024 *\/\n.elementor-widget-text-editor.elementor-drop-cap-view-stacked .elementor-drop-cap{background-color:#69727d;color:#fff}.elementor-widget-text-editor.elementor-drop-cap-view-framed .elementor-drop-cap{color:#69727d;border:3px solid;background-color:transparent}.elementor-widget-text-editor:not(.elementor-drop-cap-view-default) .elementor-drop-cap{margin-top:8px}.elementor-widget-text-editor:not(.elementor-drop-cap-view-default) .elementor-drop-cap-letter{width:1em;height:1em}.elementor-widget-text-editor .elementor-drop-cap{float:left;text-align:center;line-height:1;font-size:50px}.elementor-widget-text-editor .elementor-drop-cap-letter{display:inline-block}<\/style>\t\t\t\t<table style=\"width: 100%;background-color: #e0f2ef\">\n<tbody>\n<tr>\n<td width=\"213\"><strong><b>Nazwa <\/b><\/strong><strong><b>G<\/b><\/strong><strong><b>Jak <\/b><\/strong><strong><b>M<\/b><\/strong><strong><b>kompozycja<\/b><\/strong><\/td>\n<td width=\"213\"><strong><b>Cz\u0119\u015b\u0107 <\/b><\/strong><strong><b>G<\/b><\/strong><strong><b>Jak<\/b><\/strong><\/td>\n<td width=\"284\"><strong><b>Rozpuszczalno\u015b\u0107 <\/b><\/strong><strong><b>R<\/b><\/strong><strong><b>anio\u0142 <\/b><\/strong><strong><b>C<\/b><\/strong><strong><b>przeciwnik <\/b><\/strong><strong><b>G<\/b><\/strong><strong><b>asy<\/b><\/strong><\/td>\n<td width=\"141\"><strong><b>Opiera\u0107 <\/b><\/strong><strong><b>G<\/b><\/strong><strong><b>Jak<\/b><\/strong><\/td>\n<\/tr>\n<tr>\n<td width=\"213\">Mieszanina gaz\u00f3w dwutlenku w\u0119gla i argonu<\/td>\n<td width=\"213\">Dwutlenek w\u0119gla (obj.\/obj.)\/10<\/td>\n<td width=\"284\">\u226450<\/td>\n<td width=\"141\">Argon<\/td>\n<\/tr>\n<tr>\n<td width=\"213\">Mieszanina gaz\u00f3w wodoru i argonu<\/td>\n<td width=\"213\">Wod\u00f3r (v\/v)\/10<\/td>\n<td width=\"284\">\u226450<\/td>\n<td width=\"141\">Argon<\/td>\n<\/tr>\n<tr>\n<td width=\"213\">Mieszanina azotu i argonu<\/td>\n<td width=\"213\">Azot (obj.\/obj.)\/10<\/td>\n<td width=\"284\">\u226450<\/td>\n<td width=\"141\">Argon<\/td>\n<\/tr>\n<tr>\n<td width=\"213\">Mieszanina gaz\u00f3w tlenowo-argonowych<\/td>\n<td width=\"213\">Tlen (obj\u0119to\u015b\u0107\/obj\u0119to\u015b\u0107)\/10<\/td>\n<td width=\"284\">\u226450<\/td>\n<td width=\"141\">Argon<\/td>\n<\/tr>\n<tr>\n<td width=\"213\">Mieszanina gaz\u00f3w helowo-argonowych<\/td>\n<td width=\"213\">Hel (obj\u0119to\u015b\u0107\/obj\u0119to\u015b\u0107)\/10<\/td>\n<td width=\"284\">\u226450<\/td>\n<td width=\"141\">Argon<\/td>\n<\/tr>\n<tr>\n<td width=\"213\">Mieszanina wodoru i azotu<\/td>\n<td width=\"213\">Wod\u00f3r (v\/v)\/10<\/td>\n<td width=\"284\">\u226450<\/td>\n<td width=\"141\">Azot<\/td>\n<\/tr>\n<tr>\n<td width=\"213\">Mieszanka tlenu i azotu<\/td>\n<td width=\"213\">Tlen (obj.\/obj.)\/10<\/td>\n<td width=\"284\">\u226450<\/td>\n<td width=\"141\">Azot<\/td>\n<\/tr>\n<tr>\n<td width=\"213\">Tr\u00f3jsk\u0142adnikowa mieszanina gaz\u00f3w laserowych<\/td>\n<td width=\"213\">Dwutlenek w\u0119gla + azot<\/p>\n<p>(u\u0142amek obj\u0119to\u015bci)\/10<\/td>\n<td width=\"284\">\u226450<\/td>\n<td width=\"141\">Hel<\/td>\n<\/tr>\n<tr>\n<td width=\"213\">Czwartorz\u0119dowe mieszaniny gaz\u00f3w laserowych<\/td>\n<td width=\"213\">Tlenek w\u0119gla + dwutlenek w\u0119gla + azot<\/p>\n<p>(obj\u0119to\u015b\u0107\/obj\u0119to\u015b\u0107)\/10 \u226450<\/td>\n<td width=\"284\">\u226450<\/td>\n<td width=\"141\">Hel<\/td>\n<\/tr>\n<tr>\n<td width=\"213\">Pi\u0119cioelementowa mieszanka gazu laserowego<\/td>\n<td width=\"213\">Wod\u00f3r + tlenek w\u0119gla + dwutlenek w\u0119gla<\/p>\n<p>(w\/w)\/10<\/td>\n<td width=\"284\">\u226450<\/td>\n<td width=\"141\">Hel<\/td>\n<\/tr>\n<tr>\n<td width=\"213\">&#8230;&#8230;<\/td>\n<td width=\"213\">&#8230;&#8230;<\/td>\n<td width=\"284\">&#8230;&#8230;<\/td>\n<td width=\"141\">&#8230;&#8230;<\/td>\n<\/tr>\n<\/tbody>\n<\/table>\n\t\t\t\t\t\t<\/div>\n\t\t\t\t<\/div>\n\t\t\t\t\t<\/div>\n\t\t\t\t<\/div>\n\t\t\t\t<\/div>","protected":false},"excerpt":{"rendered":"<p>Gaz, kt\u00f3ry zawiera dwa lub wi\u0119cej aktywnych sk\u0142adnik\u00f3w lub, mimo \u017ce nie jest aktywnym sk\u0142adnikiem, ma zawarto\u015b\u0107 przekraczaj\u0105c\u0105 okre\u015blony limit, nazywa si\u0119 mieszanin\u0105 gaz\u00f3w. Mieszaniny kilku gaz\u00f3w s\u0105 powszechnie stosowane jako p\u0142yny robocze w in\u017cynierii. Mieszaniny gaz\u00f3w s\u0105 cz\u0119sto badane jako gazy doskona\u0142e.<\/p>","protected":false},"featured_media":1757,"template":"","meta":{"_acf_changed":false,"_seopress_robots_primary_cat":"none"},"product_brand":[],"product_cat":[40],"product_tag":[],"class_list":{"0":"post-1756","1":"product","2":"type-product","3":"status-publish","4":"has-post-thumbnail","6":"product_cat-bulk-gases","8":"first","9":"instock","10":"shipping-taxable","11":"product-type-simple"},"acf":[],"_links":{"self":[{"href":"https:\/\/www.gastonghui.com\/pl\/wp-json\/wp\/v2\/product\/1756","targetHints":{"allow":["GET"]}}],"collection":[{"href":"https:\/\/www.gastonghui.com\/pl\/wp-json\/wp\/v2\/product"}],"about":[{"href":"https:\/\/www.gastonghui.com\/pl\/wp-json\/wp\/v2\/types\/product"}],"version-history":[{"count":20,"href":"https:\/\/www.gastonghui.com\/pl\/wp-json\/wp\/v2\/product\/1756\/revisions"}],"predecessor-version":[{"id":2879,"href":"https:\/\/www.gastonghui.com\/pl\/wp-json\/wp\/v2\/product\/1756\/revisions\/2879"}],"wp:featuredmedia":[{"embeddable":true,"href":"https:\/\/www.gastonghui.com\/pl\/wp-json\/wp\/v2\/media\/1757"}],"wp:attachment":[{"href":"https:\/\/www.gastonghui.com\/pl\/wp-json\/wp\/v2\/media?parent=1756"}],"wp:term":[{"taxonomy":"product_brand","embeddable":true,"href":"https:\/\/www.gastonghui.com\/pl\/wp-json\/wp\/v2\/product_brand?post=1756"},{"taxonomy":"product_cat","embeddable":true,"href":"https:\/\/www.gastonghui.com\/pl\/wp-json\/wp\/v2\/product_cat?post=1756"},{"taxonomy":"product_tag","embeddable":true,"href":"https:\/\/www.gastonghui.com\/pl\/wp-json\/wp\/v2\/product_tag?post=1756"}],"curies":[{"name":"wp","href":"https:\/\/api.w.org\/{rel}","templated":true}]}}