
{"id":2165,"date":"2024-12-23T14:26:04","date_gmt":"2024-12-23T06:26:04","guid":{"rendered":"https:\/\/www.gastonghui.com\/?page_id=2165"},"modified":"2024-12-23T15:08:08","modified_gmt":"2024-12-23T07:08:08","slug":"production","status":"publish","type":"page","link":"https:\/\/www.gastonghui.com\/pl\/about-us\/gallery\/production\/","title":{"rendered":"Produkcja"},"content":{"rendered":"<div data-elementor-type=\"wp-page\" data-elementor-id=\"2165\" class=\"elementor elementor-2165\" data-elementor-post-type=\"page\">\n\t\t\t\t<div class=\"elementor-element elementor-element-be9d5ad e-flex e-con-boxed e-con e-parent\" data-id=\"be9d5ad\" data-element_type=\"container\" data-settings=\"{&quot;background_background&quot;:&quot;classic&quot;,&quot;sticky&quot;:&quot;top&quot;,&quot;sticky_on&quot;:[&quot;desktop&quot;,&quot;tablet&quot;,&quot;mobile&quot;],&quot;sticky_offset&quot;:0,&quot;sticky_effects_offset&quot;:0}\">\n\t\t\t\t\t<div class=\"e-con-inner\">\n\t\t\t\t<div class=\"elementor-element elementor-element-8147f41 elementor-nav-menu__align-center elementor-nav-menu--dropdown-none elementor-widget elementor-widget-nav-menu\" data-id=\"8147f41\" data-element_type=\"widget\" data-settings=\"{&quot;layout&quot;:&quot;horizontal&quot;,&quot;submenu_icon&quot;:{&quot;value&quot;:&quot;&lt;svg class=\\&quot;e-font-icon-svg e-fas-caret-down\\&quot; viewBox=\\&quot;0 0 320 512\\&quot; xmlns=\\&quot;http:\\\/\\\/www.w3.org\\\/2000\\\/svg\\&quot;&gt;&lt;path d=\\&quot;M31.3 192h257.3c17.8 0 26.7 21.5 14.1 34.1L174.1 354.8c-7.8 7.8-20.5 7.8-28.3 0L17.2 226.1C4.6 213.5 13.5 192 31.3 192z\\&quot;&gt;&lt;\\\/path&gt;&lt;\\\/svg&gt;&quot;,&quot;library&quot;:&quot;fa-solid&quot;}}\" data-widget_type=\"nav-menu.default\">\n\t\t\t\t<div class=\"elementor-widget-container\">\n\t\t\t<link rel=\"stylesheet\" href=\"https:\/\/www.gastonghui.com\/wp-content\/plugins\/elementor-pro\/assets\/css\/widget-nav-menu.min.css\">\t\t\t<nav class=\"elementor-nav-menu--main elementor-nav-menu__container elementor-nav-menu--layout-horizontal e--pointer-none\">\n\t\t\t\t<ul id=\"menu-1-8147f41\" class=\"elementor-nav-menu\"><li class=\"menu-item menu-item-type-post_type menu-item-object-page menu-item-2164\"><a href=\"https:\/\/www.gastonghui.com\/pl\/about-us\/gallery\/\" class=\"elementor-item\">Zbiorowy<\/a><\/li>\n<li class=\"menu-item menu-item-type-post_type menu-item-object-page menu-item-2170\"><a href=\"https:\/\/www.gastonghui.com\/pl\/about-us\/gallery\/production\/\" class=\"elementor-item\">Produkcja<\/a><\/li>\n<li class=\"menu-item menu-item-type-post_type menu-item-object-page menu-item-2169\"><a href=\"https:\/\/www.gastonghui.com\/pl\/about-us\/gallery\/tanks\/\" class=\"elementor-item\">Czo\u0142gi<\/a><\/li>\n<\/ul>\t\t\t<\/nav>\n\t\t\t\t\t\t<nav class=\"elementor-nav-menu--dropdown elementor-nav-menu__container\" aria-hidden=\"true\">\n\t\t\t\t<ul id=\"menu-2-8147f41\" class=\"elementor-nav-menu\"><li class=\"menu-item menu-item-type-post_type menu-item-object-page menu-item-2164\"><a href=\"https:\/\/www.gastonghui.com\/pl\/about-us\/gallery\/\" class=\"elementor-item\" tabindex=\"-1\">Zbiorowy<\/a><\/li>\n<li class=\"menu-item menu-item-type-post_type menu-item-object-page menu-item-2170\"><a href=\"https:\/\/www.gastonghui.com\/pl\/about-us\/gallery\/production\/\" class=\"elementor-item\" tabindex=\"-1\">Produkcja<\/a><\/li>\n<li class=\"menu-item menu-item-type-post_type menu-item-object-page menu-item-2169\"><a href=\"https:\/\/www.gastonghui.com\/pl\/about-us\/gallery\/tanks\/\" class=\"elementor-item\" tabindex=\"-1\">Czo\u0142gi<\/a><\/li>\n<\/ul>\t\t\t<\/nav>\n\t\t\t\t<\/div>\n\t\t\t\t<\/div>\n\t\t\t\t\t<\/div>\n\t\t\t\t<\/div>\n\t\t<div class=\"elementor-element elementor-element-a69ba0d e-flex e-con-boxed e-con e-parent\" data-id=\"a69ba0d\" data-element_type=\"container\">\n\t\t\t\t\t<div class=\"e-con-inner\">\n\t\t\t\t<div class=\"elementor-element elementor-element-3ca1ada elementor-widget elementor-widget-image-gallery\" data-id=\"3ca1ada\" data-element_type=\"widget\" data-widget_type=\"image-gallery.default\">\n\t\t\t\t<div class=\"elementor-widget-container\">\n\t\t\t<style>\/*! elementor - v3.21.0 - 18-04-2024 *\/\n.elementor-image-gallery .gallery-item{display:inline-block;text-align:center;vertical-align:top;width:100%;max-width:100%;margin:0 auto}.elementor-image-gallery .gallery-item img{margin:0 auto}.elementor-image-gallery .gallery-item .gallery-caption{margin:0}.elementor-image-gallery figure img{display:block}.elementor-image-gallery figure figcaption{width:100%}.gallery-spacing-custom .elementor-image-gallery .gallery-icon{padding:0}@media (min-width:768px){.elementor-image-gallery .gallery-columns-2 .gallery-item{max-width:50%}.elementor-image-gallery .gallery-columns-3 .gallery-item{max-width:33.33%}.elementor-image-gallery .gallery-columns-4 .gallery-item{max-width:25%}.elementor-image-gallery .gallery-columns-5 .gallery-item{max-width:20%}.elementor-image-gallery .gallery-columns-6 .gallery-item{max-width:16.666%}.elementor-image-gallery .gallery-columns-7 .gallery-item{max-width:14.28%}.elementor-image-gallery .gallery-columns-8 .gallery-item{max-width:12.5%}.elementor-image-gallery .gallery-columns-9 .gallery-item{max-width:11.11%}.elementor-image-gallery .gallery-columns-10 .gallery-item{max-width:10%}}@media (min-width:480px) and (max-width:767px){.elementor-image-gallery .gallery.gallery-columns-2 .gallery-item,.elementor-image-gallery .gallery.gallery-columns-3 .gallery-item,.elementor-image-gallery .gallery.gallery-columns-4 .gallery-item,.elementor-image-gallery .gallery.gallery-columns-5 .gallery-item,.elementor-image-gallery .gallery.gallery-columns-6 .gallery-item,.elementor-image-gallery .gallery.gallery-columns-7 .gallery-item,.elementor-image-gallery .gallery.gallery-columns-8 .gallery-item,.elementor-image-gallery .gallery.gallery-columns-9 .gallery-item,.elementor-image-gallery .gallery.gallery-columns-10 .gallery-item{max-width:50%}}@media (max-width:479px){.elementor-image-gallery .gallery.gallery-columns-2 .gallery-item,.elementor-image-gallery .gallery.gallery-columns-3 .gallery-item,.elementor-image-gallery .gallery.gallery-columns-4 .gallery-item,.elementor-image-gallery .gallery.gallery-columns-5 .gallery-item,.elementor-image-gallery .gallery.gallery-columns-6 .gallery-item,.elementor-image-gallery .gallery.gallery-columns-7 .gallery-item,.elementor-image-gallery .gallery.gallery-columns-8 .gallery-item,.elementor-image-gallery .gallery.gallery-columns-9 .gallery-item,.elementor-image-gallery .gallery.gallery-columns-10 .gallery-item{max-width:100%}}<\/style>\t\t<div class=\"elementor-image-gallery\">\n\t\t\t<div id='gallery-1' class='gallery galleryid-2165 gallery-columns-1 gallery-size-full'><figure class='gallery-item'>\n\t\t\t<div class='gallery-icon landscape'>\n\t\t\t\t<a data-elementor-open-lightbox=\"yes\" data-elementor-lightbox-slideshow=\"3ca1ada\" data-elementor-lightbox-title=\"a corner of carbon dioxide plant area\" data-elementor-lightbox-description=\"a corner of carbon dioxide plant area\" data-e-action-hash=\"#elementor-action%3Aaction%3Dlightbox%26settings%3DeyJpZCI6MjIwMywidXJsIjoiaHR0cHM6XC9cL2NvbnRlbnRzdG9jay5nb25namlvbmxpbmUuY29tXC81NzgyMzJcL3dwLWNvbnRlbnRcL3VwbG9hZHNcL3NpdGVzXC80NTNcLzIwMjRcLzEyXC9BLWNvcm5lci1vZi1jYXJib24tZGlveGlkZS1wbGFudC1hcmVhLTEuanBnIiwic2xpZGVzaG93IjoiM2NhMWFkYSJ9\" href='https:\/\/files.gntfile.com\/data-uploads\/453\/2024\/12\/A-corner-of-carbon-dioxide-plant-area-1.jpg'><img fetchpriority=\"high\" decoding=\"async\" width=\"900\" height=\"600\" src=\"https:\/\/files.gntfile.com\/data-uploads\/453\/2024\/12\/A-corner-of-carbon-dioxide-plant-area-1.jpg\" class=\"attachment-full size-full\" alt=\"r\u00f3g terenu zak\u0142adu produkuj\u0105cego dwutlenek w\u0119gla\" aria-describedby=\"gallery-1-2203\" srcset=\"https:\/\/files.gntfile.com\/data-uploads\/453\/2024\/12\/A-corner-of-carbon-dioxide-plant-area-1.jpg 900w, https:\/\/files.gntfile.com\/data-uploads\/453\/2024\/12\/A-corner-of-carbon-dioxide-plant-area-1-768x512.jpg 768w, https:\/\/files.gntfile.com\/data-uploads\/453\/2024\/12\/A-corner-of-carbon-dioxide-plant-area-1-18x12.jpg 18w, https:\/\/files.gntfile.com\/data-uploads\/453\/2024\/12\/A-corner-of-carbon-dioxide-plant-area-1-600x400.jpg 600w\" sizes=\"(max-width: 900px) 100vw, 900px\" \/><\/a>\n\t\t\t<\/div>\n\t\t\t\t<figcaption class='wp-caption-text gallery-caption' id='gallery-1-2203'>\n\t\t\t\tr\u00f3g terenu zak\u0142adu produkuj\u0105cego dwutlenek w\u0119gla\n\t\t\t\t<\/figcaption><\/figure><figure class='gallery-item'>\n\t\t\t<div class='gallery-icon landscape'>\n\t\t\t\t<a data-elementor-open-lightbox=\"yes\" data-elementor-lightbox-slideshow=\"3ca1ada\" data-elementor-lightbox-title=\"default\" data-elementor-lightbox-description=\"default\" data-e-action-hash=\"#elementor-action%3Aaction%3Dlightbox%26settings%3DeyJpZCI6MjIwNCwidXJsIjoiaHR0cHM6XC9cL2NvbnRlbnRzdG9jay5nb25namlvbmxpbmUuY29tXC81NzgyMzJcL3dwLWNvbnRlbnRcL3VwbG9hZHNcL3NpdGVzXC80NTNcLzIwMjRcLzEyXC9UaGUtbmlnaHQtdmlldy1vZi1Ub25naHVpLUtlc2hlbmdzLVBsYW50LTEuanBnIiwic2xpZGVzaG93IjoiM2NhMWFkYSJ9\" href='https:\/\/files.gntfile.com\/data-uploads\/453\/2024\/12\/The-night-view-of-Tonghui-Keshengs-Plant-1.jpg'><img decoding=\"async\" width=\"900\" height=\"600\" src=\"https:\/\/files.gntfile.com\/data-uploads\/453\/2024\/12\/The-night-view-of-Tonghui-Keshengs-Plant-1.jpg\" class=\"attachment-full size-full\" alt=\"domy\u015blny\" aria-describedby=\"gallery-1-2204\" srcset=\"https:\/\/files.gntfile.com\/data-uploads\/453\/2024\/12\/The-night-view-of-Tonghui-Keshengs-Plant-1.jpg 900w, https:\/\/files.gntfile.com\/data-uploads\/453\/2024\/12\/The-night-view-of-Tonghui-Keshengs-Plant-1-768x512.jpg 768w, https:\/\/files.gntfile.com\/data-uploads\/453\/2024\/12\/The-night-view-of-Tonghui-Keshengs-Plant-1-18x12.jpg 18w, https:\/\/files.gntfile.com\/data-uploads\/453\/2024\/12\/The-night-view-of-Tonghui-Keshengs-Plant-1-600x400.jpg 600w\" sizes=\"(max-width: 900px) 100vw, 900px\" \/><\/a>\n\t\t\t<\/div>\n\t\t\t\t<figcaption class='wp-caption-text gallery-caption' id='gallery-1-2204'>\n\t\t\t\tWidok nocny zak\u0142adu Kesheng&#039;s Plant Tonghui\n\t\t\t\t<\/figcaption><\/figure><figure class='gallery-item'>\n\t\t\t<div class='gallery-icon landscape'>\n\t\t\t\t<a data-elementor-open-lightbox=\"yes\" data-elementor-lightbox-slideshow=\"3ca1ada\" data-elementor-lightbox-title=\"the production base of kesheng\" data-elementor-lightbox-description=\"the production base of kesheng\" data-e-action-hash=\"#elementor-action%3Aaction%3Dlightbox%26settings%3DeyJpZCI6MjIwNSwidXJsIjoiaHR0cHM6XC9cL2NvbnRlbnRzdG9jay5nb25namlvbmxpbmUuY29tXC81NzgyMzJcL3dwLWNvbnRlbnRcL3VwbG9hZHNcL3NpdGVzXC80NTNcLzIwMjRcLzEyXC9UaGUtcHJvZHVjdGlvbi1iYXNlLW9mLUtlc2hlbmctMS5qcGciLCJzbGlkZXNob3ciOiIzY2ExYWRhIn0%3D\" href='https:\/\/files.gntfile.com\/data-uploads\/453\/2024\/12\/The-production-base-of-Kesheng-1.jpg'><img decoding=\"async\" width=\"900\" height=\"600\" src=\"https:\/\/files.gntfile.com\/data-uploads\/453\/2024\/12\/The-production-base-of-Kesheng-1.jpg\" class=\"attachment-full size-full\" alt=\"baza produkcyjna kesheng\" aria-describedby=\"gallery-1-2205\" srcset=\"https:\/\/files.gntfile.com\/data-uploads\/453\/2024\/12\/The-production-base-of-Kesheng-1.jpg 900w, https:\/\/files.gntfile.com\/data-uploads\/453\/2024\/12\/The-production-base-of-Kesheng-1-768x512.jpg 768w, https:\/\/files.gntfile.com\/data-uploads\/453\/2024\/12\/The-production-base-of-Kesheng-1-18x12.jpg 18w, https:\/\/files.gntfile.com\/data-uploads\/453\/2024\/12\/The-production-base-of-Kesheng-1-600x400.jpg 600w\" sizes=\"(max-width: 900px) 100vw, 900px\" \/><\/a>\n\t\t\t<\/div>\n\t\t\t\t<figcaption class='wp-caption-text gallery-caption' id='gallery-1-2205'>\n\t\t\t\tbaza produkcyjna kesheng\n\t\t\t\t<\/figcaption><\/figure><figure class='gallery-item'>\n\t\t\t<div class='gallery-icon landscape'>\n\t\t\t\t<a data-elementor-open-lightbox=\"yes\" data-elementor-lightbox-slideshow=\"3ca1ada\" data-elementor-lightbox-title=\"the production base of xiangfeng\" data-elementor-lightbox-description=\"the production base of xiangfeng\" data-e-action-hash=\"#elementor-action%3Aaction%3Dlightbox%26settings%3DeyJpZCI6MjIwNiwidXJsIjoiaHR0cHM6XC9cL2NvbnRlbnRzdG9jay5nb25namlvbmxpbmUuY29tXC81NzgyMzJcL3dwLWNvbnRlbnRcL3VwbG9hZHNcL3NpdGVzXC80NTNcLzIwMjRcLzEyXC9UaGUtcHJvZHVjdGlvbi1iYXNlLW9mLVhpYW5nZmVuZy0xLnBuZyIsInNsaWRlc2hvdyI6IjNjYTFhZGEifQ%3D%3D\" href='https:\/\/files.gntfile.com\/data-uploads\/453\/2024\/12\/The-production-base-of-Xiangfeng-1.png'><img loading=\"lazy\" decoding=\"async\" width=\"900\" height=\"600\" src=\"https:\/\/files.gntfile.com\/data-uploads\/453\/2024\/12\/The-production-base-of-Xiangfeng-1.png\" class=\"attachment-full size-full\" alt=\"baza produkcyjna xiangfeng\" aria-describedby=\"gallery-1-2206\" srcset=\"https:\/\/files.gntfile.com\/data-uploads\/453\/2024\/12\/The-production-base-of-Xiangfeng-1.png 900w, https:\/\/files.gntfile.com\/data-uploads\/453\/2024\/12\/The-production-base-of-Xiangfeng-1-768x512.png 768w, https:\/\/files.gntfile.com\/data-uploads\/453\/2024\/12\/The-production-base-of-Xiangfeng-1-18x12.png 18w, https:\/\/files.gntfile.com\/data-uploads\/453\/2024\/12\/The-production-base-of-Xiangfeng-1-600x400.png 600w\" sizes=\"(max-width: 900px) 100vw, 900px\" \/><\/a>\n\t\t\t<\/div>\n\t\t\t\t<figcaption class='wp-caption-text gallery-caption' id='gallery-1-2206'>\n\t\t\t\tbaza produkcyjna xiangfeng\n\t\t\t\t<\/figcaption><\/figure><figure class='gallery-item'>\n\t\t\t<div class='gallery-icon landscape'>\n\t\t\t\t<a data-elementor-open-lightbox=\"yes\" data-elementor-lightbox-slideshow=\"3ca1ada\" data-elementor-lightbox-title=\"the sunrise of tonghui kefa\" data-elementor-lightbox-description=\"the sunrise of tonghui kefa\" data-e-action-hash=\"#elementor-action%3Aaction%3Dlightbox%26settings%3DeyJpZCI6MjIwNywidXJsIjoiaHR0cHM6XC9cL2NvbnRlbnRzdG9jay5nb25namlvbmxpbmUuY29tXC81NzgyMzJcL3dwLWNvbnRlbnRcL3VwbG9hZHNcL3NpdGVzXC80NTNcLzIwMjRcLzEyXC9UaGUtc3VucmlzZS1vZi1Ub25naHVpLUtlZmEtMS1zY2FsZWQuanBnIiwic2xpZGVzaG93IjoiM2NhMWFkYSJ9\" href='https:\/\/files.gntfile.com\/data-uploads\/453\/2024\/12\/The-sunrise-of-Tonghui-Kefa-1-scaled.jpg'><img loading=\"lazy\" decoding=\"async\" width=\"2560\" height=\"1707\" src=\"https:\/\/files.gntfile.com\/data-uploads\/453\/2024\/12\/The-sunrise-of-Tonghui-Kefa-1-scaled.jpg\" class=\"attachment-full size-full\" alt=\"wsch\u00f3d s\u0142o\u0144ca tonghui kefa\" aria-describedby=\"gallery-1-2207\" srcset=\"https:\/\/files.gntfile.com\/data-uploads\/453\/2024\/12\/The-sunrise-of-Tonghui-Kefa-1-scaled.jpg 2560w, https:\/\/files.gntfile.com\/data-uploads\/453\/2024\/12\/The-sunrise-of-Tonghui-Kefa-1-768x512.jpg 768w, https:\/\/files.gntfile.com\/data-uploads\/453\/2024\/12\/The-sunrise-of-Tonghui-Kefa-1-1536x1024.jpg 1536w, https:\/\/files.gntfile.com\/data-uploads\/453\/2024\/12\/The-sunrise-of-Tonghui-Kefa-1-2048x1366.jpg 2048w, https:\/\/files.gntfile.com\/data-uploads\/453\/2024\/12\/The-sunrise-of-Tonghui-Kefa-1-18x12.jpg 18w, https:\/\/files.gntfile.com\/data-uploads\/453\/2024\/12\/The-sunrise-of-Tonghui-Kefa-1-600x400.jpg 600w\" sizes=\"(max-width: 2560px) 100vw, 2560px\" \/><\/a>\n\t\t\t<\/div>\n\t\t\t\t<figcaption class='wp-caption-text gallery-caption' id='gallery-1-2207'>\n\t\t\t\twsch\u00f3d s\u0142o\u0144ca tonghui kefa\n\t\t\t\t<\/figcaption><\/figure>\n\t\t<\/div>\n\t\t<\/div>\n\t\t\t\t<\/div>\n\t\t\t\t<\/div>\n\t\t\t\t\t<\/div>\n\t\t\t\t<\/div>\n\t\t\t\t<\/div>","protected":false},"excerpt":{"rendered":"<p>a corner of carbon dioxide plant area The night view of Tonghui Kesheng&#8217;s Plant the production base of kesheng the production base of xiangfeng the sunrise of tonghui kefa<\/p>","protected":false},"author":2,"featured_media":0,"parent":980,"menu_order":0,"comment_status":"closed","ping_status":"closed","template":"","meta":{"_acf_changed":false,"_seopress_robots_primary_cat":"","footnotes":""},"class_list":["post-2165","page","type-page","status-publish"],"acf":[],"_links":{"self":[{"href":"https:\/\/www.gastonghui.com\/pl\/wp-json\/wp\/v2\/pages\/2165","targetHints":{"allow":["GET"]}}],"collection":[{"href":"https:\/\/www.gastonghui.com\/pl\/wp-json\/wp\/v2\/pages"}],"about":[{"href":"https:\/\/www.gastonghui.com\/pl\/wp-json\/wp\/v2\/types\/page"}],"author":[{"embeddable":true,"href":"https:\/\/www.gastonghui.com\/pl\/wp-json\/wp\/v2\/users\/2"}],"replies":[{"embeddable":true,"href":"https:\/\/www.gastonghui.com\/pl\/wp-json\/wp\/v2\/comments?post=2165"}],"version-history":[{"count":4,"href":"https:\/\/www.gastonghui.com\/pl\/wp-json\/wp\/v2\/pages\/2165\/revisions"}],"predecessor-version":[{"id":2210,"href":"https:\/\/www.gastonghui.com\/pl\/wp-json\/wp\/v2\/pages\/2165\/revisions\/2210"}],"up":[{"embeddable":true,"href":"https:\/\/www.gastonghui.com\/pl\/wp-json\/wp\/v2\/pages\/980"}],"wp:attachment":[{"href":"https:\/\/www.gastonghui.com\/pl\/wp-json\/wp\/v2\/media?parent=2165"}],"curies":[{"name":"wp","href":"https:\/\/api.w.org\/{rel}","templated":true}]}}