
{"id":1131,"date":"2024-11-26T16:30:50","date_gmt":"2024-11-26T08:30:50","guid":{"rendered":"https:\/\/www.gastonghui.com\/?page_id=1131"},"modified":"2025-01-10T12:25:41","modified_gmt":"2025-01-10T04:25:41","slug":"cylinder-testing","status":"publish","type":"page","link":"https:\/\/www.gastonghui.com\/pl\/cylinder-testing\/","title":{"rendered":"Testowanie cylindr\u00f3w"},"content":{"rendered":"<div data-elementor-type=\"wp-page\" data-elementor-id=\"1131\" class=\"elementor elementor-1131\" data-elementor-post-type=\"page\">\n\t\t\t\t<div class=\"elementor-element elementor-element-436d86b e-grid e-con-boxed e-con e-parent\" data-id=\"436d86b\" data-element_type=\"container\">\n\t\t\t\t\t<div class=\"e-con-inner\">\n\t\t<div class=\"elementor-element elementor-element-9e36d96 e-flex e-con-boxed e-con e-child\" data-id=\"9e36d96\" data-element_type=\"container\">\n\t\t\t\t\t<div class=\"e-con-inner\">\n\t\t\t\t<div class=\"elementor-element elementor-element-9873351 elementor-widget__width-initial color-text elementor-widget elementor-widget-heading\" data-id=\"9873351\" data-element_type=\"widget\" data-widget_type=\"heading.default\">\n\t\t\t\t<div class=\"elementor-widget-container\">\n\t\t\t<style>\/*! elementor - v3.21.0 - 18-04-2024 *\/\n.elementor-heading-title{padding:0;margin:0;line-height:1}.elementor-widget-heading .elementor-heading-title[class*=elementor-size-]>a{color:inherit;font-size:inherit;line-height:inherit}.elementor-widget-heading .elementor-heading-title.elementor-size-small{font-size:15px}.elementor-widget-heading .elementor-heading-title.elementor-size-medium{font-size:19px}.elementor-widget-heading .elementor-heading-title.elementor-size-large{font-size:29px}.elementor-widget-heading .elementor-heading-title.elementor-size-xl{font-size:39px}.elementor-widget-heading .elementor-heading-title.elementor-size-xxl{font-size:59px}<\/style><h2 class=\"elementor-heading-title elementor-size-default\">Pionierska doskona\u0142o\u015b\u0107 w zakresie integralno\u015bci cylindr\u00f3w<\/h2>\t\t<\/div>\n\t\t\t\t<\/div>\n\t\t\t\t\t<\/div>\n\t\t\t\t<\/div>\n\t\t\t\t<div class=\"elementor-element elementor-element-d83d9db elementor-widget elementor-widget-icon-box\" data-id=\"d83d9db\" data-element_type=\"widget\" data-widget_type=\"icon-box.default\">\n\t\t\t\t<div class=\"elementor-widget-container\">\n\t\t\t<link rel=\"stylesheet\" href=\"https:\/\/www.gastonghui.com\/wp-content\/plugins\/elementor\/assets\/css\/widget-icon-box.min.css\">\t\t<div class=\"elementor-icon-box-wrapper\">\n\n\t\t\t\n\t\t\t\t\t\t<div class=\"elementor-icon-box-content\">\n\n\t\t\t\t\t\t\t\t\t<h3 class=\"elementor-icon-box-title\">\n\t\t\t\t\t\t<span  >\n\t\t\t\t\t\t\tZaanga\u017cowanie w jako\u015b\u0107\t\t\t\t\t\t<\/span>\n\t\t\t\t\t<\/h3>\n\t\t\t\t\n\t\t\t\t\t\t\t\t\t<p class=\"elementor-icon-box-description\">\n\t\t\t\t\t\tOd momentu powstania 1 lutego 2016 r. firma Chongqing Tonghui Cylinder Testing Co., Ltd. sta\u0142a si\u0119 wzorem doskona\u0142o\u015bci w dziedzinie integralno\u015bci butli. Jako cz\u0119\u015b\u0107 Tonghui Gas specjalizuje si\u0119 w skrupulatnej okresowej kontroli bezszwowych stalowych butli gazowych i niestandardowej obr\u00f3bce wewn\u0119trznej specjalistycznych butli gazowych.\t\t\t\t\t<\/p>\n\t\t\t\t\n\t\t\t<\/div>\n\t\t\t\n\t\t<\/div>\n\t\t\t\t<\/div>\n\t\t\t\t<\/div>\n\t\t\t\t<div class=\"elementor-element elementor-element-4c2ed1a elementor-widget elementor-widget-image\" data-id=\"4c2ed1a\" data-element_type=\"widget\" data-widget_type=\"image.default\">\n\t\t\t\t<div class=\"elementor-widget-container\">\n\t\t\t<style>\/*! elementor - v3.21.0 - 18-04-2024 *\/\n.elementor-widget-image{text-align:center}.elementor-widget-image a{display:inline-block}.elementor-widget-image a img[src$=\".svg\"]{width:48px}.elementor-widget-image img{vertical-align:middle;display:inline-block}<\/style>\t\t\t\t\t\t\t\t\t\t<img fetchpriority=\"high\" decoding=\"async\" width=\"696\" height=\"404\" src=\"https:\/\/files.gntfile.com\/data-uploads\/453\/2024\/11\/Cylinder-Testing-1868.png\" class=\"attachment-large size-large wp-image-1146\" alt=\"testowanie cylindra 1868\" srcset=\"https:\/\/files.gntfile.com\/data-uploads\/453\/2024\/11\/Cylinder-Testing-1868.png 696w, https:\/\/files.gntfile.com\/data-uploads\/453\/2024\/11\/Cylinder-Testing-1868-18x10.png 18w, https:\/\/files.gntfile.com\/data-uploads\/453\/2024\/11\/Cylinder-Testing-1868-600x348.png 600w\" sizes=\"(max-width: 696px) 100vw, 696px\" \/>\t\t\t\t\t\t\t\t\t\t\t\t\t<\/div>\n\t\t\t\t<\/div>\n\t\t\t\t<div class=\"elementor-element elementor-element-b716444 elementor-widget elementor-widget-image\" data-id=\"b716444\" data-element_type=\"widget\" data-widget_type=\"image.default\">\n\t\t\t\t<div class=\"elementor-widget-container\">\n\t\t\t\t\t\t\t\t\t\t\t\t\t<img decoding=\"async\" width=\"696\" height=\"404\" src=\"https:\/\/files.gntfile.com\/data-uploads\/453\/2024\/11\/Cylinder-Testing-1869.png\" class=\"attachment-large size-large wp-image-1147\" alt=\"testowanie cylindra 1869\" srcset=\"https:\/\/files.gntfile.com\/data-uploads\/453\/2024\/11\/Cylinder-Testing-1869.png 696w, https:\/\/files.gntfile.com\/data-uploads\/453\/2024\/11\/Cylinder-Testing-1869-18x10.png 18w, https:\/\/files.gntfile.com\/data-uploads\/453\/2024\/11\/Cylinder-Testing-1869-600x348.png 600w\" sizes=\"(max-width: 696px) 100vw, 696px\" \/>\t\t\t\t\t\t\t\t\t\t\t\t\t<\/div>\n\t\t\t\t<\/div>\n\t\t\t\t<div class=\"elementor-element elementor-element-02b273f elementor-widget elementor-widget-icon-box\" data-id=\"02b273f\" data-element_type=\"widget\" data-widget_type=\"icon-box.default\">\n\t\t\t\t<div class=\"elementor-widget-container\">\n\t\t\t\t\t<div class=\"elementor-icon-box-wrapper\">\n\n\t\t\t\n\t\t\t\t\t\t<div class=\"elementor-icon-box-content\">\n\n\t\t\t\t\t\t\t\t\t<h3 class=\"elementor-icon-box-title\">\n\t\t\t\t\t\t<span  >\n\t\t\t\t\t\t\tNawigacja po precyzji w produkcji\t\t\t\t\t\t<\/span>\n\t\t\t\t\t<\/h3>\n\t\t\t\t\n\t\t\t\t\t\t\t\t\t<p class=\"elementor-icon-box-description\">\n\t\t\t\t\t\tTutaj pomys\u0142owo\u015b\u0107 \u0142\u0105czy si\u0119 z precyzj\u0105: dysponujemy dwiema najnowocze\u015bniejszymi liniami testowymi do testowania zewn\u0119trznych butli gazowych bez szwu oraz wyj\u0105tkow\u0105 lini\u0105 do obr\u00f3bki wewn\u0119trznej, przeznaczon\u0105 do butli gazowych specjalistycznych.\t\t\t\t\t<\/p>\n\t\t\t\t\n\t\t\t<\/div>\n\t\t\t\n\t\t<\/div>\n\t\t\t\t<\/div>\n\t\t\t\t<\/div>\n\t\t\t\t<div class=\"elementor-element elementor-element-3e53631 elementor-widget elementor-widget-icon-box\" data-id=\"3e53631\" data-element_type=\"widget\" data-widget_type=\"icon-box.default\">\n\t\t\t\t<div class=\"elementor-widget-container\">\n\t\t\t\t\t<div class=\"elementor-icon-box-wrapper\">\n\n\t\t\t\n\t\t\t\t\t\t<div class=\"elementor-icon-box-content\">\n\n\t\t\t\t\t\t\t\t\t<h3 class=\"elementor-icon-box-title\">\n\t\t\t\t\t\t<span  >\n\t\t\t\t\t\t\tModernizacja dzi\u0119ki rewolucji ultrad\u017awi\u0119kowej\t\t\t\t\t\t<\/span>\n\t\t\t\t\t<\/h3>\n\t\t\t\t\n\t\t\t\t\t\t\t\t\t<p class=\"elementor-icon-box-description\">\n\t\t\t\t\t\tOd momentu powstania 1 lutego 2016 r. firma Chongqing Tonghui Cylinder Testing Co., Ltd. sta\u0142a si\u0119 wzorem doskona\u0142o\u015bci w dziedzinie integralno\u015bci butli. Jako cz\u0119\u015b\u0107 Tonghui Gas specjalizuje si\u0119 w skrupulatnej okresowej kontroli bezszwowych stalowych butli gazowych i niestandardowej obr\u00f3bce wewn\u0119trznej specjalistycznych butli gazowych.\t\t\t\t\t<\/p>\n\t\t\t\t\n\t\t\t<\/div>\n\t\t\t\n\t\t<\/div>\n\t\t\t\t<\/div>\n\t\t\t\t<\/div>\n\t\t\t\t<div class=\"elementor-element elementor-element-d06011d elementor-widget elementor-widget-image\" data-id=\"d06011d\" data-element_type=\"widget\" data-widget_type=\"image.default\">\n\t\t\t\t<div class=\"elementor-widget-container\">\n\t\t\t\t\t\t\t\t\t\t\t\t\t<img decoding=\"async\" width=\"696\" height=\"404\" src=\"https:\/\/files.gntfile.com\/data-uploads\/453\/2024\/11\/Cylinder-Testing-1870.png\" class=\"attachment-large size-large wp-image-1148\" alt=\"testowanie cylindra 1870\" srcset=\"https:\/\/files.gntfile.com\/data-uploads\/453\/2024\/11\/Cylinder-Testing-1870.png 696w, https:\/\/files.gntfile.com\/data-uploads\/453\/2024\/11\/Cylinder-Testing-1870-18x10.png 18w, https:\/\/files.gntfile.com\/data-uploads\/453\/2024\/11\/Cylinder-Testing-1870-600x348.png 600w\" sizes=\"(max-width: 696px) 100vw, 696px\" \/>\t\t\t\t\t\t\t\t\t\t\t\t\t<\/div>\n\t\t\t\t<\/div>\n\t\t\t\t<div class=\"elementor-element elementor-element-f5822e3 elementor-widget elementor-widget-image\" data-id=\"f5822e3\" data-element_type=\"widget\" data-widget_type=\"image.default\">\n\t\t\t\t<div class=\"elementor-widget-container\">\n\t\t\t\t\t\t\t\t\t\t\t\t\t<img loading=\"lazy\" decoding=\"async\" width=\"696\" height=\"404\" src=\"https:\/\/files.gntfile.com\/data-uploads\/453\/2024\/11\/Cylinder-Testing-1871.png\" class=\"attachment-large size-large wp-image-1149\" alt=\"testowanie cylindra 1871\" srcset=\"https:\/\/files.gntfile.com\/data-uploads\/453\/2024\/11\/Cylinder-Testing-1871.png 696w, https:\/\/files.gntfile.com\/data-uploads\/453\/2024\/11\/Cylinder-Testing-1871-18x10.png 18w, https:\/\/files.gntfile.com\/data-uploads\/453\/2024\/11\/Cylinder-Testing-1871-600x348.png 600w\" sizes=\"(max-width: 696px) 100vw, 696px\" \/>\t\t\t\t\t\t\t\t\t\t\t\t\t<\/div>\n\t\t\t\t<\/div>\n\t\t\t\t<div class=\"elementor-element elementor-element-5e2e54f elementor-widget elementor-widget-icon-box\" data-id=\"5e2e54f\" data-element_type=\"widget\" data-widget_type=\"icon-box.default\">\n\t\t\t\t<div class=\"elementor-widget-container\">\n\t\t\t\t\t<div class=\"elementor-icon-box-wrapper\">\n\n\t\t\t\n\t\t\t\t\t\t<div class=\"elementor-icon-box-content\">\n\n\t\t\t\t\t\t\t\t\t<h3 class=\"elementor-icon-box-title\">\n\t\t\t\t\t\t<span  >\n\t\t\t\t\t\t\tBezpiecze\u0144stwo i wydajno\u015b\u0107\t\t\t\t\t\t<\/span>\n\t\t\t\t\t<\/h3>\n\t\t\t\t\n\t\t\t\t\t\t\t\t\t<p class=\"elementor-icon-box-description\">\n\t\t\t\t\t\tNasze podej\u015bcie obejmuje testy widmowe, zag\u0142\u0119bianie si\u0119 w zapewnienie jako\u015bci, walidacj\u0119 szczelno\u015bci, oceny wytrzyma\u0142o\u015bci i rygorystyczne badania odporno\u015bci na ci\u015bnienie. Testowanie cylindr\u00f3w nie polega tylko na testowaniu cylindr\u00f3w, my badamy, weryfikujemy i podnosimy ich wydajno\u015b\u0107, zapewniaj\u0105c, \u017ce ka\u017cdy cylinder jest \u015bwiadectwem bezpiecze\u0144stwa i niezawodno\u015bci.\t\t\t\t\t<\/p>\n\t\t\t\t\n\t\t\t<\/div>\n\t\t\t\n\t\t<\/div>\n\t\t\t\t<\/div>\n\t\t\t\t<\/div>\n\t\t\t\t\t<\/div>\n\t\t\t\t<\/div>\n\t\t\t\t<\/div>","protected":false},"excerpt":{"rendered":"<p>Pionierska doskona\u0142o\u015b\u0107 w integralno\u015bci cylindr\u00f3w Zobowi\u0105zanie do jako\u015bci Od momentu powstania 1 lutego 2016 r. firma Chongqing Tonghui Cylinder Testing Co., Ltd. sta\u0142a si\u0119 wzorem doskona\u0142o\u015bci w dziedzinie integralno\u015bci cylindr\u00f3w. Jako cz\u0119\u015b\u0107 Tonghui Gas specjalizuje si\u0119 w skrupulatnej okresowej kontroli bezszwowych stalowych cylindr\u00f3w gazowych i dostosowanych do potrzeb [\u2026]<\/p>","protected":false},"author":2,"featured_media":0,"parent":0,"menu_order":0,"comment_status":"closed","ping_status":"closed","template":"elementor_header_footer","meta":{"_acf_changed":false,"_seopress_robots_primary_cat":"","footnotes":""},"class_list":["post-1131","page","type-page","status-publish"],"acf":[],"_links":{"self":[{"href":"https:\/\/www.gastonghui.com\/pl\/wp-json\/wp\/v2\/pages\/1131","targetHints":{"allow":["GET"]}}],"collection":[{"href":"https:\/\/www.gastonghui.com\/pl\/wp-json\/wp\/v2\/pages"}],"about":[{"href":"https:\/\/www.gastonghui.com\/pl\/wp-json\/wp\/v2\/types\/page"}],"author":[{"embeddable":true,"href":"https:\/\/www.gastonghui.com\/pl\/wp-json\/wp\/v2\/users\/2"}],"replies":[{"embeddable":true,"href":"https:\/\/www.gastonghui.com\/pl\/wp-json\/wp\/v2\/comments?post=1131"}],"version-history":[{"count":22,"href":"https:\/\/www.gastonghui.com\/pl\/wp-json\/wp\/v2\/pages\/1131\/revisions"}],"predecessor-version":[{"id":3047,"href":"https:\/\/www.gastonghui.com\/pl\/wp-json\/wp\/v2\/pages\/1131\/revisions\/3047"}],"wp:attachment":[{"href":"https:\/\/www.gastonghui.com\/pl\/wp-json\/wp\/v2\/media?parent=1131"}],"curies":[{"name":"wp","href":"https:\/\/api.w.org\/{rel}","templated":true}]}}