
{"id":2023,"date":"2024-12-20T11:21:41","date_gmt":"2024-12-20T03:21:41","guid":{"rendered":"https:\/\/www.gastonghui.com\/?post_type=product&#038;p=2023"},"modified":"2025-01-10T10:13:10","modified_gmt":"2025-01-10T02:13:10","slug":"nitrogen-trifluoride","status":"publish","type":"product","link":"https:\/\/www.gastonghui.com\/fr\/produit\/nitrogen-trifluoride\/","title":{"rendered":"Trifluorure d&#039;azote"},"content":{"rendered":"<div data-elementor-type=\"product-post\" data-elementor-id=\"2023\" class=\"elementor elementor-2023\" data-elementor-post-type=\"product\">\n\t\t\t\t<div class=\"elementor-element elementor-element-2ee7699 e-flex e-con-boxed e-con e-parent\" data-id=\"2ee7699\" data-element_type=\"container\">\n\t\t\t\t\t<div class=\"e-con-inner\">\n\t\t\t\t<div class=\"elementor-element elementor-element-78079c8 elementor-widget elementor-widget-heading\" data-id=\"78079c8\" data-element_type=\"widget\" data-widget_type=\"heading.default\">\n\t\t\t\t<div class=\"elementor-widget-container\">\n\t\t\t<style>\/*! elementor - v3.21.0 - 18-04-2024 *\/\n.elementor-heading-title{padding:0;margin:0;line-height:1}.elementor-widget-heading .elementor-heading-title[class*=elementor-size-]>a{color:inherit;font-size:inherit;line-height:inherit}.elementor-widget-heading .elementor-heading-title.elementor-size-small{font-size:15px}.elementor-widget-heading .elementor-heading-title.elementor-size-medium{font-size:19px}.elementor-widget-heading .elementor-heading-title.elementor-size-large{font-size:29px}.elementor-widget-heading .elementor-heading-title.elementor-size-xl{font-size:39px}.elementor-widget-heading .elementor-heading-title.elementor-size-xxl{font-size:59px}<\/style><h3 class=\"elementor-heading-title elementor-size-default\">Param\u00e8tres physiques <\/h3>\t\t<\/div>\n\t\t\t\t<\/div>\n\t\t\t\t<div class=\"elementor-element elementor-element-572ff20 elementor-widget elementor-widget-text-editor\" data-id=\"572ff20\" data-element_type=\"widget\" data-widget_type=\"text-editor.default\">\n\t\t\t\t<div class=\"elementor-widget-container\">\n\t\t\t<style>\/*! elementor - v3.21.0 - 18-04-2024 *\/\n.elementor-widget-text-editor.elementor-drop-cap-view-stacked .elementor-drop-cap{background-color:#69727d;color:#fff}.elementor-widget-text-editor.elementor-drop-cap-view-framed .elementor-drop-cap{color:#69727d;border:3px solid;background-color:transparent}.elementor-widget-text-editor:not(.elementor-drop-cap-view-default) .elementor-drop-cap{margin-top:8px}.elementor-widget-text-editor:not(.elementor-drop-cap-view-default) .elementor-drop-cap-letter{width:1em;height:1em}.elementor-widget-text-editor .elementor-drop-cap{float:left;text-align:center;line-height:1;font-size:50px}.elementor-widget-text-editor .elementor-drop-cap-letter{display:inline-block}<\/style>\t\t\t\t<table style=\"height: 260px;width: 100%;background-color: #ebfdff\">\n<tbody>\n<tr style=\"height: 92px\">\n<td style=\"height: 184px\" rowspan=\"2\" width=\"138\"><strong><b>Nom chimique<\/b><\/strong><\/td>\n<td style=\"height: 184px\" rowspan=\"2\" width=\"165\"><strong><b>Propri\u00e9t\u00e9<\/b><\/strong><\/td>\n<td style=\"height: 184px\" rowspan=\"2\" width=\"79\"><strong><b>Puret\u00e9<\/b><\/strong><\/td>\n<td style=\"height: 92px\" colspan=\"4\" width=\"463\"><strong><b>Param\u00e8tres du package d&#039;approvisionnement<\/b><\/strong><\/p>\n<p><strong><b>(Moins de 21,1 \u2103)<\/b><\/strong><\/td>\n<\/tr>\n<tr style=\"height: 92px\">\n<td style=\"height: 92px\" width=\"118\"><strong><b>Soupape<\/b><\/strong><\/td>\n<td style=\"height: 92px\" width=\"126\"><strong><b>Capacit\u00e9<\/b><\/strong><strong><b><br \/>\n<\/b><\/strong><strong><b>(L)<\/b><\/strong><\/td>\n<td style=\"height: 92px\" width=\"111\"><strong><b>Pression<\/b><\/strong><\/p>\n<p><strong><b>(psig)<\/b><\/strong><\/td>\n<td style=\"height: 92px\" width=\"107\"><strong><b>Gaz<\/b><\/strong><strong><b><br \/>\n<\/b><\/strong><strong><b>Volume<\/b><\/strong><\/td>\n<\/tr>\n<tr style=\"height: 76px\">\n<td style=\"height: 76px\" width=\"138\">Trifluorure d&#039;azote<\/td>\n<td style=\"height: 76px\" width=\"165\">gaz incolore et inodore<\/td>\n<td style=\"height: 76px\" width=\"79\">99.995%<\/td>\n<td style=\"height: 76px\" width=\"118\">CGA330\/DISS-640<\/td>\n<td style=\"height: 76px\" width=\"126\">44<\/td>\n<td style=\"height: 76px\" width=\"111\">1450<\/td>\n<td style=\"height: 76px\" width=\"107\">18 kg<\/td>\n<\/tr>\n<\/tbody>\n<\/table>\n\t\t\t\t\t\t<\/div>\n\t\t\t\t<\/div>\n\t\t\t\t\t<\/div>\n\t\t\t\t<\/div>\n\t\t<div class=\"elementor-element elementor-element-508f8c1 e-flex e-con-boxed e-con e-parent\" data-id=\"508f8c1\" data-element_type=\"container\" data-settings=\"{&quot;background_background&quot;:&quot;classic&quot;}\">\n\t\t\t\t\t<div class=\"e-con-inner\">\n\t\t\t\t<div class=\"elementor-element elementor-element-9dfabfa elementor-widget elementor-widget-heading\" data-id=\"9dfabfa\" data-element_type=\"widget\" data-widget_type=\"heading.default\">\n\t\t\t\t<div class=\"elementor-widget-container\">\n\t\t\t<h3 class=\"elementor-heading-title elementor-size-default\">Applications<\/h3>\t\t<\/div>\n\t\t\t\t<\/div>\n\t\t\t\t<div class=\"elementor-element elementor-element-38f3a5e elementor-pagination-type-bullets elementor-arrows-position-inside elementor-pagination-position-outside elementor-widget elementor-widget-n-carousel\" data-id=\"38f3a5e\" data-element_type=\"widget\" data-settings=\"{&quot;carousel_items&quot;:[{&quot;slide_title&quot;:&quot;Slide #1&quot;,&quot;_id&quot;:&quot;35daf4d&quot;},{&quot;slide_title&quot;:&quot;Slide #2&quot;,&quot;_id&quot;:&quot;f4a98fa&quot;},{&quot;slide_title&quot;:&quot;Slide #2&quot;,&quot;_id&quot;:&quot;6151cde&quot;},{&quot;slide_title&quot;:&quot;Slide #2&quot;,&quot;_id&quot;:&quot;af4ec2f&quot;}],&quot;image_spacing_custom&quot;:{&quot;unit&quot;:&quot;px&quot;,&quot;size&quot;:30,&quot;sizes&quot;:[]},&quot;slides_to_show_tablet&quot;:&quot;2&quot;,&quot;slides_to_show_mobile&quot;:&quot;1&quot;,&quot;autoplay&quot;:&quot;yes&quot;,&quot;autoplay_speed&quot;:5000,&quot;pause_on_hover&quot;:&quot;yes&quot;,&quot;pause_on_interaction&quot;:&quot;yes&quot;,&quot;infinite&quot;:&quot;yes&quot;,&quot;speed&quot;:500,&quot;offset_sides&quot;:&quot;none&quot;,&quot;arrows&quot;:&quot;yes&quot;,&quot;pagination&quot;:&quot;bullets&quot;,&quot;image_spacing_custom_tablet&quot;:{&quot;unit&quot;:&quot;px&quot;,&quot;size&quot;:&quot;&quot;,&quot;sizes&quot;:[]},&quot;image_spacing_custom_mobile&quot;:{&quot;unit&quot;:&quot;px&quot;,&quot;size&quot;:&quot;&quot;,&quot;sizes&quot;:[]}}\" data-widget_type=\"nested-carousel.default\">\n\t\t\t\t<div class=\"elementor-widget-container\">\n\t\t\t<link rel=\"stylesheet\" href=\"https:\/\/www.gastonghui.com\/wp-content\/plugins\/elementor-pro\/assets\/css\/widget-nested-carousel.min.css\">\t\t<div class=\"e-n-carousel swiper\" dir=\"ltr\">\n\t\t\t<div class=\"swiper-wrapper\" aria-live=\"off\">\n\t\t\t\t\t\t\t\t\t\t<div class=\"swiper-slide\" data-slide=\"1\" role=\"group\" aria-roledescription=\"slide\" aria-label=\"1 sur 4\">\n\t\t\t\t\t\t\t<div class=\"elementor-element elementor-element-cdeb40d e-flex e-con-boxed e-con e-child\" data-id=\"cdeb40d\" data-element_type=\"container\" data-settings=\"{&quot;background_background&quot;:&quot;classic&quot;}\">\n\t\t\t\t\t<div class=\"e-con-inner\">\n\t\t\t\t<div class=\"elementor-element elementor-element-ef6f2e3 elementor-position-top elementor-widget elementor-widget-image-box\" data-id=\"ef6f2e3\" data-element_type=\"widget\" data-widget_type=\"image-box.default\">\n\t\t\t\t<div class=\"elementor-widget-container\">\n\t\t\t<style>\/*! elementor - v3.21.0 - 18-04-2024 *\/\n.elementor-widget-image-box .elementor-image-box-content{width:100%}@media (min-width:768px){.elementor-widget-image-box.elementor-position-left .elementor-image-box-wrapper,.elementor-widget-image-box.elementor-position-right .elementor-image-box-wrapper{display:flex}.elementor-widget-image-box.elementor-position-right .elementor-image-box-wrapper{text-align:end;flex-direction:row-reverse}.elementor-widget-image-box.elementor-position-left .elementor-image-box-wrapper{text-align:start;flex-direction:row}.elementor-widget-image-box.elementor-position-top .elementor-image-box-img{margin:auto}.elementor-widget-image-box.elementor-vertical-align-top .elementor-image-box-wrapper{align-items:flex-start}.elementor-widget-image-box.elementor-vertical-align-middle .elementor-image-box-wrapper{align-items:center}.elementor-widget-image-box.elementor-vertical-align-bottom .elementor-image-box-wrapper{align-items:flex-end}}@media (max-width:767px){.elementor-widget-image-box .elementor-image-box-img{margin-left:auto!important;margin-right:auto!important;margin-bottom:15px}}.elementor-widget-image-box .elementor-image-box-img{display:inline-block}.elementor-widget-image-box .elementor-image-box-title a{color:inherit}.elementor-widget-image-box .elementor-image-box-wrapper{text-align:center}.elementor-widget-image-box .elementor-image-box-description{margin:0}<\/style><div class=\"elementor-image-box-wrapper\"><figure class=\"elementor-image-box-img\"><img fetchpriority=\"high\" decoding=\"async\" width=\"1707\" height=\"2560\" src=\"https:\/\/files.gntfile.com\/data-uploads\/453\/2024\/12\/\u7528\u90144-1-scaled.jpg\" class=\"attachment-full size-full wp-image-2028\" alt=\"trifluorure d&#039;azote\" srcset=\"https:\/\/files.gntfile.com\/data-uploads\/453\/2024\/12\/\u7528\u90144-1-scaled.jpg 1707w, https:\/\/files.gntfile.com\/data-uploads\/453\/2024\/12\/\u7528\u90144-1-768x1152.jpg 768w, https:\/\/files.gntfile.com\/data-uploads\/453\/2024\/12\/\u7528\u90144-1-1024x1536.jpg 1024w, https:\/\/files.gntfile.com\/data-uploads\/453\/2024\/12\/\u7528\u90144-1-1365x2048.jpg 1365w, https:\/\/files.gntfile.com\/data-uploads\/453\/2024\/12\/\u7528\u90144-1-8x12.jpg 8w, https:\/\/files.gntfile.com\/data-uploads\/453\/2024\/12\/\u7528\u90144-1-600x900.jpg 600w\" sizes=\"(max-width: 1707px) 100vw, 1707px\" \/><\/figure><div class=\"elementor-image-box-content\"><div class=\"elementor-image-box-title\">Industrie des semi-conducteurs<\/div><p class=\"elementor-image-box-description\">Utilis\u00e9 comme gaz de nettoyage dans la fabrication de semi-conducteurs et d&#039;\u00e9crans plats. Indispensable pour le nettoyage des chambres de d\u00e9p\u00f4t chimique en phase vapeur (CVD).<\/p><\/div><\/div>\t\t<\/div>\n\t\t\t\t<\/div>\n\t\t\t\t\t<\/div>\n\t\t\t\t<\/div>\n\t\t\t\t\t\t\t\t<\/div>\n\t\t\t\t\t\t\t\t\t\t\t<div class=\"swiper-slide\" data-slide=\"2\" role=\"group\" aria-roledescription=\"slide\" aria-label=\"2 sur 4\">\n\t\t\t\t\t\t\t<div class=\"elementor-element elementor-element-45ebc4c e-flex e-con-boxed e-con e-child\" data-id=\"45ebc4c\" data-element_type=\"container\" data-settings=\"{&quot;background_background&quot;:&quot;classic&quot;}\">\n\t\t\t\t\t<div class=\"e-con-inner\">\n\t\t\t\t<div class=\"elementor-element elementor-element-61c4279 elementor-position-top elementor-widget elementor-widget-image-box\" data-id=\"61c4279\" data-element_type=\"widget\" data-widget_type=\"image-box.default\">\n\t\t\t\t<div class=\"elementor-widget-container\">\n\t\t\t<div class=\"elementor-image-box-wrapper\"><figure class=\"elementor-image-box-img\"><img decoding=\"async\" width=\"2560\" height=\"1920\" src=\"https:\/\/files.gntfile.com\/data-uploads\/453\/2024\/12\/\u7528\u90142-14-scaled.jpg\" class=\"attachment-full size-full wp-image-2026\" alt=\"trifluorure d&#039;azote\" srcset=\"https:\/\/files.gntfile.com\/data-uploads\/453\/2024\/12\/\u7528\u90142-14-scaled.jpg 2560w, https:\/\/files.gntfile.com\/data-uploads\/453\/2024\/12\/\u7528\u90142-14-768x576.jpg 768w, https:\/\/files.gntfile.com\/data-uploads\/453\/2024\/12\/\u7528\u90142-14-1536x1152.jpg 1536w, https:\/\/files.gntfile.com\/data-uploads\/453\/2024\/12\/\u7528\u90142-14-2048x1536.jpg 2048w, https:\/\/files.gntfile.com\/data-uploads\/453\/2024\/12\/\u7528\u90142-14-16x12.jpg 16w, https:\/\/files.gntfile.com\/data-uploads\/453\/2024\/12\/\u7528\u90142-14-600x450.jpg 600w\" sizes=\"(max-width: 2560px) 100vw, 2560px\" \/><\/figure><div class=\"elementor-image-box-content\"><div class=\"elementor-image-box-title\">Industrie photovolta\u00efque<\/div><p class=\"elementor-image-box-description\">Appliqu\u00e9 dans la production de panneaux solaires pour les processus de nettoyage<\/p><\/div><\/div>\t\t<\/div>\n\t\t\t\t<\/div>\n\t\t\t\t\t<\/div>\n\t\t\t\t<\/div>\n\t\t\t\t\t\t\t\t<\/div>\n\t\t\t\t\t\t\t\t\t\t\t<div class=\"swiper-slide\" data-slide=\"3\" role=\"group\" aria-roledescription=\"slide\" aria-label=\"3 sur 4\">\n\t\t\t\t\t\t\t<div class=\"elementor-element elementor-element-517a380 e-flex e-con-boxed e-con e-child\" data-id=\"517a380\" data-element_type=\"container\" data-settings=\"{&quot;background_background&quot;:&quot;classic&quot;}\">\n\t\t\t\t\t<div class=\"e-con-inner\">\n\t\t\t\t<div class=\"elementor-element elementor-element-800685c elementor-position-top elementor-widget elementor-widget-image-box\" data-id=\"800685c\" data-element_type=\"widget\" data-widget_type=\"image-box.default\">\n\t\t\t\t<div class=\"elementor-widget-container\">\n\t\t\t<div class=\"elementor-image-box-wrapper\"><figure class=\"elementor-image-box-img\"><img decoding=\"async\" width=\"2560\" height=\"1705\" src=\"https:\/\/files.gntfile.com\/data-uploads\/453\/2024\/12\/\u7528\u90143-10-scaled.jpg\" class=\"attachment-full size-full wp-image-2027\" alt=\"trifluorure d&#039;azote\" srcset=\"https:\/\/files.gntfile.com\/data-uploads\/453\/2024\/12\/\u7528\u90143-10-scaled.jpg 2560w, https:\/\/files.gntfile.com\/data-uploads\/453\/2024\/12\/\u7528\u90143-10-768x512.jpg 768w, https:\/\/files.gntfile.com\/data-uploads\/453\/2024\/12\/\u7528\u90143-10-1536x1023.jpg 1536w, https:\/\/files.gntfile.com\/data-uploads\/453\/2024\/12\/\u7528\u90143-10-2048x1364.jpg 2048w, https:\/\/files.gntfile.com\/data-uploads\/453\/2024\/12\/\u7528\u90143-10-18x12.jpg 18w, https:\/\/files.gntfile.com\/data-uploads\/453\/2024\/12\/\u7528\u90143-10-600x400.jpg 600w\" sizes=\"(max-width: 2560px) 100vw, 2560px\" \/><\/figure><div class=\"elementor-image-box-content\"><div class=\"elementor-image-box-title\">Industrie chimique<\/div><p class=\"elementor-image-box-description\">Pr\u00e9curseur de compos\u00e9s contenant du fluor<\/p><\/div><\/div>\t\t<\/div>\n\t\t\t\t<\/div>\n\t\t\t\t\t<\/div>\n\t\t\t\t<\/div>\n\t\t\t\t\t\t\t\t<\/div>\n\t\t\t\t\t\t\t\t\t\t\t<div class=\"swiper-slide\" data-slide=\"4\" role=\"group\" aria-roledescription=\"slide\" aria-label=\"4 sur 4\">\n\t\t\t\t\t\t\t<div class=\"elementor-element elementor-element-98fe5e2 e-flex e-con-boxed e-con e-child\" data-id=\"98fe5e2\" data-element_type=\"container\" data-settings=\"{&quot;background_background&quot;:&quot;classic&quot;}\">\n\t\t\t\t\t<div class=\"e-con-inner\">\n\t\t\t\t<div class=\"elementor-element elementor-element-74087f9 elementor-position-top elementor-widget elementor-widget-image-box\" data-id=\"74087f9\" data-element_type=\"widget\" data-widget_type=\"image-box.default\">\n\t\t\t\t<div class=\"elementor-widget-container\">\n\t\t\t<div class=\"elementor-image-box-wrapper\"><figure class=\"elementor-image-box-img\"><img loading=\"lazy\" decoding=\"async\" width=\"2560\" height=\"1922\" src=\"https:\/\/files.gntfile.com\/data-uploads\/453\/2024\/12\/\u7528\u90141-11-scaled.jpg\" class=\"attachment-full size-full wp-image-2025\" alt=\"trifluorure d&#039;azote\" srcset=\"https:\/\/files.gntfile.com\/data-uploads\/453\/2024\/12\/\u7528\u90141-11-scaled.jpg 2560w, https:\/\/files.gntfile.com\/data-uploads\/453\/2024\/12\/\u7528\u90141-11-768x577.jpg 768w, https:\/\/files.gntfile.com\/data-uploads\/453\/2024\/12\/\u7528\u90141-11-1536x1153.jpg 1536w, https:\/\/files.gntfile.com\/data-uploads\/453\/2024\/12\/\u7528\u90141-11-2048x1538.jpg 2048w, https:\/\/files.gntfile.com\/data-uploads\/453\/2024\/12\/\u7528\u90141-11-16x12.jpg 16w, https:\/\/files.gntfile.com\/data-uploads\/453\/2024\/12\/\u7528\u90141-11-600x451.jpg 600w\" sizes=\"(max-width: 2560px) 100vw, 2560px\" \/><\/figure><div class=\"elementor-image-box-content\"><div class=\"elementor-image-box-title\">Gravure au plasma<\/div><p class=\"elementor-image-box-description\">Fournit une source de fluor r\u00e9actif dans la gravure au plasma pour la micro\u00e9lectronique.<\/p><\/div><\/div>\t\t<\/div>\n\t\t\t\t<\/div>\n\t\t\t\t\t<\/div>\n\t\t\t\t<\/div>\n\t\t\t\t\t\t\t\t<\/div>\n\t\t\t\t\t\t\t\t<\/div>\n\t\t<\/div>\n\t\t\t\t\t<div class=\"elementor-swiper-button elementor-swiper-button-prev\" role=\"button\" tabindex=\"0\">\n\t\t\t\t<svg aria-hidden=\"true\" class=\"e-font-icon-svg e-eicon-chevron-left\" viewbox=\"0 0 1000 1000\" xmlns=\"http:\/\/www.w3.org\/2000\/svg\"><path d=\"M646 125C629 125 613 133 604 142L308 442C296 454 292 471 292 487 292 504 296 521 308 533L604 854C617 867 629 875 646 875 663 875 679 871 692 858 704 846 713 829 713 812 713 796 708 779 692 767L438 487 692 225C700 217 708 204 708 187 708 171 704 154 692 142 675 129 663 125 646 125Z\"><\/path><\/svg>\t\t\t<\/div>\n\t\t\t<div class=\"elementor-swiper-button elementor-swiper-button-next\" role=\"button\" tabindex=\"0\">\n\t\t\t\t<svg aria-hidden=\"true\" class=\"e-font-icon-svg e-eicon-chevron-right\" viewbox=\"0 0 1000 1000\" xmlns=\"http:\/\/www.w3.org\/2000\/svg\"><path d=\"M696 533C708 521 713 504 713 487 713 471 708 454 696 446L400 146C388 133 375 125 354 125 338 125 325 129 313 142 300 154 292 171 292 187 292 204 296 221 308 233L563 492 304 771C292 783 288 800 288 817 288 833 296 850 308 863 321 871 338 875 354 875 371 875 388 867 400 854L696 533Z\"><\/path><\/svg>\t\t\t<\/div>\n\t\t\t\t\t<div class=\"swiper-pagination\"><\/div>\n\t\t\t\t<\/div>\n\t\t\t\t<\/div>\n\t\t\t\t\t<\/div>\n\t\t\t\t<\/div>\n\t\t\t\t<\/div>","protected":false},"excerpt":{"rendered":"<p>Le NF3 est plus efficace et plus respectueux de l&#039;environnement que les gaz traditionnels comme l&#039;hexafluorure de soufre (SF6). Il peut se d\u00e9composer en azote et en fluor, r\u00e9duisant ainsi les risques de gaz \u00e0 effet de serre par rapport aux autres gaz.<\/p>","protected":false},"featured_media":2024,"template":"","meta":{"_acf_changed":false,"_seopress_robots_primary_cat":"none"},"product_brand":[],"product_cat":[41],"product_tag":[],"class_list":{"0":"post-2023","1":"product","2":"type-product","3":"status-publish","4":"has-post-thumbnail","6":"product_cat-specialty-gases","8":"first","9":"instock","10":"shipping-taxable","11":"product-type-simple"},"acf":[],"_links":{"self":[{"href":"https:\/\/www.gastonghui.com\/fr\/wp-json\/wp\/v2\/product\/2023","targetHints":{"allow":["GET"]}}],"collection":[{"href":"https:\/\/www.gastonghui.com\/fr\/wp-json\/wp\/v2\/product"}],"about":[{"href":"https:\/\/www.gastonghui.com\/fr\/wp-json\/wp\/v2\/types\/product"}],"version-history":[{"count":26,"href":"https:\/\/www.gastonghui.com\/fr\/wp-json\/wp\/v2\/product\/2023\/revisions"}],"predecessor-version":[{"id":2933,"href":"https:\/\/www.gastonghui.com\/fr\/wp-json\/wp\/v2\/product\/2023\/revisions\/2933"}],"wp:featuredmedia":[{"embeddable":true,"href":"https:\/\/www.gastonghui.com\/fr\/wp-json\/wp\/v2\/media\/2024"}],"wp:attachment":[{"href":"https:\/\/www.gastonghui.com\/fr\/wp-json\/wp\/v2\/media?parent=2023"}],"wp:term":[{"taxonomy":"product_brand","embeddable":true,"href":"https:\/\/www.gastonghui.com\/fr\/wp-json\/wp\/v2\/product_brand?post=2023"},{"taxonomy":"product_cat","embeddable":true,"href":"https:\/\/www.gastonghui.com\/fr\/wp-json\/wp\/v2\/product_cat?post=2023"},{"taxonomy":"product_tag","embeddable":true,"href":"https:\/\/www.gastonghui.com\/fr\/wp-json\/wp\/v2\/product_tag?post=2023"}],"curies":[{"name":"wp","href":"https:\/\/api.w.org\/{rel}","templated":true}]}}