
{"id":2008,"date":"2024-12-20T11:13:49","date_gmt":"2024-12-20T03:13:49","guid":{"rendered":"https:\/\/www.gastonghui.com\/?post_type=product&#038;p=2008"},"modified":"2025-01-10T10:45:58","modified_gmt":"2025-01-10T02:45:58","slug":"hydrochloric-acid","status":"publish","type":"product","link":"https:\/\/www.gastonghui.com\/fr\/produit\/hydrochloric-acid\/","title":{"rendered":"Acide chlorhydrique"},"content":{"rendered":"<div data-elementor-type=\"product-post\" data-elementor-id=\"2008\" class=\"elementor elementor-2008\" data-elementor-post-type=\"product\">\n\t\t\t\t<div class=\"elementor-element elementor-element-2ee7699 e-flex e-con-boxed e-con e-parent\" data-id=\"2ee7699\" data-element_type=\"container\">\n\t\t\t\t\t<div class=\"e-con-inner\">\n\t\t\t\t<div class=\"elementor-element elementor-element-78079c8 elementor-widget elementor-widget-heading\" data-id=\"78079c8\" data-element_type=\"widget\" data-widget_type=\"heading.default\">\n\t\t\t\t<div class=\"elementor-widget-container\">\n\t\t\t<style>\/*! elementor - v3.21.0 - 18-04-2024 *\/\n.elementor-heading-title{padding:0;margin:0;line-height:1}.elementor-widget-heading .elementor-heading-title[class*=elementor-size-]>a{color:inherit;font-size:inherit;line-height:inherit}.elementor-widget-heading .elementor-heading-title.elementor-size-small{font-size:15px}.elementor-widget-heading .elementor-heading-title.elementor-size-medium{font-size:19px}.elementor-widget-heading .elementor-heading-title.elementor-size-large{font-size:29px}.elementor-widget-heading .elementor-heading-title.elementor-size-xl{font-size:39px}.elementor-widget-heading .elementor-heading-title.elementor-size-xxl{font-size:59px}<\/style><h3 class=\"elementor-heading-title elementor-size-default\">Param\u00e8tres physiques <\/h3>\t\t<\/div>\n\t\t\t\t<\/div>\n\t\t\t\t<div class=\"elementor-element elementor-element-572ff20 elementor-widget elementor-widget-text-editor\" data-id=\"572ff20\" data-element_type=\"widget\" data-widget_type=\"text-editor.default\">\n\t\t\t\t<div class=\"elementor-widget-container\">\n\t\t\t<style>\/*! elementor - v3.21.0 - 18-04-2024 *\/\n.elementor-widget-text-editor.elementor-drop-cap-view-stacked .elementor-drop-cap{background-color:#69727d;color:#fff}.elementor-widget-text-editor.elementor-drop-cap-view-framed .elementor-drop-cap{color:#69727d;border:3px solid;background-color:transparent}.elementor-widget-text-editor:not(.elementor-drop-cap-view-default) .elementor-drop-cap{margin-top:8px}.elementor-widget-text-editor:not(.elementor-drop-cap-view-default) .elementor-drop-cap-letter{width:1em;height:1em}.elementor-widget-text-editor .elementor-drop-cap{float:left;text-align:center;line-height:1;font-size:50px}.elementor-widget-text-editor .elementor-drop-cap-letter{display:inline-block}<\/style>\t\t\t\t<p>&nbsp;<\/p>\n<table style=\"width: 100%;background-color: #ebfdff\">\n<tbody>\n<tr>\n<td width=\"138\"><strong><b>Nom chimique<\/b><\/strong><\/td>\n<td width=\"165\"><strong><b>Propri\u00e9t\u00e9<\/b><\/strong><\/td>\n<td width=\"79\"><strong><b>Puret\u00e9<\/b><\/strong><\/td>\n<td colspan=\"4\" width=\"463\"><strong><b>Param\u00e8tres du package d&#039;approvisionnement<\/b><\/strong><\/p>\n<p><strong><b>(Moins de 21,1 \u2103)<\/b><\/strong><\/td>\n<\/tr>\n<tr>\n<td width=\"138\"><strong><b>\u00a0<\/b><\/strong><\/td>\n<td width=\"165\"><strong><b>\u00a0<\/b><\/strong><\/td>\n<td width=\"79\"><strong><b>\u00a0<\/b><\/strong><\/td>\n<td width=\"118\"><strong><b>Soupape<\/b><\/strong><\/td>\n<td width=\"126\"><strong><b>Capacit\u00e9<\/b><\/strong><strong><b><br \/>\n<\/b><\/strong><strong><b>(L)<\/b><\/strong><\/td>\n<td width=\"111\"><strong><b>Pression<\/b><\/strong><\/p>\n<p><strong><b>(psig)<\/b><\/strong><\/td>\n<td width=\"107\"><strong><b>Gaz<\/b><\/strong><strong><b><br \/>\n<\/b><\/strong><strong><b>Volume<\/b><\/strong><\/td>\n<\/tr>\n<tr>\n<td width=\"138\">Acide chlorhydrique<\/td>\n<td width=\"165\">Gaz incolore, toxique, corrosif, non combustible, \u00e0 odeur suffocante<\/td>\n<td width=\"79\">99.999%<\/td>\n<td width=\"118\">CGA330\/DISS-634<\/td>\n<td width=\"126\">44<\/td>\n<td width=\"111\">613<\/td>\n<td width=\"107\">27,2 kg<\/td>\n<\/tr>\n<\/tbody>\n<\/table>\n\t\t\t\t\t\t<\/div>\n\t\t\t\t<\/div>\n\t\t\t\t\t<\/div>\n\t\t\t\t<\/div>\n\t\t<div class=\"elementor-element elementor-element-508f8c1 e-flex e-con-boxed e-con e-parent\" data-id=\"508f8c1\" data-element_type=\"container\" data-settings=\"{&quot;background_background&quot;:&quot;classic&quot;}\">\n\t\t\t\t\t<div class=\"e-con-inner\">\n\t\t\t\t<div class=\"elementor-element elementor-element-9dfabfa elementor-widget elementor-widget-heading\" data-id=\"9dfabfa\" data-element_type=\"widget\" data-widget_type=\"heading.default\">\n\t\t\t\t<div class=\"elementor-widget-container\">\n\t\t\t<h3 class=\"elementor-heading-title elementor-size-default\">Applications<\/h3>\t\t<\/div>\n\t\t\t\t<\/div>\n\t\t\t\t<div class=\"elementor-element elementor-element-38f3a5e elementor-pagination-type-bullets elementor-arrows-position-inside elementor-pagination-position-outside elementor-widget elementor-widget-n-carousel\" data-id=\"38f3a5e\" data-element_type=\"widget\" data-settings=\"{&quot;carousel_items&quot;:[{&quot;slide_title&quot;:&quot;Slide #1&quot;,&quot;_id&quot;:&quot;35daf4d&quot;},{&quot;slide_title&quot;:&quot;Slide #1&quot;,&quot;_id&quot;:&quot;9261a07&quot;}],&quot;image_spacing_custom&quot;:{&quot;unit&quot;:&quot;px&quot;,&quot;size&quot;:30,&quot;sizes&quot;:[]},&quot;slides_to_show_tablet&quot;:&quot;2&quot;,&quot;slides_to_show_mobile&quot;:&quot;1&quot;,&quot;autoplay&quot;:&quot;yes&quot;,&quot;autoplay_speed&quot;:5000,&quot;pause_on_hover&quot;:&quot;yes&quot;,&quot;pause_on_interaction&quot;:&quot;yes&quot;,&quot;infinite&quot;:&quot;yes&quot;,&quot;speed&quot;:500,&quot;offset_sides&quot;:&quot;none&quot;,&quot;arrows&quot;:&quot;yes&quot;,&quot;pagination&quot;:&quot;bullets&quot;,&quot;image_spacing_custom_tablet&quot;:{&quot;unit&quot;:&quot;px&quot;,&quot;size&quot;:&quot;&quot;,&quot;sizes&quot;:[]},&quot;image_spacing_custom_mobile&quot;:{&quot;unit&quot;:&quot;px&quot;,&quot;size&quot;:&quot;&quot;,&quot;sizes&quot;:[]}}\" data-widget_type=\"nested-carousel.default\">\n\t\t\t\t<div class=\"elementor-widget-container\">\n\t\t\t<link rel=\"stylesheet\" href=\"https:\/\/www.gastonghui.com\/wp-content\/plugins\/elementor-pro\/assets\/css\/widget-nested-carousel.min.css\">\t\t<div class=\"e-n-carousel swiper\" dir=\"ltr\">\n\t\t\t<div class=\"swiper-wrapper\" aria-live=\"off\">\n\t\t\t\t\t\t\t\t\t\t<div class=\"swiper-slide\" data-slide=\"1\" role=\"group\" aria-roledescription=\"slide\" aria-label=\"1 sur 2\">\n\t\t\t\t\t\t\t<div class=\"elementor-element elementor-element-cdeb40d e-flex e-con-boxed e-con e-child\" data-id=\"cdeb40d\" data-element_type=\"container\" data-settings=\"{&quot;background_background&quot;:&quot;classic&quot;}\">\n\t\t\t\t\t<div class=\"e-con-inner\">\n\t\t\t\t<div class=\"elementor-element elementor-element-ef6f2e3 elementor-position-top elementor-widget elementor-widget-image-box\" data-id=\"ef6f2e3\" data-element_type=\"widget\" data-widget_type=\"image-box.default\">\n\t\t\t\t<div class=\"elementor-widget-container\">\n\t\t\t<style>\/*! elementor - v3.21.0 - 18-04-2024 *\/\n.elementor-widget-image-box .elementor-image-box-content{width:100%}@media (min-width:768px){.elementor-widget-image-box.elementor-position-left .elementor-image-box-wrapper,.elementor-widget-image-box.elementor-position-right .elementor-image-box-wrapper{display:flex}.elementor-widget-image-box.elementor-position-right .elementor-image-box-wrapper{text-align:end;flex-direction:row-reverse}.elementor-widget-image-box.elementor-position-left .elementor-image-box-wrapper{text-align:start;flex-direction:row}.elementor-widget-image-box.elementor-position-top .elementor-image-box-img{margin:auto}.elementor-widget-image-box.elementor-vertical-align-top .elementor-image-box-wrapper{align-items:flex-start}.elementor-widget-image-box.elementor-vertical-align-middle .elementor-image-box-wrapper{align-items:center}.elementor-widget-image-box.elementor-vertical-align-bottom .elementor-image-box-wrapper{align-items:flex-end}}@media (max-width:767px){.elementor-widget-image-box .elementor-image-box-img{margin-left:auto!important;margin-right:auto!important;margin-bottom:15px}}.elementor-widget-image-box .elementor-image-box-img{display:inline-block}.elementor-widget-image-box .elementor-image-box-title a{color:inherit}.elementor-widget-image-box .elementor-image-box-wrapper{text-align:center}.elementor-widget-image-box .elementor-image-box-description{margin:0}<\/style><div class=\"elementor-image-box-wrapper\"><figure class=\"elementor-image-box-img\"><img fetchpriority=\"high\" decoding=\"async\" width=\"2560\" height=\"1707\" src=\"https:\/\/files.gntfile.com\/data-uploads\/453\/2024\/12\/\u7528\u90141-9-scaled.jpg\" class=\"attachment-full size-full wp-image-2010\" alt=\"acide chlorhydrique\" srcset=\"https:\/\/files.gntfile.com\/data-uploads\/453\/2024\/12\/\u7528\u90141-9-scaled.jpg 2560w, https:\/\/files.gntfile.com\/data-uploads\/453\/2024\/12\/\u7528\u90141-9-768x512.jpg 768w, https:\/\/files.gntfile.com\/data-uploads\/453\/2024\/12\/\u7528\u90141-9-1536x1024.jpg 1536w, https:\/\/files.gntfile.com\/data-uploads\/453\/2024\/12\/\u7528\u90141-9-2048x1365.jpg 2048w, https:\/\/files.gntfile.com\/data-uploads\/453\/2024\/12\/\u7528\u90141-9-18x12.jpg 18w, https:\/\/files.gntfile.com\/data-uploads\/453\/2024\/12\/\u7528\u90141-9-600x400.jpg 600w\" sizes=\"(max-width: 2560px) 100vw, 2560px\" \/><\/figure><div class=\"elementor-image-box-content\"><div class=\"elementor-image-box-title\">Circuits int\u00e9gr\u00e9s<\/div><p class=\"elementor-image-box-description\">Le chlorure d&#039;hydrog\u00e8ne (HCl) de haute puret\u00e9 est utilis\u00e9 dans la production de circuits int\u00e9gr\u00e9s \u00e0 grande \u00e9chelle pour des processus tels que le polissage en phase vapeur de plaquettes de silicium monocristallin et la gravure de chambres de r\u00e9acteurs \u00e9pitaxiaux.<\/p><\/div><\/div>\t\t<\/div>\n\t\t\t\t<\/div>\n\t\t\t\t\t<\/div>\n\t\t\t\t<\/div>\n\t\t\t\t\t\t\t\t<\/div>\n\t\t\t\t\t\t\t\t\t\t\t<div class=\"swiper-slide\" data-slide=\"2\" role=\"group\" aria-roledescription=\"slide\" aria-label=\"2 sur 2\">\n\t\t\t\t\t\t\t<div class=\"elementor-element elementor-element-1e13245 e-flex e-con-boxed e-con e-child\" data-id=\"1e13245\" data-element_type=\"container\" data-settings=\"{&quot;background_background&quot;:&quot;classic&quot;}\">\n\t\t\t\t\t<div class=\"e-con-inner\">\n\t\t\t\t<div class=\"elementor-element elementor-element-8f4f126 elementor-position-top elementor-widget elementor-widget-image-box\" data-id=\"8f4f126\" data-element_type=\"widget\" data-widget_type=\"image-box.default\">\n\t\t\t\t<div class=\"elementor-widget-container\">\n\t\t\t<div class=\"elementor-image-box-wrapper\"><figure class=\"elementor-image-box-img\"><img fetchpriority=\"high\" decoding=\"async\" width=\"2560\" height=\"1707\" src=\"https:\/\/files.gntfile.com\/data-uploads\/453\/2024\/12\/\u7528\u90141-9-scaled.jpg\" class=\"attachment-full size-full wp-image-2010\" alt=\"acide chlorhydrique\" srcset=\"https:\/\/files.gntfile.com\/data-uploads\/453\/2024\/12\/\u7528\u90141-9-scaled.jpg 2560w, https:\/\/files.gntfile.com\/data-uploads\/453\/2024\/12\/\u7528\u90141-9-768x512.jpg 768w, https:\/\/files.gntfile.com\/data-uploads\/453\/2024\/12\/\u7528\u90141-9-1536x1024.jpg 1536w, https:\/\/files.gntfile.com\/data-uploads\/453\/2024\/12\/\u7528\u90141-9-2048x1365.jpg 2048w, https:\/\/files.gntfile.com\/data-uploads\/453\/2024\/12\/\u7528\u90141-9-18x12.jpg 18w, https:\/\/files.gntfile.com\/data-uploads\/453\/2024\/12\/\u7528\u90141-9-600x400.jpg 600w\" sizes=\"(max-width: 2560px) 100vw, 2560px\" \/><\/figure><div class=\"elementor-image-box-content\"><div class=\"elementor-image-box-title\">Circuits int\u00e9gr\u00e9s<\/div><p class=\"elementor-image-box-description\">Le chlorure d&#039;hydrog\u00e8ne (HCl) de haute puret\u00e9 est utilis\u00e9 dans la production de circuits int\u00e9gr\u00e9s \u00e0 grande \u00e9chelle pour des processus tels que le polissage en phase vapeur de plaquettes de silicium monocristallin et la gravure de chambres de r\u00e9acteurs \u00e9pitaxiaux.<\/p><\/div><\/div>\t\t<\/div>\n\t\t\t\t<\/div>\n\t\t\t\t\t<\/div>\n\t\t\t\t<\/div>\n\t\t\t\t\t\t\t\t<\/div>\n\t\t\t\t\t\t\t\t<\/div>\n\t\t<\/div>\n\t\t\t\t\t<div class=\"elementor-swiper-button elementor-swiper-button-prev\" role=\"button\" tabindex=\"0\">\n\t\t\t\t<svg aria-hidden=\"true\" class=\"e-font-icon-svg e-eicon-chevron-left\" viewbox=\"0 0 1000 1000\" xmlns=\"http:\/\/www.w3.org\/2000\/svg\"><path d=\"M646 125C629 125 613 133 604 142L308 442C296 454 292 471 292 487 292 504 296 521 308 533L604 854C617 867 629 875 646 875 663 875 679 871 692 858 704 846 713 829 713 812 713 796 708 779 692 767L438 487 692 225C700 217 708 204 708 187 708 171 704 154 692 142 675 129 663 125 646 125Z\"><\/path><\/svg>\t\t\t<\/div>\n\t\t\t<div class=\"elementor-swiper-button elementor-swiper-button-next\" role=\"button\" tabindex=\"0\">\n\t\t\t\t<svg aria-hidden=\"true\" class=\"e-font-icon-svg e-eicon-chevron-right\" viewbox=\"0 0 1000 1000\" xmlns=\"http:\/\/www.w3.org\/2000\/svg\"><path d=\"M696 533C708 521 713 504 713 487 713 471 708 454 696 446L400 146C388 133 375 125 354 125 338 125 325 129 313 142 300 154 292 171 292 187 292 204 296 221 308 233L563 492 304 771C292 783 288 800 288 817 288 833 296 850 308 863 321 871 338 875 354 875 371 875 388 867 400 854L696 533Z\"><\/path><\/svg>\t\t\t<\/div>\n\t\t\t\t\t<div class=\"swiper-pagination\"><\/div>\n\t\t\t\t<\/div>\n\t\t\t\t<\/div>\n\t\t\t\t\t<\/div>\n\t\t\t\t<\/div>\n\t\t\t\t<\/div>","protected":false},"excerpt":{"rendered":"<p>L&#039;acide chlorhydrique (HCl) est un acide puissant et corrosif couramment utilis\u00e9 dans diverses applications industrielles, de laboratoire et commerciales. L&#039;HCl peut provoquer de graves br\u00fblures au contact de la peau et endommager des mat\u00e9riaux tels que les m\u00e9taux et les tissus.<\/p>","protected":false},"featured_media":2009,"template":"","meta":{"_acf_changed":false,"_seopress_robots_primary_cat":"none"},"product_brand":[],"product_cat":[41],"product_tag":[],"class_list":{"0":"post-2008","1":"product","2":"type-product","3":"status-publish","4":"has-post-thumbnail","6":"product_cat-specialty-gases","8":"first","9":"instock","10":"shipping-taxable","11":"product-type-simple"},"acf":[],"_links":{"self":[{"href":"https:\/\/www.gastonghui.com\/fr\/wp-json\/wp\/v2\/product\/2008","targetHints":{"allow":["GET"]}}],"collection":[{"href":"https:\/\/www.gastonghui.com\/fr\/wp-json\/wp\/v2\/product"}],"about":[{"href":"https:\/\/www.gastonghui.com\/fr\/wp-json\/wp\/v2\/types\/product"}],"version-history":[{"count":19,"href":"https:\/\/www.gastonghui.com\/fr\/wp-json\/wp\/v2\/product\/2008\/revisions"}],"predecessor-version":[{"id":2991,"href":"https:\/\/www.gastonghui.com\/fr\/wp-json\/wp\/v2\/product\/2008\/revisions\/2991"}],"wp:featuredmedia":[{"embeddable":true,"href":"https:\/\/www.gastonghui.com\/fr\/wp-json\/wp\/v2\/media\/2009"}],"wp:attachment":[{"href":"https:\/\/www.gastonghui.com\/fr\/wp-json\/wp\/v2\/media?parent=2008"}],"wp:term":[{"taxonomy":"product_brand","embeddable":true,"href":"https:\/\/www.gastonghui.com\/fr\/wp-json\/wp\/v2\/product_brand?post=2008"},{"taxonomy":"product_cat","embeddable":true,"href":"https:\/\/www.gastonghui.com\/fr\/wp-json\/wp\/v2\/product_cat?post=2008"},{"taxonomy":"product_tag","embeddable":true,"href":"https:\/\/www.gastonghui.com\/fr\/wp-json\/wp\/v2\/product_tag?post=2008"}],"curies":[{"name":"wp","href":"https:\/\/api.w.org\/{rel}","templated":true}]}}