
{"id":1851,"date":"2024-12-19T10:53:47","date_gmt":"2024-12-19T02:53:47","guid":{"rendered":"https:\/\/www.gastonghui.com\/?post_type=product&#038;p=1851"},"modified":"2026-02-26T09:34:32","modified_gmt":"2026-02-26T01:34:32","slug":"high-purity-nitrous-oxide","status":"publish","type":"product","link":"https:\/\/www.gastonghui.com\/fr\/produit\/high-purity-nitrous-oxide\/","title":{"rendered":"Oxyde nitreux de haute puret\u00e9"},"content":{"rendered":"<div data-elementor-type=\"product-post\" data-elementor-id=\"1851\" class=\"elementor elementor-1851\" data-elementor-post-type=\"product\">\n\t\t\t\t<div class=\"elementor-element elementor-element-2a7365ea e-flex e-con-boxed e-con e-parent\" data-id=\"2a7365ea\" data-element_type=\"container\">\n\t\t\t\t\t<div class=\"e-con-inner\">\n\t\t<div class=\"elementor-element elementor-element-23c216f3 e-flex e-con-boxed e-con e-child\" data-id=\"23c216f3\" data-element_type=\"container\">\n\t\t\t\t\t<div class=\"e-con-inner\">\n\t\t\t\t<div class=\"elementor-element elementor-element-41bbb7ac elementor-widget elementor-widget-heading\" data-id=\"41bbb7ac\" data-element_type=\"widget\" data-widget_type=\"heading.default\">\n\t\t\t\t<div class=\"elementor-widget-container\">\n\t\t\t<style>\/*! elementor - v3.21.0 - 18-04-2024 *\/\n.elementor-heading-title{padding:0;margin:0;line-height:1}.elementor-widget-heading .elementor-heading-title[class*=elementor-size-]>a{color:inherit;font-size:inherit;line-height:inherit}.elementor-widget-heading .elementor-heading-title.elementor-size-small{font-size:15px}.elementor-widget-heading .elementor-heading-title.elementor-size-medium{font-size:19px}.elementor-widget-heading .elementor-heading-title.elementor-size-large{font-size:29px}.elementor-widget-heading .elementor-heading-title.elementor-size-xl{font-size:39px}.elementor-widget-heading .elementor-heading-title.elementor-size-xxl{font-size:59px}<\/style><h3 class=\"elementor-heading-title elementor-size-default\">Param\u00e8tres physiques <\/h3>\t\t<\/div>\n\t\t\t\t<\/div>\n\t\t\t\t<div class=\"elementor-element elementor-element-59190e83 elementor-widget elementor-widget-text-editor\" data-id=\"59190e83\" data-element_type=\"widget\" data-widget_type=\"text-editor.default\">\n\t\t\t\t<div class=\"elementor-widget-container\">\n\t\t\t<style>\/*! elementor - v3.21.0 - 18-04-2024 *\/\n.elementor-widget-text-editor.elementor-drop-cap-view-stacked .elementor-drop-cap{background-color:#69727d;color:#fff}.elementor-widget-text-editor.elementor-drop-cap-view-framed .elementor-drop-cap{color:#69727d;border:3px solid;background-color:transparent}.elementor-widget-text-editor:not(.elementor-drop-cap-view-default) .elementor-drop-cap{margin-top:8px}.elementor-widget-text-editor:not(.elementor-drop-cap-view-default) .elementor-drop-cap-letter{width:1em;height:1em}.elementor-widget-text-editor .elementor-drop-cap{float:left;text-align:center;line-height:1;font-size:50px}.elementor-widget-text-editor .elementor-drop-cap-letter{display:inline-block}<\/style>\t\t\t\t<table style=\"width: 100%;background-color: #e3f6f3\">\n<tbody>\n<tr>\n<td width=\"227\"><strong><b>Nom chimique<\/b><\/strong><\/td>\n<td width=\"352\"><strong><b>Propri\u00e9t\u00e9<\/b><\/strong><\/td>\n<td width=\"305\"><strong><b>Puret\u00e9<\/b><\/strong><\/td>\n<\/tr>\n<tr>\n<td width=\"227\">Protoxyde d&#039;azote de haute puret\u00e9<\/td>\n<td width=\"352\">Un gaz incolore, inodore et au go\u00fbt sucr\u00e9.<\/td>\n<td width=\"305\">5N-6N<\/td>\n<\/tr>\n<\/tbody>\n<\/table>\n\t\t\t\t\t\t<\/div>\n\t\t\t\t<\/div>\n\t\t\t\t\t<\/div>\n\t\t\t\t<\/div>\n\t\t\t\t\t<\/div>\n\t\t\t\t<\/div>\n\t\t\t\t<\/div>","protected":false},"excerpt":{"rendered":"<p>Le protoxyde d&#039;azote de haute puret\u00e9 (N\u2082O) d\u00e9signe le gaz de protoxyde d&#039;azote raffin\u00e9 \u00e0 des niveaux de puret\u00e9 exceptionnels, avec un minimum d&#039;impuret\u00e9s telles que l&#039;humidit\u00e9, l&#039;oxyg\u00e8ne ou les hydrocarbures. Cela garantit des performances optimales dans les applications critiques.<\/p>","protected":false},"featured_media":1852,"template":"","meta":{"_acf_changed":false,"_seopress_robots_primary_cat":"none"},"product_brand":[],"product_cat":[49],"product_tag":[],"class_list":{"0":"post-1851","1":"product","2":"type-product","3":"status-publish","4":"has-post-thumbnail","6":"product_cat-high-purity-gases","8":"first","9":"instock","10":"shipping-taxable","11":"product-type-simple"},"acf":[],"_links":{"self":[{"href":"https:\/\/www.gastonghui.com\/fr\/wp-json\/wp\/v2\/product\/1851","targetHints":{"allow":["GET"]}}],"collection":[{"href":"https:\/\/www.gastonghui.com\/fr\/wp-json\/wp\/v2\/product"}],"about":[{"href":"https:\/\/www.gastonghui.com\/fr\/wp-json\/wp\/v2\/types\/product"}],"version-history":[{"count":14,"href":"https:\/\/www.gastonghui.com\/fr\/wp-json\/wp\/v2\/product\/1851\/revisions"}],"predecessor-version":[{"id":3557,"href":"https:\/\/www.gastonghui.com\/fr\/wp-json\/wp\/v2\/product\/1851\/revisions\/3557"}],"wp:featuredmedia":[{"embeddable":true,"href":"https:\/\/www.gastonghui.com\/fr\/wp-json\/wp\/v2\/media\/1852"}],"wp:attachment":[{"href":"https:\/\/www.gastonghui.com\/fr\/wp-json\/wp\/v2\/media?parent=1851"}],"wp:term":[{"taxonomy":"product_brand","embeddable":true,"href":"https:\/\/www.gastonghui.com\/fr\/wp-json\/wp\/v2\/product_brand?post=1851"},{"taxonomy":"product_cat","embeddable":true,"href":"https:\/\/www.gastonghui.com\/fr\/wp-json\/wp\/v2\/product_cat?post=1851"},{"taxonomy":"product_tag","embeddable":true,"href":"https:\/\/www.gastonghui.com\/fr\/wp-json\/wp\/v2\/product_tag?post=1851"}],"curies":[{"name":"wp","href":"https:\/\/api.w.org\/{rel}","templated":true}]}}