
{"id":1822,"date":"2024-12-17T16:27:15","date_gmt":"2024-12-17T08:27:15","guid":{"rendered":"https:\/\/www.gastonghui.com\/?post_type=product&#038;p=1822"},"modified":"2025-01-02T14:42:25","modified_gmt":"2025-01-02T06:42:25","slug":"high-purity-helium","status":"publish","type":"product","link":"https:\/\/www.gastonghui.com\/fr\/produit\/high-purity-helium\/","title":{"rendered":"H\u00e9lium de haute puret\u00e9"},"content":{"rendered":"<div data-elementor-type=\"product-post\" data-elementor-id=\"1822\" class=\"elementor elementor-1822\" data-elementor-post-type=\"product\">\n\t\t\t\t<div class=\"elementor-element elementor-element-2a7365ea e-flex e-con-boxed e-con e-parent\" data-id=\"2a7365ea\" data-element_type=\"container\">\n\t\t\t\t\t<div class=\"e-con-inner\">\n\t\t<div class=\"elementor-element elementor-element-23c216f3 e-flex e-con-boxed e-con e-child\" data-id=\"23c216f3\" data-element_type=\"container\">\n\t\t\t\t\t<div class=\"e-con-inner\">\n\t\t\t\t<div class=\"elementor-element elementor-element-41bbb7ac elementor-widget elementor-widget-heading\" data-id=\"41bbb7ac\" data-element_type=\"widget\" data-widget_type=\"heading.default\">\n\t\t\t\t<div class=\"elementor-widget-container\">\n\t\t\t<style>\/*! elementor - v3.21.0 - 18-04-2024 *\/\n.elementor-heading-title{padding:0;margin:0;line-height:1}.elementor-widget-heading .elementor-heading-title[class*=elementor-size-]>a{color:inherit;font-size:inherit;line-height:inherit}.elementor-widget-heading .elementor-heading-title.elementor-size-small{font-size:15px}.elementor-widget-heading .elementor-heading-title.elementor-size-medium{font-size:19px}.elementor-widget-heading .elementor-heading-title.elementor-size-large{font-size:29px}.elementor-widget-heading .elementor-heading-title.elementor-size-xl{font-size:39px}.elementor-widget-heading .elementor-heading-title.elementor-size-xxl{font-size:59px}<\/style><h3 class=\"elementor-heading-title elementor-size-default\">Param\u00e8tres physiques <\/h3>\t\t<\/div>\n\t\t\t\t<\/div>\n\t\t\t\t<div class=\"elementor-element elementor-element-59190e83 elementor-widget elementor-widget-text-editor\" data-id=\"59190e83\" data-element_type=\"widget\" data-widget_type=\"text-editor.default\">\n\t\t\t\t<div class=\"elementor-widget-container\">\n\t\t\t<style>\/*! elementor - v3.21.0 - 18-04-2024 *\/\n.elementor-widget-text-editor.elementor-drop-cap-view-stacked .elementor-drop-cap{background-color:#69727d;color:#fff}.elementor-widget-text-editor.elementor-drop-cap-view-framed .elementor-drop-cap{color:#69727d;border:3px solid;background-color:transparent}.elementor-widget-text-editor:not(.elementor-drop-cap-view-default) .elementor-drop-cap{margin-top:8px}.elementor-widget-text-editor:not(.elementor-drop-cap-view-default) .elementor-drop-cap-letter{width:1em;height:1em}.elementor-widget-text-editor .elementor-drop-cap{float:left;text-align:center;line-height:1;font-size:50px}.elementor-widget-text-editor .elementor-drop-cap-letter{display:inline-block}<\/style>\t\t\t\t<table style=\"width: 100%;background-color: #e3f6f3\">\n<tbody>\n<tr>\n<td width=\"325\"><strong><b>Nom chimique<\/b><\/strong><\/td>\n<td width=\"257\"><strong><b>Propri\u00e9t\u00e9<\/b><\/strong><\/td>\n<td width=\"302\"><strong><b>Puret\u00e9<\/b><\/strong><\/td>\n<\/tr>\n<tr>\n<td width=\"325\">H\u00e9lium de haute puret\u00e9<\/td>\n<td width=\"257\">Non toxique et ininflammable, tr\u00e8s stable<\/td>\n<td width=\"302\">\u226599,999%<\/td>\n<\/tr>\n<\/tbody>\n<\/table>\n\t\t\t\t\t\t<\/div>\n\t\t\t\t<\/div>\n\t\t\t\t\t<\/div>\n\t\t\t\t<\/div>\n\t\t\t\t\t<\/div>\n\t\t\t\t<\/div>\n\t\t\t\t<\/div>","protected":false},"excerpt":{"rendered":"<p>L&#039;h\u00e9lium de haute puret\u00e9 d\u00e9signe l&#039;h\u00e9lium gazeux qui a \u00e9t\u00e9 raffin\u00e9 pour atteindre des niveaux d&#039;impuret\u00e9s extr\u00eamement faibles. Il est class\u00e9 en fonction de son niveau de puret\u00e9, souvent exprim\u00e9 en pourcentage ou en termes de \u00ab neuf \u00bb (par exemple, 99,999% = 5 N).<\/p>","protected":false},"featured_media":1823,"template":"","meta":{"_acf_changed":false,"_seopress_robots_primary_cat":"none"},"product_brand":[],"product_cat":[49],"product_tag":[],"class_list":{"0":"post-1822","1":"product","2":"type-product","3":"status-publish","4":"has-post-thumbnail","6":"product_cat-high-purity-gases","8":"first","9":"instock","10":"shipping-taxable","11":"product-type-simple"},"acf":[],"_links":{"self":[{"href":"https:\/\/www.gastonghui.com\/fr\/wp-json\/wp\/v2\/product\/1822","targetHints":{"allow":["GET"]}}],"collection":[{"href":"https:\/\/www.gastonghui.com\/fr\/wp-json\/wp\/v2\/product"}],"about":[{"href":"https:\/\/www.gastonghui.com\/fr\/wp-json\/wp\/v2\/types\/product"}],"version-history":[{"count":19,"href":"https:\/\/www.gastonghui.com\/fr\/wp-json\/wp\/v2\/product\/1822\/revisions"}],"predecessor-version":[{"id":2734,"href":"https:\/\/www.gastonghui.com\/fr\/wp-json\/wp\/v2\/product\/1822\/revisions\/2734"}],"wp:featuredmedia":[{"embeddable":true,"href":"https:\/\/www.gastonghui.com\/fr\/wp-json\/wp\/v2\/media\/1823"}],"wp:attachment":[{"href":"https:\/\/www.gastonghui.com\/fr\/wp-json\/wp\/v2\/media?parent=1822"}],"wp:term":[{"taxonomy":"product_brand","embeddable":true,"href":"https:\/\/www.gastonghui.com\/fr\/wp-json\/wp\/v2\/product_brand?post=1822"},{"taxonomy":"product_cat","embeddable":true,"href":"https:\/\/www.gastonghui.com\/fr\/wp-json\/wp\/v2\/product_cat?post=1822"},{"taxonomy":"product_tag","embeddable":true,"href":"https:\/\/www.gastonghui.com\/fr\/wp-json\/wp\/v2\/product_tag?post=1822"}],"curies":[{"name":"wp","href":"https:\/\/api.w.org\/{rel}","templated":true}]}}