
{"id":1756,"date":"2024-12-17T14:29:13","date_gmt":"2024-12-17T06:29:13","guid":{"rendered":"https:\/\/www.gastonghui.com\/?post_type=product&#038;p=1756"},"modified":"2025-01-10T09:09:31","modified_gmt":"2025-01-10T01:09:31","slug":"gas-mixture","status":"publish","type":"product","link":"https:\/\/www.gastonghui.com\/fr\/produit\/gas-mixture\/","title":{"rendered":"M\u00e9lange de gaz"},"content":{"rendered":"<div data-elementor-type=\"product-post\" data-elementor-id=\"1756\" class=\"elementor elementor-1756\" data-elementor-post-type=\"product\">\n\t\t\t\t<div class=\"elementor-element elementor-element-f38db25 e-flex e-con-boxed e-con e-parent\" data-id=\"f38db25\" data-element_type=\"container\">\n\t\t\t\t\t<div class=\"e-con-inner\">\n\t\t\t\t<div class=\"elementor-element elementor-element-e7f5ce2 elementor-widget elementor-widget-heading\" data-id=\"e7f5ce2\" data-element_type=\"widget\" data-widget_type=\"heading.default\">\n\t\t\t\t<div class=\"elementor-widget-container\">\n\t\t\t<style>\/*! elementor - v3.21.0 - 18-04-2024 *\/\n.elementor-heading-title{padding:0;margin:0;line-height:1}.elementor-widget-heading .elementor-heading-title[class*=elementor-size-]>a{color:inherit;font-size:inherit;line-height:inherit}.elementor-widget-heading .elementor-heading-title.elementor-size-small{font-size:15px}.elementor-widget-heading .elementor-heading-title.elementor-size-medium{font-size:19px}.elementor-widget-heading .elementor-heading-title.elementor-size-large{font-size:29px}.elementor-widget-heading .elementor-heading-title.elementor-size-xl{font-size:39px}.elementor-widget-heading .elementor-heading-title.elementor-size-xxl{font-size:59px}<\/style><h3 class=\"elementor-heading-title elementor-size-default\">Param\u00e8tres physiques <\/h3>\t\t<\/div>\n\t\t\t\t<\/div>\n\t\t\t\t<div class=\"elementor-element elementor-element-f0220bc elementor-widget elementor-widget-text-editor\" data-id=\"f0220bc\" data-element_type=\"widget\" data-widget_type=\"text-editor.default\">\n\t\t\t\t<div class=\"elementor-widget-container\">\n\t\t\t<style>\/*! elementor - v3.21.0 - 18-04-2024 *\/\n.elementor-widget-text-editor.elementor-drop-cap-view-stacked .elementor-drop-cap{background-color:#69727d;color:#fff}.elementor-widget-text-editor.elementor-drop-cap-view-framed .elementor-drop-cap{color:#69727d;border:3px solid;background-color:transparent}.elementor-widget-text-editor:not(.elementor-drop-cap-view-default) .elementor-drop-cap{margin-top:8px}.elementor-widget-text-editor:not(.elementor-drop-cap-view-default) .elementor-drop-cap-letter{width:1em;height:1em}.elementor-widget-text-editor .elementor-drop-cap{float:left;text-align:center;line-height:1;font-size:50px}.elementor-widget-text-editor .elementor-drop-cap-letter{display:inline-block}<\/style>\t\t\t\t<table style=\"width: 100%;background-color: #e0f2ef\">\n<tbody>\n<tr>\n<td width=\"213\"><strong><b>Nom de <\/b><\/strong><strong><b>G<\/b><\/strong><strong><b>comme <\/b><\/strong><strong><b>M<\/b><\/strong><strong><b>montage<\/b><\/strong><\/td>\n<td width=\"213\"><strong><b>Composant <\/b><\/strong><strong><b>G<\/b><\/strong><strong><b>comme<\/b><\/strong><\/td>\n<td width=\"284\"><strong><b>Solubilit\u00e9 <\/b><\/strong><strong><b>R<\/b><\/strong><strong><b>ange de <\/b><\/strong><strong><b>C<\/b><\/strong><strong><b>composant <\/b><\/strong><strong><b>G<\/b><\/strong><strong><b>ases<\/b><\/strong><\/td>\n<td width=\"141\"><strong><b>Base <\/b><\/strong><strong><b>G<\/b><\/strong><strong><b>comme<\/b><\/strong><\/td>\n<\/tr>\n<tr>\n<td width=\"213\">M\u00e9lange de gaz dioxyde de carbone-argon<\/td>\n<td width=\"213\">Dioxyde de carbone (v\/v)\/10<\/td>\n<td width=\"284\">\u226450<\/td>\n<td width=\"141\">Argon<\/td>\n<\/tr>\n<tr>\n<td width=\"213\">M\u00e9lange gazeux hydrog\u00e8ne-argon<\/td>\n<td width=\"213\">Hydrog\u00e8ne (v\/v)\/10<\/td>\n<td width=\"284\">\u226450<\/td>\n<td width=\"141\">Argon<\/td>\n<\/tr>\n<tr>\n<td width=\"213\">M\u00e9lange azote-argon<\/td>\n<td width=\"213\">Azote (v\/v)\/10<\/td>\n<td width=\"284\">\u226450<\/td>\n<td width=\"141\">Argon<\/td>\n<\/tr>\n<tr>\n<td width=\"213\">M\u00e9lange gazeux oxyg\u00e8ne-argon<\/td>\n<td width=\"213\">Oxyg\u00e8ne (v\/v)\/10<\/td>\n<td width=\"284\">\u226450<\/td>\n<td width=\"141\">Argon<\/td>\n<\/tr>\n<tr>\n<td width=\"213\">M\u00e9lange de gaz h\u00e9lium-argon<\/td>\n<td width=\"213\">H\u00e9lium (v\/v)\/10<\/td>\n<td width=\"284\">\u226450<\/td>\n<td width=\"141\">Argon<\/td>\n<\/tr>\n<tr>\n<td width=\"213\">M\u00e9lange hydrog\u00e8ne-azote<\/td>\n<td width=\"213\">Hydrog\u00e8ne (v\/v)\/10<\/td>\n<td width=\"284\">\u226450<\/td>\n<td width=\"141\">Azote<\/td>\n<\/tr>\n<tr>\n<td width=\"213\">M\u00e9lange oxyg\u00e8ne-azote<\/td>\n<td width=\"213\">Oxyg\u00e8ne (v\/v)\/10<\/td>\n<td width=\"284\">\u226450<\/td>\n<td width=\"141\">Azote<\/td>\n<\/tr>\n<tr>\n<td width=\"213\">M\u00e9lange de gaz laser ternaire<\/td>\n<td width=\"213\">Dioxyde de carbone + azote<\/p>\n<p>(fraction volumique)\/10<\/td>\n<td width=\"284\">\u226450<\/td>\n<td width=\"141\">H\u00e9lium<\/td>\n<\/tr>\n<tr>\n<td width=\"213\">M\u00e9langes de gaz laser quaternaires<\/td>\n<td width=\"213\">Monoxyde de carbone + dioxyde de carbone + azote<\/p>\n<p>(v\/v)\/10 \u226450<\/td>\n<td width=\"284\">\u226450<\/td>\n<td width=\"141\">H\u00e9lium<\/td>\n<\/tr>\n<tr>\n<td width=\"213\">M\u00e9lange de gaz laser \u00e0 cinq \u00e9l\u00e9ments<\/td>\n<td width=\"213\">Hydrog\u00e8ne + monoxyde de carbone + dioxyde de carbone<\/p>\n<p>(v\/v)\/10<\/td>\n<td width=\"284\">\u226450<\/td>\n<td width=\"141\">H\u00e9lium<\/td>\n<\/tr>\n<tr>\n<td width=\"213\">&#8230;&#8230;<\/td>\n<td width=\"213\">&#8230;&#8230;<\/td>\n<td width=\"284\">&#8230;&#8230;<\/td>\n<td width=\"141\">&#8230;&#8230;<\/td>\n<\/tr>\n<\/tbody>\n<\/table>\n\t\t\t\t\t\t<\/div>\n\t\t\t\t<\/div>\n\t\t\t\t\t<\/div>\n\t\t\t\t<\/div>\n\t\t\t\t<\/div>","protected":false},"excerpt":{"rendered":"<p>Un gaz qui contient deux ou plusieurs composants actifs ou qui, bien que n&#039;\u00e9tant pas des composants actifs, a une teneur sup\u00e9rieure \u00e0 la limite sp\u00e9cifi\u00e9e, est appel\u00e9 m\u00e9lange gazeux. Les m\u00e9langes de plusieurs gaz sont couramment utilis\u00e9s comme fluides de travail en ing\u00e9nierie. Les m\u00e9langes de gaz sont souvent \u00e9tudi\u00e9s comme des gaz parfaits.<\/p>","protected":false},"featured_media":1757,"template":"","meta":{"_acf_changed":false,"_seopress_robots_primary_cat":"none"},"product_brand":[],"product_cat":[40],"product_tag":[],"class_list":{"0":"post-1756","1":"product","2":"type-product","3":"status-publish","4":"has-post-thumbnail","6":"product_cat-bulk-gases","8":"first","9":"instock","10":"shipping-taxable","11":"product-type-simple"},"acf":[],"_links":{"self":[{"href":"https:\/\/www.gastonghui.com\/fr\/wp-json\/wp\/v2\/product\/1756","targetHints":{"allow":["GET"]}}],"collection":[{"href":"https:\/\/www.gastonghui.com\/fr\/wp-json\/wp\/v2\/product"}],"about":[{"href":"https:\/\/www.gastonghui.com\/fr\/wp-json\/wp\/v2\/types\/product"}],"version-history":[{"count":20,"href":"https:\/\/www.gastonghui.com\/fr\/wp-json\/wp\/v2\/product\/1756\/revisions"}],"predecessor-version":[{"id":2879,"href":"https:\/\/www.gastonghui.com\/fr\/wp-json\/wp\/v2\/product\/1756\/revisions\/2879"}],"wp:featuredmedia":[{"embeddable":true,"href":"https:\/\/www.gastonghui.com\/fr\/wp-json\/wp\/v2\/media\/1757"}],"wp:attachment":[{"href":"https:\/\/www.gastonghui.com\/fr\/wp-json\/wp\/v2\/media?parent=1756"}],"wp:term":[{"taxonomy":"product_brand","embeddable":true,"href":"https:\/\/www.gastonghui.com\/fr\/wp-json\/wp\/v2\/product_brand?post=1756"},{"taxonomy":"product_cat","embeddable":true,"href":"https:\/\/www.gastonghui.com\/fr\/wp-json\/wp\/v2\/product_cat?post=1756"},{"taxonomy":"product_tag","embeddable":true,"href":"https:\/\/www.gastonghui.com\/fr\/wp-json\/wp\/v2\/product_tag?post=1756"}],"curies":[{"name":"wp","href":"https:\/\/api.w.org\/{rel}","templated":true}]}}