
{"id":1744,"date":"2024-12-17T14:15:42","date_gmt":"2024-12-17T06:15:42","guid":{"rendered":"https:\/\/www.gastonghui.com\/?post_type=product&#038;p=1744"},"modified":"2025-01-10T10:27:30","modified_gmt":"2025-01-10T02:27:30","slug":"helium","status":"publish","type":"product","link":"https:\/\/www.gastonghui.com\/fr\/produit\/helium\/","title":{"rendered":"H\u00e9lium"},"content":{"rendered":"<div data-elementor-type=\"product-post\" data-elementor-id=\"1744\" class=\"elementor elementor-1744\" data-elementor-post-type=\"product\">\n\t\t\t\t<div class=\"elementor-element elementor-element-b622971 e-flex e-con-boxed e-con e-parent\" data-id=\"b622971\" data-element_type=\"container\">\n\t\t\t\t\t<div class=\"e-con-inner\">\n\t\t\t\t<div class=\"elementor-element elementor-element-4978788 elementor-widget elementor-widget-heading\" data-id=\"4978788\" data-element_type=\"widget\" data-widget_type=\"heading.default\">\n\t\t\t\t<div class=\"elementor-widget-container\">\n\t\t\t<style>\/*! elementor - v3.21.0 - 18-04-2024 *\/\n.elementor-heading-title{padding:0;margin:0;line-height:1}.elementor-widget-heading .elementor-heading-title[class*=elementor-size-]>a{color:inherit;font-size:inherit;line-height:inherit}.elementor-widget-heading .elementor-heading-title.elementor-size-small{font-size:15px}.elementor-widget-heading .elementor-heading-title.elementor-size-medium{font-size:19px}.elementor-widget-heading .elementor-heading-title.elementor-size-large{font-size:29px}.elementor-widget-heading .elementor-heading-title.elementor-size-xl{font-size:39px}.elementor-widget-heading .elementor-heading-title.elementor-size-xxl{font-size:59px}<\/style><h3 class=\"elementor-heading-title elementor-size-default\">Param\u00e8tres physiques <\/h3>\t\t<\/div>\n\t\t\t\t<\/div>\n\t\t\t\t<div class=\"elementor-element elementor-element-46e2377 elementor-widget elementor-widget-text-editor\" data-id=\"46e2377\" data-element_type=\"widget\" data-widget_type=\"text-editor.default\">\n\t\t\t\t<div class=\"elementor-widget-container\">\n\t\t\t<style>\/*! elementor - v3.21.0 - 18-04-2024 *\/\n.elementor-widget-text-editor.elementor-drop-cap-view-stacked .elementor-drop-cap{background-color:#69727d;color:#fff}.elementor-widget-text-editor.elementor-drop-cap-view-framed .elementor-drop-cap{color:#69727d;border:3px solid;background-color:transparent}.elementor-widget-text-editor:not(.elementor-drop-cap-view-default) .elementor-drop-cap{margin-top:8px}.elementor-widget-text-editor:not(.elementor-drop-cap-view-default) .elementor-drop-cap-letter{width:1em;height:1em}.elementor-widget-text-editor .elementor-drop-cap{float:left;text-align:center;line-height:1;font-size:50px}.elementor-widget-text-editor .elementor-drop-cap-letter{display:inline-block}<\/style>\t\t\t\t<table style=\"width: 100%;background-color: #e0f2ef\">\n<tbody>\n<tr>\n<td width=\"189\"><strong><b>Nom chimique<\/b><\/strong><\/td>\n<td width=\"189\"><strong><b>Propri\u00e9t\u00e9<\/b><\/strong><\/td>\n<td width=\"106\"><strong><b>Puret\u00e9<\/b><\/strong><\/td>\n<td colspan=\"4\" width=\"419\"><strong><b>Param\u00e8tres du package d&#039;approvisionnement<\/b><\/strong><\/p>\n<p><strong><b>(Moins de 21,1 \u2103)<\/b><\/strong><\/td>\n<\/tr>\n<tr>\n<td width=\"189\"><strong><b>\u00a0<\/b><\/strong><\/td>\n<td width=\"189\"><strong><b>\u00a0<\/b><\/strong><\/td>\n<td width=\"106\"><strong><b>\u00a0<\/b><\/strong><\/td>\n<td width=\"148\"><strong><b>Soupape<\/b><\/strong><\/td>\n<td width=\"94\"><strong><b>Capacit\u00e9<\/b><\/strong><strong><b><br \/>\n<\/b><\/strong><strong><b>(L)<\/b><\/strong><\/td>\n<td width=\"94\"><strong><b>Pression<\/b><\/strong><\/p>\n<p><strong><b>(psig)<\/b><\/strong><\/td>\n<td width=\"82\"><strong><b>Gaz<\/b><\/strong><strong><b><br \/>\n<\/b><\/strong><strong><b>Volume<\/b><\/strong><\/td>\n<\/tr>\n<tr>\n<td width=\"189\">H\u00e9lium<\/td>\n<td width=\"189\">gaz noble incolore, inodore, insipide et non toxique<\/td>\n<td width=\"106\">99.9999%<\/td>\n<td width=\"148\">CGA580\/DISS-718<\/td>\n<td width=\"94\">44<\/td>\n<td width=\"94\">2000<\/td>\n<td width=\"82\">6m\u00b3<\/td>\n<\/tr>\n<\/tbody>\n<\/table>\n\t\t\t\t\t\t<\/div>\n\t\t\t\t<\/div>\n\t\t\t\t\t<\/div>\n\t\t\t\t<\/div>\n\t\t<div class=\"elementor-element elementor-element-2611b58 e-flex e-con-boxed e-con e-parent\" data-id=\"2611b58\" data-element_type=\"container\" data-settings=\"{&quot;background_background&quot;:&quot;classic&quot;}\">\n\t\t\t\t\t<div class=\"e-con-inner\">\n\t\t\t\t<div class=\"elementor-element elementor-element-58098b6 elementor-widget elementor-widget-heading\" data-id=\"58098b6\" data-element_type=\"widget\" data-widget_type=\"heading.default\">\n\t\t\t\t<div class=\"elementor-widget-container\">\n\t\t\t<h3 class=\"elementor-heading-title elementor-size-default\">Applications<\/h3>\t\t<\/div>\n\t\t\t\t<\/div>\n\t\t\t\t<div class=\"elementor-element elementor-element-d0daa55 elementor-pagination-type-bullets elementor-arrows-position-inside elementor-pagination-position-outside elementor-widget elementor-widget-n-carousel\" data-id=\"d0daa55\" data-element_type=\"widget\" data-settings=\"{&quot;carousel_items&quot;:[{&quot;slide_title&quot;:&quot;Slide #1&quot;,&quot;_id&quot;:&quot;35daf4d&quot;},{&quot;slide_title&quot;:&quot;Slide #2&quot;,&quot;_id&quot;:&quot;f4a98fa&quot;},{&quot;slide_title&quot;:&quot;Slide #3&quot;,&quot;_id&quot;:&quot;1007ffd&quot;},{&quot;slide_title&quot;:&quot;Slide #3&quot;,&quot;_id&quot;:&quot;c202a1b&quot;}],&quot;image_spacing_custom&quot;:{&quot;unit&quot;:&quot;px&quot;,&quot;size&quot;:30,&quot;sizes&quot;:[]},&quot;slides_to_show_tablet&quot;:&quot;2&quot;,&quot;slides_to_show_mobile&quot;:&quot;1&quot;,&quot;autoplay&quot;:&quot;yes&quot;,&quot;autoplay_speed&quot;:5000,&quot;pause_on_hover&quot;:&quot;yes&quot;,&quot;pause_on_interaction&quot;:&quot;yes&quot;,&quot;infinite&quot;:&quot;yes&quot;,&quot;speed&quot;:500,&quot;offset_sides&quot;:&quot;none&quot;,&quot;arrows&quot;:&quot;yes&quot;,&quot;pagination&quot;:&quot;bullets&quot;,&quot;image_spacing_custom_tablet&quot;:{&quot;unit&quot;:&quot;px&quot;,&quot;size&quot;:&quot;&quot;,&quot;sizes&quot;:[]},&quot;image_spacing_custom_mobile&quot;:{&quot;unit&quot;:&quot;px&quot;,&quot;size&quot;:&quot;&quot;,&quot;sizes&quot;:[]}}\" data-widget_type=\"nested-carousel.default\">\n\t\t\t\t<div class=\"elementor-widget-container\">\n\t\t\t<link rel=\"stylesheet\" href=\"https:\/\/www.gastonghui.com\/wp-content\/plugins\/elementor-pro\/assets\/css\/widget-nested-carousel.min.css\">\t\t<div class=\"e-n-carousel swiper\" dir=\"ltr\">\n\t\t\t<div class=\"swiper-wrapper\" aria-live=\"off\">\n\t\t\t\t\t\t\t\t\t\t<div class=\"swiper-slide\" data-slide=\"1\" role=\"group\" aria-roledescription=\"slide\" aria-label=\"1 sur 4\">\n\t\t\t\t\t\t\t<div class=\"elementor-element elementor-element-b562807 e-flex e-con-boxed e-con e-child\" data-id=\"b562807\" data-element_type=\"container\" data-settings=\"{&quot;background_background&quot;:&quot;classic&quot;}\">\n\t\t\t\t\t<div class=\"e-con-inner\">\n\t\t\t\t<div class=\"elementor-element elementor-element-21593c8 elementor-position-top elementor-widget elementor-widget-image-box\" data-id=\"21593c8\" data-element_type=\"widget\" data-widget_type=\"image-box.default\">\n\t\t\t\t<div class=\"elementor-widget-container\">\n\t\t\t<style>\/*! elementor - v3.21.0 - 18-04-2024 *\/\n.elementor-widget-image-box .elementor-image-box-content{width:100%}@media (min-width:768px){.elementor-widget-image-box.elementor-position-left .elementor-image-box-wrapper,.elementor-widget-image-box.elementor-position-right .elementor-image-box-wrapper{display:flex}.elementor-widget-image-box.elementor-position-right .elementor-image-box-wrapper{text-align:end;flex-direction:row-reverse}.elementor-widget-image-box.elementor-position-left .elementor-image-box-wrapper{text-align:start;flex-direction:row}.elementor-widget-image-box.elementor-position-top .elementor-image-box-img{margin:auto}.elementor-widget-image-box.elementor-vertical-align-top .elementor-image-box-wrapper{align-items:flex-start}.elementor-widget-image-box.elementor-vertical-align-middle .elementor-image-box-wrapper{align-items:center}.elementor-widget-image-box.elementor-vertical-align-bottom .elementor-image-box-wrapper{align-items:flex-end}}@media (max-width:767px){.elementor-widget-image-box .elementor-image-box-img{margin-left:auto!important;margin-right:auto!important;margin-bottom:15px}}.elementor-widget-image-box .elementor-image-box-img{display:inline-block}.elementor-widget-image-box .elementor-image-box-title a{color:inherit}.elementor-widget-image-box .elementor-image-box-wrapper{text-align:center}.elementor-widget-image-box .elementor-image-box-description{margin:0}<\/style><div class=\"elementor-image-box-wrapper\"><figure class=\"elementor-image-box-img\"><img fetchpriority=\"high\" decoding=\"async\" width=\"2560\" height=\"1707\" src=\"https:\/\/files.gntfile.com\/data-uploads\/453\/2024\/12\/\u7528\u90141-3-scaled.jpg\" class=\"attachment-full size-full wp-image-1746\" alt=\"h\u00e9lium\" srcset=\"https:\/\/files.gntfile.com\/data-uploads\/453\/2024\/12\/\u7528\u90141-3-scaled.jpg 2560w, https:\/\/files.gntfile.com\/data-uploads\/453\/2024\/12\/\u7528\u90141-3-768x512.jpg 768w, https:\/\/files.gntfile.com\/data-uploads\/453\/2024\/12\/\u7528\u90141-3-1536x1024.jpg 1536w, https:\/\/files.gntfile.com\/data-uploads\/453\/2024\/12\/\u7528\u90141-3-2048x1365.jpg 2048w, https:\/\/files.gntfile.com\/data-uploads\/453\/2024\/12\/\u7528\u90141-3-18x12.jpg 18w, https:\/\/files.gntfile.com\/data-uploads\/453\/2024\/12\/\u7528\u90141-3-600x400.jpg 600w\" sizes=\"(max-width: 2560px) 100vw, 2560px\" \/><\/figure><div class=\"elementor-image-box-content\"><div class=\"elementor-image-box-title\">Gaz de levage<\/div><p class=\"elementor-image-box-description\">L&#039;h\u00e9lium est utilis\u00e9 dans les ballons, les dirigeables et les dirigeables en raison de sa faible densit\u00e9 et de son ininflammabilit\u00e9.<\/p><\/div><\/div>\t\t<\/div>\n\t\t\t\t<\/div>\n\t\t\t\t\t<\/div>\n\t\t\t\t<\/div>\n\t\t\t\t\t\t\t\t<\/div>\n\t\t\t\t\t\t\t\t\t\t\t<div class=\"swiper-slide\" data-slide=\"2\" role=\"group\" aria-roledescription=\"slide\" aria-label=\"2 sur 4\">\n\t\t\t\t\t\t\t<div class=\"elementor-element elementor-element-69a069f e-flex e-con-boxed e-con e-child\" data-id=\"69a069f\" data-element_type=\"container\" data-settings=\"{&quot;background_background&quot;:&quot;classic&quot;}\">\n\t\t\t\t\t<div class=\"e-con-inner\">\n\t\t\t\t<div class=\"elementor-element elementor-element-f8c1cd6 elementor-position-top elementor-widget elementor-widget-image-box\" data-id=\"f8c1cd6\" data-element_type=\"widget\" data-widget_type=\"image-box.default\">\n\t\t\t\t<div class=\"elementor-widget-container\">\n\t\t\t<div class=\"elementor-image-box-wrapper\"><figure class=\"elementor-image-box-img\"><img decoding=\"async\" width=\"2560\" height=\"1707\" src=\"https:\/\/files.gntfile.com\/data-uploads\/453\/2024\/12\/\u7528\u90142-3-scaled.jpg\" class=\"attachment-full size-full wp-image-1747\" alt=\"h\u00e9lium\" srcset=\"https:\/\/files.gntfile.com\/data-uploads\/453\/2024\/12\/\u7528\u90142-3-scaled.jpg 2560w, https:\/\/files.gntfile.com\/data-uploads\/453\/2024\/12\/\u7528\u90142-3-768x512.jpg 768w, https:\/\/files.gntfile.com\/data-uploads\/453\/2024\/12\/\u7528\u90142-3-1536x1024.jpg 1536w, https:\/\/files.gntfile.com\/data-uploads\/453\/2024\/12\/\u7528\u90142-3-2048x1365.jpg 2048w, https:\/\/files.gntfile.com\/data-uploads\/453\/2024\/12\/\u7528\u90142-3-18x12.jpg 18w, https:\/\/files.gntfile.com\/data-uploads\/453\/2024\/12\/\u7528\u90142-3-600x400.jpg 600w\" sizes=\"(max-width: 2560px) 100vw, 2560px\" \/><\/figure><div class=\"elementor-image-box-content\"><div class=\"elementor-image-box-title\">Soudage<\/div><p class=\"elementor-image-box-description\">Sert de gaz de protection lors du soudage, en particulier pour les applications hautes performances impliquant des m\u00e9taux non ferreux.<\/p><\/div><\/div>\t\t<\/div>\n\t\t\t\t<\/div>\n\t\t\t\t\t<\/div>\n\t\t\t\t<\/div>\n\t\t\t\t\t\t\t\t<\/div>\n\t\t\t\t\t\t\t\t\t\t\t<div class=\"swiper-slide\" data-slide=\"3\" role=\"group\" aria-roledescription=\"slide\" aria-label=\"3 sur 4\">\n\t\t\t\t\t\t\t<div class=\"elementor-element elementor-element-4996b3b e-flex e-con-boxed e-con e-child\" data-id=\"4996b3b\" data-element_type=\"container\" data-settings=\"{&quot;background_background&quot;:&quot;classic&quot;}\">\n\t\t\t\t\t<div class=\"e-con-inner\">\n\t\t\t\t<div class=\"elementor-element elementor-element-5b4b89d elementor-position-top elementor-widget elementor-widget-image-box\" data-id=\"5b4b89d\" data-element_type=\"widget\" data-widget_type=\"image-box.default\">\n\t\t\t\t<div class=\"elementor-widget-container\">\n\t\t\t<div class=\"elementor-image-box-wrapper\"><figure class=\"elementor-image-box-img\"><img decoding=\"async\" width=\"2560\" height=\"1707\" src=\"https:\/\/files.gntfile.com\/data-uploads\/453\/2024\/12\/\u7528\u90143-3-scaled.jpg\" class=\"attachment-full size-full wp-image-1748\" alt=\"h\u00e9lium\" srcset=\"https:\/\/files.gntfile.com\/data-uploads\/453\/2024\/12\/\u7528\u90143-3-scaled.jpg 2560w, https:\/\/files.gntfile.com\/data-uploads\/453\/2024\/12\/\u7528\u90143-3-768x512.jpg 768w, https:\/\/files.gntfile.com\/data-uploads\/453\/2024\/12\/\u7528\u90143-3-1536x1024.jpg 1536w, https:\/\/files.gntfile.com\/data-uploads\/453\/2024\/12\/\u7528\u90143-3-2048x1365.jpg 2048w, https:\/\/files.gntfile.com\/data-uploads\/453\/2024\/12\/\u7528\u90143-3-18x12.jpg 18w, https:\/\/files.gntfile.com\/data-uploads\/453\/2024\/12\/\u7528\u90143-3-600x400.jpg 600w\" sizes=\"(max-width: 2560px) 100vw, 2560px\" \/><\/figure><div class=\"elementor-image-box-content\"><div class=\"elementor-image-box-title\">Cryog\u00e9nie<\/div><p class=\"elementor-image-box-description\">Son point d\u2019\u00e9bullition extr\u00eamement bas le rend essentiel pour la recherche cryog\u00e9nique et le refroidissement.<\/p><\/div><\/div>\t\t<\/div>\n\t\t\t\t<\/div>\n\t\t\t\t\t<\/div>\n\t\t\t\t<\/div>\n\t\t\t\t\t\t\t\t<\/div>\n\t\t\t\t\t\t\t\t\t\t\t<div class=\"swiper-slide\" data-slide=\"4\" role=\"group\" aria-roledescription=\"slide\" aria-label=\"4 sur 4\">\n\t\t\t\t\t\t\t<div class=\"elementor-element elementor-element-bede355 e-flex e-con-boxed e-con e-child\" data-id=\"bede355\" data-element_type=\"container\" data-settings=\"{&quot;background_background&quot;:&quot;classic&quot;}\">\n\t\t\t\t\t<div class=\"e-con-inner\">\n\t\t\t\t<div class=\"elementor-element elementor-element-55ba7b6 elementor-position-top elementor-widget elementor-widget-image-box\" data-id=\"55ba7b6\" data-element_type=\"widget\" data-widget_type=\"image-box.default\">\n\t\t\t\t<div class=\"elementor-widget-container\">\n\t\t\t<div class=\"elementor-image-box-wrapper\"><figure class=\"elementor-image-box-img\"><img loading=\"lazy\" decoding=\"async\" width=\"2560\" height=\"1922\" src=\"https:\/\/files.gntfile.com\/data-uploads\/453\/2024\/12\/\u7528\u90144-scaled.jpg\" class=\"attachment-full size-full wp-image-1749\" alt=\"h\u00e9lium\" srcset=\"https:\/\/files.gntfile.com\/data-uploads\/453\/2024\/12\/\u7528\u90144-scaled.jpg 2560w, https:\/\/files.gntfile.com\/data-uploads\/453\/2024\/12\/\u7528\u90144-768x577.jpg 768w, https:\/\/files.gntfile.com\/data-uploads\/453\/2024\/12\/\u7528\u90144-1536x1153.jpg 1536w, https:\/\/files.gntfile.com\/data-uploads\/453\/2024\/12\/\u7528\u90144-2048x1538.jpg 2048w, https:\/\/files.gntfile.com\/data-uploads\/453\/2024\/12\/\u7528\u90144-16x12.jpg 16w, https:\/\/files.gntfile.com\/data-uploads\/453\/2024\/12\/\u7528\u90144-600x451.jpg 600w\" sizes=\"(max-width: 2560px) 100vw, 2560px\" \/><\/figure><div class=\"elementor-image-box-content\"><div class=\"elementor-image-box-title\">\u00c9lectronique<\/div><p class=\"elementor-image-box-description\">L&#039;h\u00e9lium est utilis\u00e9 dans la fabrication de semi-conducteurs et dans la production de fibres optiques.<\/p><\/div><\/div>\t\t<\/div>\n\t\t\t\t<\/div>\n\t\t\t\t\t<\/div>\n\t\t\t\t<\/div>\n\t\t\t\t\t\t\t\t<\/div>\n\t\t\t\t\t\t\t\t<\/div>\n\t\t<\/div>\n\t\t\t\t\t<div class=\"elementor-swiper-button elementor-swiper-button-prev\" role=\"button\" tabindex=\"0\">\n\t\t\t\t<svg aria-hidden=\"true\" class=\"e-font-icon-svg e-eicon-chevron-left\" viewbox=\"0 0 1000 1000\" xmlns=\"http:\/\/www.w3.org\/2000\/svg\"><path d=\"M646 125C629 125 613 133 604 142L308 442C296 454 292 471 292 487 292 504 296 521 308 533L604 854C617 867 629 875 646 875 663 875 679 871 692 858 704 846 713 829 713 812 713 796 708 779 692 767L438 487 692 225C700 217 708 204 708 187 708 171 704 154 692 142 675 129 663 125 646 125Z\"><\/path><\/svg>\t\t\t<\/div>\n\t\t\t<div class=\"elementor-swiper-button elementor-swiper-button-next\" role=\"button\" tabindex=\"0\">\n\t\t\t\t<svg aria-hidden=\"true\" class=\"e-font-icon-svg e-eicon-chevron-right\" viewbox=\"0 0 1000 1000\" xmlns=\"http:\/\/www.w3.org\/2000\/svg\"><path d=\"M696 533C708 521 713 504 713 487 713 471 708 454 696 446L400 146C388 133 375 125 354 125 338 125 325 129 313 142 300 154 292 171 292 187 292 204 296 221 308 233L563 492 304 771C292 783 288 800 288 817 288 833 296 850 308 863 321 871 338 875 354 875 371 875 388 867 400 854L696 533Z\"><\/path><\/svg>\t\t\t<\/div>\n\t\t\t\t\t<div class=\"swiper-pagination\"><\/div>\n\t\t\t\t<\/div>\n\t\t\t\t<\/div>\n\t\t\t\t\t<\/div>\n\t\t\t\t<\/div>\n\t\t\t\t<\/div>","protected":false},"excerpt":{"rendered":"<p>L&#039;h\u00e9lium est le deuxi\u00e8me \u00e9l\u00e9ment le plus l\u00e9ger et le plus abondant de l&#039;univers, apr\u00e8s l&#039;hydrog\u00e8ne, mais il est relativement rare sur Terre. L&#039;h\u00e9lium est principalement extrait des gisements de gaz naturel, o\u00f9 il est pr\u00e9sent en petites quantit\u00e9s \u00e0 la suite de la d\u00e9sint\u00e9gration radioactive d&#039;\u00e9l\u00e9ments lourds sous terre. Le gaz est s\u00e9par\u00e9 par un processus de distillation cryog\u00e9nique.<\/p>","protected":false},"featured_media":1745,"template":"","meta":{"_acf_changed":false,"_seopress_robots_primary_cat":"none"},"product_brand":[],"product_cat":[40],"product_tag":[],"class_list":{"0":"post-1744","1":"product","2":"type-product","3":"status-publish","4":"has-post-thumbnail","6":"product_cat-bulk-gases","8":"first","9":"instock","10":"shipping-taxable","11":"product-type-simple"},"acf":[],"_links":{"self":[{"href":"https:\/\/www.gastonghui.com\/fr\/wp-json\/wp\/v2\/product\/1744","targetHints":{"allow":["GET"]}}],"collection":[{"href":"https:\/\/www.gastonghui.com\/fr\/wp-json\/wp\/v2\/product"}],"about":[{"href":"https:\/\/www.gastonghui.com\/fr\/wp-json\/wp\/v2\/types\/product"}],"version-history":[{"count":29,"href":"https:\/\/www.gastonghui.com\/fr\/wp-json\/wp\/v2\/product\/1744\/revisions"}],"predecessor-version":[{"id":2955,"href":"https:\/\/www.gastonghui.com\/fr\/wp-json\/wp\/v2\/product\/1744\/revisions\/2955"}],"wp:featuredmedia":[{"embeddable":true,"href":"https:\/\/www.gastonghui.com\/fr\/wp-json\/wp\/v2\/media\/1745"}],"wp:attachment":[{"href":"https:\/\/www.gastonghui.com\/fr\/wp-json\/wp\/v2\/media?parent=1744"}],"wp:term":[{"taxonomy":"product_brand","embeddable":true,"href":"https:\/\/www.gastonghui.com\/fr\/wp-json\/wp\/v2\/product_brand?post=1744"},{"taxonomy":"product_cat","embeddable":true,"href":"https:\/\/www.gastonghui.com\/fr\/wp-json\/wp\/v2\/product_cat?post=1744"},{"taxonomy":"product_tag","embeddable":true,"href":"https:\/\/www.gastonghui.com\/fr\/wp-json\/wp\/v2\/product_tag?post=1744"}],"curies":[{"name":"wp","href":"https:\/\/api.w.org\/{rel}","templated":true}]}}