
{"id":1720,"date":"2024-12-17T13:57:55","date_gmt":"2024-12-17T05:57:55","guid":{"rendered":"https:\/\/www.gastonghui.com\/?post_type=product&#038;p=1720"},"modified":"2025-01-10T10:26:11","modified_gmt":"2025-01-10T02:26:11","slug":"nitrogen","status":"publish","type":"product","link":"https:\/\/www.gastonghui.com\/fr\/produit\/nitrogen\/","title":{"rendered":"Azote"},"content":{"rendered":"<div data-elementor-type=\"product-post\" data-elementor-id=\"1720\" class=\"elementor elementor-1720\" data-elementor-post-type=\"product\">\n\t\t\t\t<div class=\"elementor-element elementor-element-54bc643 e-flex e-con-boxed e-con e-parent\" data-id=\"54bc643\" data-element_type=\"container\">\n\t\t\t\t\t<div class=\"e-con-inner\">\n\t\t\t\t<div class=\"elementor-element elementor-element-1c4c623 elementor-widget elementor-widget-heading\" data-id=\"1c4c623\" data-element_type=\"widget\" data-widget_type=\"heading.default\">\n\t\t\t\t<div class=\"elementor-widget-container\">\n\t\t\t<style>\/*! elementor - v3.21.0 - 18-04-2024 *\/\n.elementor-heading-title{padding:0;margin:0;line-height:1}.elementor-widget-heading .elementor-heading-title[class*=elementor-size-]>a{color:inherit;font-size:inherit;line-height:inherit}.elementor-widget-heading .elementor-heading-title.elementor-size-small{font-size:15px}.elementor-widget-heading .elementor-heading-title.elementor-size-medium{font-size:19px}.elementor-widget-heading .elementor-heading-title.elementor-size-large{font-size:29px}.elementor-widget-heading .elementor-heading-title.elementor-size-xl{font-size:39px}.elementor-widget-heading .elementor-heading-title.elementor-size-xxl{font-size:59px}<\/style><h3 class=\"elementor-heading-title elementor-size-default\">Param\u00e8tres physiques <\/h3>\t\t<\/div>\n\t\t\t\t<\/div>\n\t\t\t\t<div class=\"elementor-element elementor-element-c4c8591 elementor-widget elementor-widget-text-editor\" data-id=\"c4c8591\" data-element_type=\"widget\" data-widget_type=\"text-editor.default\">\n\t\t\t\t<div class=\"elementor-widget-container\">\n\t\t\t<style>\/*! elementor - v3.21.0 - 18-04-2024 *\/\n.elementor-widget-text-editor.elementor-drop-cap-view-stacked .elementor-drop-cap{background-color:#69727d;color:#fff}.elementor-widget-text-editor.elementor-drop-cap-view-framed .elementor-drop-cap{color:#69727d;border:3px solid;background-color:transparent}.elementor-widget-text-editor:not(.elementor-drop-cap-view-default) .elementor-drop-cap{margin-top:8px}.elementor-widget-text-editor:not(.elementor-drop-cap-view-default) .elementor-drop-cap-letter{width:1em;height:1em}.elementor-widget-text-editor .elementor-drop-cap{float:left;text-align:center;line-height:1;font-size:50px}.elementor-widget-text-editor .elementor-drop-cap-letter{display:inline-block}<\/style>\t\t\t\t<table style=\"width: 100%;background-color: #ebfffc\">\n<tbody>\n<tr>\n<td rowspan=\"2\" width=\"180\"><strong><b>Nom chimique<\/b><\/strong><\/td>\n<td rowspan=\"2\" width=\"180\"><strong><b>Propri\u00e9t\u00e9<\/b><\/strong><\/td>\n<td rowspan=\"2\" width=\"101\"><strong><b>Puret\u00e9<\/b><\/strong><\/td>\n<td colspan=\"4\" width=\"399\"><strong><b>Param\u00e8tres du package d&#039;approvisionnement<\/b><\/strong><\/p>\n<p><strong><b>(Moins de 21,1 \u2103)<\/b><\/strong><\/td>\n<\/tr>\n<tr>\n<td width=\"141\"><strong><b>Soupape<\/b><\/strong><\/td>\n<td width=\"89\"><strong><b>Capacit\u00e9<\/b><\/strong><strong><b><br \/>\n<\/b><\/strong><strong><b>(L)<\/b><\/strong><\/td>\n<td width=\"89\"><strong><b>Pression<\/b><\/strong><\/p>\n<p><strong><b>(psig)<\/b><\/strong><\/td>\n<td width=\"78\"><strong><b>Gaz<\/b><\/strong><strong><b><br \/>\n<\/b><\/strong><strong><b>Volume<\/b><\/strong><\/td>\n<\/tr>\n<tr>\n<td width=\"180\">Azote<\/td>\n<td width=\"180\">Gaz incolore, inodore et g\u00e9n\u00e9ralement non toxique<\/td>\n<td width=\"101\">99.9995%<\/td>\n<td width=\"141\">CGA580\/DISS-718<\/td>\n<td width=\"89\">44<\/td>\n<td width=\"89\">2200<\/td>\n<td width=\"78\">6m\u00b3<\/td>\n<\/tr>\n<\/tbody>\n<\/table>\n\t\t\t\t\t\t<\/div>\n\t\t\t\t<\/div>\n\t\t\t\t\t<\/div>\n\t\t\t\t<\/div>\n\t\t<div class=\"elementor-element elementor-element-e677fe6 e-flex e-con-boxed e-con e-parent\" data-id=\"e677fe6\" data-element_type=\"container\" data-settings=\"{&quot;background_background&quot;:&quot;classic&quot;}\">\n\t\t\t\t\t<div class=\"e-con-inner\">\n\t\t\t\t<div class=\"elementor-element elementor-element-c32ab70 elementor-widget elementor-widget-heading\" data-id=\"c32ab70\" data-element_type=\"widget\" data-widget_type=\"heading.default\">\n\t\t\t\t<div class=\"elementor-widget-container\">\n\t\t\t<h3 class=\"elementor-heading-title elementor-size-default\">Applications<\/h3>\t\t<\/div>\n\t\t\t\t<\/div>\n\t\t\t\t<div class=\"elementor-element elementor-element-73d8baa elementor-pagination-type-bullets elementor-arrows-position-inside elementor-pagination-position-outside elementor-widget elementor-widget-n-carousel\" data-id=\"73d8baa\" data-element_type=\"widget\" data-settings=\"{&quot;carousel_items&quot;:[{&quot;slide_title&quot;:&quot;Slide #1&quot;,&quot;_id&quot;:&quot;35daf4d&quot;},{&quot;slide_title&quot;:&quot;Slide #2&quot;,&quot;_id&quot;:&quot;f4a98fa&quot;},{&quot;slide_title&quot;:&quot;Slide #3&quot;,&quot;_id&quot;:&quot;1007ffd&quot;},{&quot;slide_title&quot;:&quot;Slide #3&quot;,&quot;_id&quot;:&quot;c202a1b&quot;}],&quot;image_spacing_custom&quot;:{&quot;unit&quot;:&quot;px&quot;,&quot;size&quot;:30,&quot;sizes&quot;:[]},&quot;slides_to_show_tablet&quot;:&quot;2&quot;,&quot;slides_to_show_mobile&quot;:&quot;1&quot;,&quot;autoplay&quot;:&quot;yes&quot;,&quot;autoplay_speed&quot;:5000,&quot;pause_on_hover&quot;:&quot;yes&quot;,&quot;pause_on_interaction&quot;:&quot;yes&quot;,&quot;infinite&quot;:&quot;yes&quot;,&quot;speed&quot;:500,&quot;offset_sides&quot;:&quot;none&quot;,&quot;arrows&quot;:&quot;yes&quot;,&quot;pagination&quot;:&quot;bullets&quot;,&quot;image_spacing_custom_tablet&quot;:{&quot;unit&quot;:&quot;px&quot;,&quot;size&quot;:&quot;&quot;,&quot;sizes&quot;:[]},&quot;image_spacing_custom_mobile&quot;:{&quot;unit&quot;:&quot;px&quot;,&quot;size&quot;:&quot;&quot;,&quot;sizes&quot;:[]}}\" data-widget_type=\"nested-carousel.default\">\n\t\t\t\t<div class=\"elementor-widget-container\">\n\t\t\t<link rel=\"stylesheet\" href=\"https:\/\/www.gastonghui.com\/wp-content\/plugins\/elementor-pro\/assets\/css\/widget-nested-carousel.min.css\">\t\t<div class=\"e-n-carousel swiper\" dir=\"ltr\">\n\t\t\t<div class=\"swiper-wrapper\" aria-live=\"off\">\n\t\t\t\t\t\t\t\t\t\t<div class=\"swiper-slide\" data-slide=\"1\" role=\"group\" aria-roledescription=\"slide\" aria-label=\"1 sur 4\">\n\t\t\t\t\t\t\t<div class=\"elementor-element elementor-element-58389dd e-flex e-con-boxed e-con e-child\" data-id=\"58389dd\" data-element_type=\"container\" data-settings=\"{&quot;background_background&quot;:&quot;classic&quot;}\">\n\t\t\t\t\t<div class=\"e-con-inner\">\n\t\t\t\t<div class=\"elementor-element elementor-element-4baaeec elementor-position-top elementor-widget elementor-widget-image-box\" data-id=\"4baaeec\" data-element_type=\"widget\" data-widget_type=\"image-box.default\">\n\t\t\t\t<div class=\"elementor-widget-container\">\n\t\t\t<style>\/*! elementor - v3.21.0 - 18-04-2024 *\/\n.elementor-widget-image-box .elementor-image-box-content{width:100%}@media (min-width:768px){.elementor-widget-image-box.elementor-position-left .elementor-image-box-wrapper,.elementor-widget-image-box.elementor-position-right .elementor-image-box-wrapper{display:flex}.elementor-widget-image-box.elementor-position-right .elementor-image-box-wrapper{text-align:end;flex-direction:row-reverse}.elementor-widget-image-box.elementor-position-left .elementor-image-box-wrapper{text-align:start;flex-direction:row}.elementor-widget-image-box.elementor-position-top .elementor-image-box-img{margin:auto}.elementor-widget-image-box.elementor-vertical-align-top .elementor-image-box-wrapper{align-items:flex-start}.elementor-widget-image-box.elementor-vertical-align-middle .elementor-image-box-wrapper{align-items:center}.elementor-widget-image-box.elementor-vertical-align-bottom .elementor-image-box-wrapper{align-items:flex-end}}@media (max-width:767px){.elementor-widget-image-box .elementor-image-box-img{margin-left:auto!important;margin-right:auto!important;margin-bottom:15px}}.elementor-widget-image-box .elementor-image-box-img{display:inline-block}.elementor-widget-image-box .elementor-image-box-title a{color:inherit}.elementor-widget-image-box .elementor-image-box-wrapper{text-align:center}.elementor-widget-image-box .elementor-image-box-description{margin:0}<\/style><div class=\"elementor-image-box-wrapper\"><figure class=\"elementor-image-box-img\"><img fetchpriority=\"high\" decoding=\"async\" width=\"1707\" height=\"2560\" src=\"https:\/\/files.gntfile.com\/data-uploads\/453\/2024\/12\/\u7528\u90141-1-scaled.jpg\" class=\"attachment-full size-full wp-image-1725\" alt=\"brouillon automatique\" srcset=\"https:\/\/files.gntfile.com\/data-uploads\/453\/2024\/12\/\u7528\u90141-1-scaled.jpg 1707w, https:\/\/files.gntfile.com\/data-uploads\/453\/2024\/12\/\u7528\u90141-1-768x1152.jpg 768w, https:\/\/files.gntfile.com\/data-uploads\/453\/2024\/12\/\u7528\u90141-1-1024x1536.jpg 1024w, https:\/\/files.gntfile.com\/data-uploads\/453\/2024\/12\/\u7528\u90141-1-1365x2048.jpg 1365w, https:\/\/files.gntfile.com\/data-uploads\/453\/2024\/12\/\u7528\u90141-1-8x12.jpg 8w, https:\/\/files.gntfile.com\/data-uploads\/453\/2024\/12\/\u7528\u90141-1-600x900.jpg 600w\" sizes=\"(max-width: 1707px) 100vw, 1707px\" \/><\/figure><div class=\"elementor-image-box-content\"><div class=\"elementor-image-box-title\">D\u00e9coupe laser<\/div><p class=\"elementor-image-box-description\">Utilis\u00e9 avec de l&#039;h\u00e9lium de haute puret\u00e9 et du dioxyde de carbone de haute puret\u00e9 comme gaz laser pour les machines de d\u00e9coupe laser<\/p><\/div><\/div>\t\t<\/div>\n\t\t\t\t<\/div>\n\t\t\t\t\t<\/div>\n\t\t\t\t<\/div>\n\t\t\t\t\t\t\t\t<\/div>\n\t\t\t\t\t\t\t\t\t\t\t<div class=\"swiper-slide\" data-slide=\"2\" role=\"group\" aria-roledescription=\"slide\" aria-label=\"2 sur 4\">\n\t\t\t\t\t\t\t<div class=\"elementor-element elementor-element-e03641e e-flex e-con-boxed e-con e-child\" data-id=\"e03641e\" data-element_type=\"container\" data-settings=\"{&quot;background_background&quot;:&quot;classic&quot;}\">\n\t\t\t\t\t<div class=\"e-con-inner\">\n\t\t\t\t<div class=\"elementor-element elementor-element-5359a1f elementor-position-top elementor-widget elementor-widget-image-box\" data-id=\"5359a1f\" data-element_type=\"widget\" data-widget_type=\"image-box.default\">\n\t\t\t\t<div class=\"elementor-widget-container\">\n\t\t\t<div class=\"elementor-image-box-wrapper\"><figure class=\"elementor-image-box-img\"><img decoding=\"async\" width=\"500\" height=\"666\" src=\"https:\/\/files.gntfile.com\/data-uploads\/453\/2024\/12\/\u7528\u90142.jpeg\" class=\"attachment-full size-full wp-image-1722\" alt=\"brouillon automatique\" srcset=\"https:\/\/files.gntfile.com\/data-uploads\/453\/2024\/12\/\u7528\u90142.jpeg 500w, https:\/\/files.gntfile.com\/data-uploads\/453\/2024\/12\/\u7528\u90142-9x12.jpeg 9w\" sizes=\"(max-width: 500px) 100vw, 500px\" \/><\/figure><div class=\"elementor-image-box-content\"><div class=\"elementor-image-box-title\">Conservation des aliments<\/div><p class=\"elementor-image-box-description\">Utilis\u00e9 comme gaz protecteur pour la conservation des aliments<\/p><\/div><\/div>\t\t<\/div>\n\t\t\t\t<\/div>\n\t\t\t\t\t<\/div>\n\t\t\t\t<\/div>\n\t\t\t\t\t\t\t\t<\/div>\n\t\t\t\t\t\t\t\t\t\t\t<div class=\"swiper-slide\" data-slide=\"3\" role=\"group\" aria-roledescription=\"slide\" aria-label=\"3 sur 4\">\n\t\t\t\t\t\t\t<div class=\"elementor-element elementor-element-c94140f e-flex e-con-boxed e-con e-child\" data-id=\"c94140f\" data-element_type=\"container\" data-settings=\"{&quot;background_background&quot;:&quot;classic&quot;}\">\n\t\t\t\t\t<div class=\"e-con-inner\">\n\t\t\t\t<div class=\"elementor-element elementor-element-c24de8b elementor-position-top elementor-widget elementor-widget-image-box\" data-id=\"c24de8b\" data-element_type=\"widget\" data-widget_type=\"image-box.default\">\n\t\t\t\t<div class=\"elementor-widget-container\">\n\t\t\t<div class=\"elementor-image-box-wrapper\"><figure class=\"elementor-image-box-img\"><img decoding=\"async\" width=\"2530\" height=\"1894\" src=\"https:\/\/files.gntfile.com\/data-uploads\/453\/2024\/12\/\u7528\u90143.jpeg\" class=\"attachment-full size-full wp-image-1723\" alt=\"brouillon automatique\" srcset=\"https:\/\/files.gntfile.com\/data-uploads\/453\/2024\/12\/\u7528\u90143.jpeg 2530w, https:\/\/files.gntfile.com\/data-uploads\/453\/2024\/12\/\u7528\u90143-768x575.jpeg 768w, https:\/\/files.gntfile.com\/data-uploads\/453\/2024\/12\/\u7528\u90143-1536x1150.jpeg 1536w, https:\/\/files.gntfile.com\/data-uploads\/453\/2024\/12\/\u7528\u90143-2048x1533.jpeg 2048w, https:\/\/files.gntfile.com\/data-uploads\/453\/2024\/12\/\u7528\u90143-16x12.jpeg 16w, https:\/\/files.gntfile.com\/data-uploads\/453\/2024\/12\/\u7528\u90143-600x449.jpeg 600w\" sizes=\"(max-width: 2530px) 100vw, 2530px\" \/><\/figure><div class=\"elementor-image-box-content\"><div class=\"elementor-image-box-title\">Gaz r\u00e9frig\u00e9rant<\/div><p class=\"elementor-image-box-description\">Utilis\u00e9 comme liquide de refroidissement car l&#039;azote liquide est extr\u00eamement froid, avec un point d&#039;\u00e9bullition de -196\u00b0C (-320\u00b0F)<\/p><\/div><\/div>\t\t<\/div>\n\t\t\t\t<\/div>\n\t\t\t\t\t<\/div>\n\t\t\t\t<\/div>\n\t\t\t\t\t\t\t\t<\/div>\n\t\t\t\t\t\t\t\t\t\t\t<div class=\"swiper-slide\" data-slide=\"4\" role=\"group\" aria-roledescription=\"slide\" aria-label=\"4 sur 4\">\n\t\t\t\t\t\t\t<div class=\"elementor-element elementor-element-c066f9f e-flex e-con-boxed e-con e-child\" data-id=\"c066f9f\" data-element_type=\"container\" data-settings=\"{&quot;background_background&quot;:&quot;classic&quot;}\">\n\t\t\t\t\t<div class=\"e-con-inner\">\n\t\t\t\t<div class=\"elementor-element elementor-element-b4dc5f1 elementor-position-top elementor-widget elementor-widget-image-box\" data-id=\"b4dc5f1\" data-element_type=\"widget\" data-widget_type=\"image-box.default\">\n\t\t\t\t<div class=\"elementor-widget-container\">\n\t\t\t<div class=\"elementor-image-box-wrapper\"><figure class=\"elementor-image-box-img\"><img loading=\"lazy\" decoding=\"async\" width=\"2560\" height=\"1502\" src=\"https:\/\/files.gntfile.com\/data-uploads\/453\/2024\/12\/\u7528\u90144-scaled.jpeg\" class=\"attachment-full size-full wp-image-1724\" alt=\"brouillon automatique\" srcset=\"https:\/\/files.gntfile.com\/data-uploads\/453\/2024\/12\/\u7528\u90144-scaled.jpeg 2560w, https:\/\/files.gntfile.com\/data-uploads\/453\/2024\/12\/\u7528\u90144-768x451.jpeg 768w, https:\/\/files.gntfile.com\/data-uploads\/453\/2024\/12\/\u7528\u90144-1536x901.jpeg 1536w, https:\/\/files.gntfile.com\/data-uploads\/453\/2024\/12\/\u7528\u90144-2048x1202.jpeg 2048w, https:\/\/files.gntfile.com\/data-uploads\/453\/2024\/12\/\u7528\u90144-18x12.jpeg 18w, https:\/\/files.gntfile.com\/data-uploads\/453\/2024\/12\/\u7528\u90144-600x352.jpeg 600w\" sizes=\"(max-width: 2560px) 100vw, 2560px\" \/><\/figure><div class=\"elementor-image-box-content\"><div class=\"elementor-image-box-title\">Gaz de purge<\/div><p class=\"elementor-image-box-description\">L\u2019azote est inerte, ce qui le rend id\u00e9al pour cr\u00e9er un environnement protecteur et sans oxyg\u00e8ne.<\/p><\/div><\/div>\t\t<\/div>\n\t\t\t\t<\/div>\n\t\t\t\t\t<\/div>\n\t\t\t\t<\/div>\n\t\t\t\t\t\t\t\t<\/div>\n\t\t\t\t\t\t\t\t<\/div>\n\t\t<\/div>\n\t\t\t\t\t<div class=\"elementor-swiper-button elementor-swiper-button-prev\" role=\"button\" tabindex=\"0\">\n\t\t\t\t<svg aria-hidden=\"true\" class=\"e-font-icon-svg e-eicon-chevron-left\" viewbox=\"0 0 1000 1000\" xmlns=\"http:\/\/www.w3.org\/2000\/svg\"><path d=\"M646 125C629 125 613 133 604 142L308 442C296 454 292 471 292 487 292 504 296 521 308 533L604 854C617 867 629 875 646 875 663 875 679 871 692 858 704 846 713 829 713 812 713 796 708 779 692 767L438 487 692 225C700 217 708 204 708 187 708 171 704 154 692 142 675 129 663 125 646 125Z\"><\/path><\/svg>\t\t\t<\/div>\n\t\t\t<div class=\"elementor-swiper-button elementor-swiper-button-next\" role=\"button\" tabindex=\"0\">\n\t\t\t\t<svg aria-hidden=\"true\" class=\"e-font-icon-svg e-eicon-chevron-right\" viewbox=\"0 0 1000 1000\" xmlns=\"http:\/\/www.w3.org\/2000\/svg\"><path d=\"M696 533C708 521 713 504 713 487 713 471 708 454 696 446L400 146C388 133 375 125 354 125 338 125 325 129 313 142 300 154 292 171 292 187 292 204 296 221 308 233L563 492 304 771C292 783 288 800 288 817 288 833 296 850 308 863 321 871 338 875 354 875 371 875 388 867 400 854L696 533Z\"><\/path><\/svg>\t\t\t<\/div>\n\t\t\t\t\t<div class=\"swiper-pagination\"><\/div>\n\t\t\t\t<\/div>\n\t\t\t\t<\/div>\n\t\t\t\t\t<\/div>\n\t\t\t\t<\/div>\n\t\t\t\t<\/div>","protected":false},"excerpt":{"rendered":"<p>L&#039;azote est principalement produit par des m\u00e9thodes de s\u00e9paration de l&#039;air, car il est abondant dans l&#039;atmosph\u00e8re. L&#039;azote a de nombreuses applications, notamment comme liquide de refroidissement sous forme liquide, gaz de purge dans l&#039;industrie \u00e9lectronique, atmosph\u00e8re protectrice pour les emballages alimentaires et composant cl\u00e9 des engrais.<\/p>","protected":false},"featured_media":1721,"template":"","meta":{"_acf_changed":false,"_seopress_robots_primary_cat":""},"product_brand":[],"product_cat":[40],"product_tag":[],"class_list":{"0":"post-1720","1":"product","2":"type-product","3":"status-publish","4":"has-post-thumbnail","6":"product_cat-bulk-gases","8":"first","9":"instock","10":"shipping-taxable","11":"product-type-simple"},"acf":[],"_links":{"self":[{"href":"https:\/\/www.gastonghui.com\/fr\/wp-json\/wp\/v2\/product\/1720","targetHints":{"allow":["GET"]}}],"collection":[{"href":"https:\/\/www.gastonghui.com\/fr\/wp-json\/wp\/v2\/product"}],"about":[{"href":"https:\/\/www.gastonghui.com\/fr\/wp-json\/wp\/v2\/types\/product"}],"version-history":[{"count":34,"href":"https:\/\/www.gastonghui.com\/fr\/wp-json\/wp\/v2\/product\/1720\/revisions"}],"predecessor-version":[{"id":2943,"href":"https:\/\/www.gastonghui.com\/fr\/wp-json\/wp\/v2\/product\/1720\/revisions\/2943"}],"wp:featuredmedia":[{"embeddable":true,"href":"https:\/\/www.gastonghui.com\/fr\/wp-json\/wp\/v2\/media\/1721"}],"wp:attachment":[{"href":"https:\/\/www.gastonghui.com\/fr\/wp-json\/wp\/v2\/media?parent=1720"}],"wp:term":[{"taxonomy":"product_brand","embeddable":true,"href":"https:\/\/www.gastonghui.com\/fr\/wp-json\/wp\/v2\/product_brand?post=1720"},{"taxonomy":"product_cat","embeddable":true,"href":"https:\/\/www.gastonghui.com\/fr\/wp-json\/wp\/v2\/product_cat?post=1720"},{"taxonomy":"product_tag","embeddable":true,"href":"https:\/\/www.gastonghui.com\/fr\/wp-json\/wp\/v2\/product_tag?post=1720"}],"curies":[{"name":"wp","href":"https:\/\/api.w.org\/{rel}","templated":true}]}}