
{"id":1131,"date":"2024-11-26T16:30:50","date_gmt":"2024-11-26T08:30:50","guid":{"rendered":"https:\/\/www.gastonghui.com\/?page_id=1131"},"modified":"2025-01-10T12:25:41","modified_gmt":"2025-01-10T04:25:41","slug":"cylinder-testing","status":"publish","type":"page","link":"https:\/\/www.gastonghui.com\/fr\/cylinder-testing\/","title":{"rendered":"Test des cylindres"},"content":{"rendered":"<div data-elementor-type=\"wp-page\" data-elementor-id=\"1131\" class=\"elementor elementor-1131\" data-elementor-post-type=\"page\">\n\t\t\t\t<div class=\"elementor-element elementor-element-436d86b e-grid e-con-boxed e-con e-parent\" data-id=\"436d86b\" data-element_type=\"container\">\n\t\t\t\t\t<div class=\"e-con-inner\">\n\t\t<div class=\"elementor-element elementor-element-9e36d96 e-flex e-con-boxed e-con e-child\" data-id=\"9e36d96\" data-element_type=\"container\">\n\t\t\t\t\t<div class=\"e-con-inner\">\n\t\t\t\t<div class=\"elementor-element elementor-element-9873351 elementor-widget__width-initial color-text elementor-widget elementor-widget-heading\" data-id=\"9873351\" data-element_type=\"widget\" data-widget_type=\"heading.default\">\n\t\t\t\t<div class=\"elementor-widget-container\">\n\t\t\t<style>\/*! elementor - v3.21.0 - 18-04-2024 *\/\n.elementor-heading-title{padding:0;margin:0;line-height:1}.elementor-widget-heading .elementor-heading-title[class*=elementor-size-]>a{color:inherit;font-size:inherit;line-height:inherit}.elementor-widget-heading .elementor-heading-title.elementor-size-small{font-size:15px}.elementor-widget-heading .elementor-heading-title.elementor-size-medium{font-size:19px}.elementor-widget-heading .elementor-heading-title.elementor-size-large{font-size:29px}.elementor-widget-heading .elementor-heading-title.elementor-size-xl{font-size:39px}.elementor-widget-heading .elementor-heading-title.elementor-size-xxl{font-size:59px}<\/style><h2 class=\"elementor-heading-title elementor-size-default\">Excellence pionni\u00e8re en mati\u00e8re d&#039;int\u00e9grit\u00e9 des cylindres<\/h2>\t\t<\/div>\n\t\t\t\t<\/div>\n\t\t\t\t\t<\/div>\n\t\t\t\t<\/div>\n\t\t\t\t<div class=\"elementor-element elementor-element-d83d9db elementor-widget elementor-widget-icon-box\" data-id=\"d83d9db\" data-element_type=\"widget\" data-widget_type=\"icon-box.default\">\n\t\t\t\t<div class=\"elementor-widget-container\">\n\t\t\t<link rel=\"stylesheet\" href=\"https:\/\/www.gastonghui.com\/wp-content\/plugins\/elementor\/assets\/css\/widget-icon-box.min.css\">\t\t<div class=\"elementor-icon-box-wrapper\">\n\n\t\t\t\n\t\t\t\t\t\t<div class=\"elementor-icon-box-content\">\n\n\t\t\t\t\t\t\t\t\t<h3 class=\"elementor-icon-box-title\">\n\t\t\t\t\t\t<span  >\n\t\t\t\t\t\t\tEngagement envers la qualit\u00e9\t\t\t\t\t\t<\/span>\n\t\t\t\t\t<\/h3>\n\t\t\t\t\n\t\t\t\t\t\t\t\t\t<p class=\"elementor-icon-box-description\">\n\t\t\t\t\t\tDepuis sa cr\u00e9ation le 1er f\u00e9vrier 2016, Chongqing Tonghui Cylinder Testing Co., Ltd. est devenue une r\u00e9f\u00e9rence en mati\u00e8re d&#039;int\u00e9grit\u00e9 des bouteilles. En tant que filiale de Tonghui Gas, elle est sp\u00e9cialis\u00e9e dans l&#039;inspection p\u00e9riodique minutieuse des bouteilles de gaz en acier sans soudure et dans le traitement interne sur mesure des bouteilles de gaz sp\u00e9ciales.\t\t\t\t\t<\/p>\n\t\t\t\t\n\t\t\t<\/div>\n\t\t\t\n\t\t<\/div>\n\t\t\t\t<\/div>\n\t\t\t\t<\/div>\n\t\t\t\t<div class=\"elementor-element elementor-element-4c2ed1a elementor-widget elementor-widget-image\" data-id=\"4c2ed1a\" data-element_type=\"widget\" data-widget_type=\"image.default\">\n\t\t\t\t<div class=\"elementor-widget-container\">\n\t\t\t<style>\/*! elementor - v3.21.0 - 18-04-2024 *\/\n.elementor-widget-image{text-align:center}.elementor-widget-image a{display:inline-block}.elementor-widget-image a img[src$=\".svg\"]{width:48px}.elementor-widget-image img{vertical-align:middle;display:inline-block}<\/style>\t\t\t\t\t\t\t\t\t\t<img fetchpriority=\"high\" decoding=\"async\" width=\"696\" height=\"404\" src=\"https:\/\/files.gntfile.com\/data-uploads\/453\/2024\/11\/Cylinder-Testing-1868.png\" class=\"attachment-large size-large wp-image-1146\" alt=\"Essai de cylindre 1868\" srcset=\"https:\/\/files.gntfile.com\/data-uploads\/453\/2024\/11\/Cylinder-Testing-1868.png 696w, https:\/\/files.gntfile.com\/data-uploads\/453\/2024\/11\/Cylinder-Testing-1868-18x10.png 18w, https:\/\/files.gntfile.com\/data-uploads\/453\/2024\/11\/Cylinder-Testing-1868-600x348.png 600w\" sizes=\"(max-width: 696px) 100vw, 696px\" \/>\t\t\t\t\t\t\t\t\t\t\t\t\t<\/div>\n\t\t\t\t<\/div>\n\t\t\t\t<div class=\"elementor-element elementor-element-b716444 elementor-widget elementor-widget-image\" data-id=\"b716444\" data-element_type=\"widget\" data-widget_type=\"image.default\">\n\t\t\t\t<div class=\"elementor-widget-container\">\n\t\t\t\t\t\t\t\t\t\t\t\t\t<img decoding=\"async\" width=\"696\" height=\"404\" src=\"https:\/\/files.gntfile.com\/data-uploads\/453\/2024\/11\/Cylinder-Testing-1869.png\" class=\"attachment-large size-large wp-image-1147\" alt=\"Essai de cylindre 1869\" srcset=\"https:\/\/files.gntfile.com\/data-uploads\/453\/2024\/11\/Cylinder-Testing-1869.png 696w, https:\/\/files.gntfile.com\/data-uploads\/453\/2024\/11\/Cylinder-Testing-1869-18x10.png 18w, https:\/\/files.gntfile.com\/data-uploads\/453\/2024\/11\/Cylinder-Testing-1869-600x348.png 600w\" sizes=\"(max-width: 696px) 100vw, 696px\" \/>\t\t\t\t\t\t\t\t\t\t\t\t\t<\/div>\n\t\t\t\t<\/div>\n\t\t\t\t<div class=\"elementor-element elementor-element-02b273f elementor-widget elementor-widget-icon-box\" data-id=\"02b273f\" data-element_type=\"widget\" data-widget_type=\"icon-box.default\">\n\t\t\t\t<div class=\"elementor-widget-container\">\n\t\t\t\t\t<div class=\"elementor-icon-box-wrapper\">\n\n\t\t\t\n\t\t\t\t\t\t<div class=\"elementor-icon-box-content\">\n\n\t\t\t\t\t\t\t\t\t<h3 class=\"elementor-icon-box-title\">\n\t\t\t\t\t\t<span  >\n\t\t\t\t\t\t\tNaviguer vers la pr\u00e9cision en production\t\t\t\t\t\t<\/span>\n\t\t\t\t\t<\/h3>\n\t\t\t\t\n\t\t\t\t\t\t\t\t\t<p class=\"elementor-icon-box-description\">\n\t\t\t\t\t\tIci, l&#039;ing\u00e9niosit\u00e9 converge avec la pr\u00e9cision puisque nous disposons de deux lignes de test externes de pointe pour les bouteilles de gaz sans soudure et d&#039;une ligne de traitement interne singuli\u00e8re d\u00e9di\u00e9e aux bouteilles de gaz sp\u00e9ciales.\t\t\t\t\t<\/p>\n\t\t\t\t\n\t\t\t<\/div>\n\t\t\t\n\t\t<\/div>\n\t\t\t\t<\/div>\n\t\t\t\t<\/div>\n\t\t\t\t<div class=\"elementor-element elementor-element-3e53631 elementor-widget elementor-widget-icon-box\" data-id=\"3e53631\" data-element_type=\"widget\" data-widget_type=\"icon-box.default\">\n\t\t\t\t<div class=\"elementor-widget-container\">\n\t\t\t\t\t<div class=\"elementor-icon-box-wrapper\">\n\n\t\t\t\n\t\t\t\t\t\t<div class=\"elementor-icon-box-content\">\n\n\t\t\t\t\t\t\t\t\t<h3 class=\"elementor-icon-box-title\">\n\t\t\t\t\t\t<span  >\n\t\t\t\t\t\t\tMise \u00e0 niveau avec la r\u00e9volution des ultrasons\t\t\t\t\t\t<\/span>\n\t\t\t\t\t<\/h3>\n\t\t\t\t\n\t\t\t\t\t\t\t\t\t<p class=\"elementor-icon-box-description\">\n\t\t\t\t\t\tDepuis sa cr\u00e9ation le 1er f\u00e9vrier 2016, Chongqing Tonghui Cylinder Testing Co., Ltd. est devenue une r\u00e9f\u00e9rence en mati\u00e8re d&#039;int\u00e9grit\u00e9 des bouteilles. En tant que filiale de Tonghui Gas, elle est sp\u00e9cialis\u00e9e dans l&#039;inspection p\u00e9riodique minutieuse des bouteilles de gaz en acier sans soudure et dans le traitement interne sur mesure des bouteilles de gaz sp\u00e9ciales.\t\t\t\t\t<\/p>\n\t\t\t\t\n\t\t\t<\/div>\n\t\t\t\n\t\t<\/div>\n\t\t\t\t<\/div>\n\t\t\t\t<\/div>\n\t\t\t\t<div class=\"elementor-element elementor-element-d06011d elementor-widget elementor-widget-image\" data-id=\"d06011d\" data-element_type=\"widget\" data-widget_type=\"image.default\">\n\t\t\t\t<div class=\"elementor-widget-container\">\n\t\t\t\t\t\t\t\t\t\t\t\t\t<img decoding=\"async\" width=\"696\" height=\"404\" src=\"https:\/\/files.gntfile.com\/data-uploads\/453\/2024\/11\/Cylinder-Testing-1870.png\" class=\"attachment-large size-large wp-image-1148\" alt=\"Essai de cylindre 1870\" srcset=\"https:\/\/files.gntfile.com\/data-uploads\/453\/2024\/11\/Cylinder-Testing-1870.png 696w, https:\/\/files.gntfile.com\/data-uploads\/453\/2024\/11\/Cylinder-Testing-1870-18x10.png 18w, https:\/\/files.gntfile.com\/data-uploads\/453\/2024\/11\/Cylinder-Testing-1870-600x348.png 600w\" sizes=\"(max-width: 696px) 100vw, 696px\" \/>\t\t\t\t\t\t\t\t\t\t\t\t\t<\/div>\n\t\t\t\t<\/div>\n\t\t\t\t<div class=\"elementor-element elementor-element-f5822e3 elementor-widget elementor-widget-image\" data-id=\"f5822e3\" data-element_type=\"widget\" data-widget_type=\"image.default\">\n\t\t\t\t<div class=\"elementor-widget-container\">\n\t\t\t\t\t\t\t\t\t\t\t\t\t<img loading=\"lazy\" decoding=\"async\" width=\"696\" height=\"404\" src=\"https:\/\/files.gntfile.com\/data-uploads\/453\/2024\/11\/Cylinder-Testing-1871.png\" class=\"attachment-large size-large wp-image-1149\" alt=\"Essai de cylindre 1871\" srcset=\"https:\/\/files.gntfile.com\/data-uploads\/453\/2024\/11\/Cylinder-Testing-1871.png 696w, https:\/\/files.gntfile.com\/data-uploads\/453\/2024\/11\/Cylinder-Testing-1871-18x10.png 18w, https:\/\/files.gntfile.com\/data-uploads\/453\/2024\/11\/Cylinder-Testing-1871-600x348.png 600w\" sizes=\"(max-width: 696px) 100vw, 696px\" \/>\t\t\t\t\t\t\t\t\t\t\t\t\t<\/div>\n\t\t\t\t<\/div>\n\t\t\t\t<div class=\"elementor-element elementor-element-5e2e54f elementor-widget elementor-widget-icon-box\" data-id=\"5e2e54f\" data-element_type=\"widget\" data-widget_type=\"icon-box.default\">\n\t\t\t\t<div class=\"elementor-widget-container\">\n\t\t\t\t\t<div class=\"elementor-icon-box-wrapper\">\n\n\t\t\t\n\t\t\t\t\t\t<div class=\"elementor-icon-box-content\">\n\n\t\t\t\t\t\t\t\t\t<h3 class=\"elementor-icon-box-title\">\n\t\t\t\t\t\t<span  >\n\t\t\t\t\t\t\tS\u00e9curit\u00e9 et performance\t\t\t\t\t\t<\/span>\n\t\t\t\t\t<\/h3>\n\t\t\t\t\n\t\t\t\t\t\t\t\t\t<p class=\"elementor-icon-box-description\">\n\t\t\t\t\t\tNotre approche int\u00e8gre des tests spectraux, une analyse approfondie de l&#039;assurance qualit\u00e9, la validation de l&#039;\u00e9tanch\u00e9it\u00e9, des \u00e9valuations de r\u00e9sistance et des examens rigoureux de la r\u00e9sistance \u00e0 la pression. Cylinder Testing ne se contente pas de tester les cylindres, nous examinons, validons et \u00e9levons leurs performances, garantissant que chaque cylindre est un gage de s\u00e9curit\u00e9 et de fiabilit\u00e9.\t\t\t\t\t<\/p>\n\t\t\t\t\n\t\t\t<\/div>\n\t\t\t\n\t\t<\/div>\n\t\t\t\t<\/div>\n\t\t\t\t<\/div>\n\t\t\t\t\t<\/div>\n\t\t\t\t<\/div>\n\t\t\t\t<\/div>","protected":false},"excerpt":{"rendered":"<p>Pionnier de l&#039;excellence en mati\u00e8re d&#039;int\u00e9grit\u00e9 des bouteilles. Engagement qualit\u00e9. Depuis sa cr\u00e9ation le 1er f\u00e9vrier 2016, Chongqing Tonghui Cylinder Testing Co., Ltd. s&#039;est impos\u00e9e comme une r\u00e9f\u00e9rence en mati\u00e8re d&#039;int\u00e9grit\u00e9 des bouteilles. Faisant partie de Tonghui Gas, elle est sp\u00e9cialis\u00e9e dans l&#039;inspection p\u00e9riodique minutieuse des bouteilles de gaz en acier sans soudure et dans la fabrication sur mesure [\u2026]<\/p>","protected":false},"author":2,"featured_media":0,"parent":0,"menu_order":0,"comment_status":"closed","ping_status":"closed","template":"elementor_header_footer","meta":{"_acf_changed":false,"_seopress_robots_primary_cat":"","footnotes":""},"class_list":["post-1131","page","type-page","status-publish"],"acf":[],"_links":{"self":[{"href":"https:\/\/www.gastonghui.com\/fr\/wp-json\/wp\/v2\/pages\/1131","targetHints":{"allow":["GET"]}}],"collection":[{"href":"https:\/\/www.gastonghui.com\/fr\/wp-json\/wp\/v2\/pages"}],"about":[{"href":"https:\/\/www.gastonghui.com\/fr\/wp-json\/wp\/v2\/types\/page"}],"author":[{"embeddable":true,"href":"https:\/\/www.gastonghui.com\/fr\/wp-json\/wp\/v2\/users\/2"}],"replies":[{"embeddable":true,"href":"https:\/\/www.gastonghui.com\/fr\/wp-json\/wp\/v2\/comments?post=1131"}],"version-history":[{"count":22,"href":"https:\/\/www.gastonghui.com\/fr\/wp-json\/wp\/v2\/pages\/1131\/revisions"}],"predecessor-version":[{"id":3047,"href":"https:\/\/www.gastonghui.com\/fr\/wp-json\/wp\/v2\/pages\/1131\/revisions\/3047"}],"wp:attachment":[{"href":"https:\/\/www.gastonghui.com\/fr\/wp-json\/wp\/v2\/media?parent=1131"}],"curies":[{"name":"wp","href":"https:\/\/api.w.org\/{rel}","templated":true}]}}