
{"id":980,"date":"2024-11-26T15:03:50","date_gmt":"2024-11-26T07:03:50","guid":{"rendered":"https:\/\/www.gastonghui.com\/?page_id=980"},"modified":"2024-12-23T14:52:10","modified_gmt":"2024-12-23T06:52:10","slug":"gallery","status":"publish","type":"page","link":"https:\/\/www.gastonghui.com\/es\/about-us\/gallery\/","title":{"rendered":"Galer\u00eda"},"content":{"rendered":"<div data-elementor-type=\"wp-page\" data-elementor-id=\"980\" class=\"elementor elementor-980\" data-elementor-post-type=\"page\">\n\t\t\t\t<div class=\"elementor-element elementor-element-08f13df e-flex e-con-boxed e-con e-parent\" data-id=\"08f13df\" data-element_type=\"container\" data-settings=\"{&quot;background_background&quot;:&quot;classic&quot;,&quot;sticky&quot;:&quot;top&quot;,&quot;sticky_on&quot;:[&quot;desktop&quot;,&quot;tablet&quot;,&quot;mobile&quot;],&quot;sticky_offset&quot;:0,&quot;sticky_effects_offset&quot;:0}\">\n\t\t\t\t\t<div class=\"e-con-inner\">\n\t\t\t\t<div class=\"elementor-element elementor-element-9e74327 elementor-nav-menu__align-center elementor-nav-menu--dropdown-none elementor-widget elementor-widget-nav-menu\" data-id=\"9e74327\" data-element_type=\"widget\" data-settings=\"{&quot;layout&quot;:&quot;horizontal&quot;,&quot;submenu_icon&quot;:{&quot;value&quot;:&quot;&lt;svg class=\\&quot;e-font-icon-svg e-fas-caret-down\\&quot; viewBox=\\&quot;0 0 320 512\\&quot; xmlns=\\&quot;http:\\\/\\\/www.w3.org\\\/2000\\\/svg\\&quot;&gt;&lt;path d=\\&quot;M31.3 192h257.3c17.8 0 26.7 21.5 14.1 34.1L174.1 354.8c-7.8 7.8-20.5 7.8-28.3 0L17.2 226.1C4.6 213.5 13.5 192 31.3 192z\\&quot;&gt;&lt;\\\/path&gt;&lt;\\\/svg&gt;&quot;,&quot;library&quot;:&quot;fa-solid&quot;}}\" data-widget_type=\"nav-menu.default\">\n\t\t\t\t<div class=\"elementor-widget-container\">\n\t\t\t<link rel=\"stylesheet\" href=\"https:\/\/www.gastonghui.com\/wp-content\/plugins\/elementor-pro\/assets\/css\/widget-nav-menu.min.css\">\t\t\t<nav class=\"elementor-nav-menu--main elementor-nav-menu__container elementor-nav-menu--layout-horizontal e--pointer-none\">\n\t\t\t\t<ul id=\"menu-1-9e74327\" class=\"elementor-nav-menu\"><li class=\"menu-item menu-item-type-post_type menu-item-object-page menu-item-2164\"><a href=\"https:\/\/www.gastonghui.com\/es\/about-us\/gallery\/\" class=\"elementor-item\">Corporativo<\/a><\/li>\n<li class=\"menu-item menu-item-type-post_type menu-item-object-page menu-item-2170\"><a href=\"https:\/\/www.gastonghui.com\/es\/about-us\/gallery\/production\/\" class=\"elementor-item\">Producci\u00f3n<\/a><\/li>\n<li class=\"menu-item menu-item-type-post_type menu-item-object-page menu-item-2169\"><a href=\"https:\/\/www.gastonghui.com\/es\/about-us\/gallery\/tanks\/\" class=\"elementor-item\">Tanques<\/a><\/li>\n<\/ul>\t\t\t<\/nav>\n\t\t\t\t\t\t<nav class=\"elementor-nav-menu--dropdown elementor-nav-menu__container\" aria-hidden=\"true\">\n\t\t\t\t<ul id=\"menu-2-9e74327\" class=\"elementor-nav-menu\"><li class=\"menu-item menu-item-type-post_type menu-item-object-page menu-item-2164\"><a href=\"https:\/\/www.gastonghui.com\/es\/about-us\/gallery\/\" class=\"elementor-item\" tabindex=\"-1\">Corporativo<\/a><\/li>\n<li class=\"menu-item menu-item-type-post_type menu-item-object-page menu-item-2170\"><a href=\"https:\/\/www.gastonghui.com\/es\/about-us\/gallery\/production\/\" class=\"elementor-item\" tabindex=\"-1\">Producci\u00f3n<\/a><\/li>\n<li class=\"menu-item menu-item-type-post_type menu-item-object-page menu-item-2169\"><a href=\"https:\/\/www.gastonghui.com\/es\/about-us\/gallery\/tanks\/\" class=\"elementor-item\" tabindex=\"-1\">Tanques<\/a><\/li>\n<\/ul>\t\t\t<\/nav>\n\t\t\t\t<\/div>\n\t\t\t\t<\/div>\n\t\t\t\t\t<\/div>\n\t\t\t\t<\/div>\n\t\t<div class=\"elementor-element elementor-element-0179606 e-flex e-con-boxed e-con e-parent\" data-id=\"0179606\" data-element_type=\"container\">\n\t\t\t\t\t<div class=\"e-con-inner\">\n\t\t\t\t<div class=\"elementor-element elementor-element-9fe576f elementor-widget elementor-widget-image-gallery\" data-id=\"9fe576f\" data-element_type=\"widget\" data-widget_type=\"image-gallery.default\">\n\t\t\t\t<div class=\"elementor-widget-container\">\n\t\t\t<style>\/*! elementor - v3.21.0 - 18-04-2024 *\/\n.elementor-image-gallery .gallery-item{display:inline-block;text-align:center;vertical-align:top;width:100%;max-width:100%;margin:0 auto}.elementor-image-gallery .gallery-item img{margin:0 auto}.elementor-image-gallery .gallery-item .gallery-caption{margin:0}.elementor-image-gallery figure img{display:block}.elementor-image-gallery figure figcaption{width:100%}.gallery-spacing-custom .elementor-image-gallery .gallery-icon{padding:0}@media (min-width:768px){.elementor-image-gallery .gallery-columns-2 .gallery-item{max-width:50%}.elementor-image-gallery .gallery-columns-3 .gallery-item{max-width:33.33%}.elementor-image-gallery .gallery-columns-4 .gallery-item{max-width:25%}.elementor-image-gallery .gallery-columns-5 .gallery-item{max-width:20%}.elementor-image-gallery .gallery-columns-6 .gallery-item{max-width:16.666%}.elementor-image-gallery .gallery-columns-7 .gallery-item{max-width:14.28%}.elementor-image-gallery .gallery-columns-8 .gallery-item{max-width:12.5%}.elementor-image-gallery .gallery-columns-9 .gallery-item{max-width:11.11%}.elementor-image-gallery .gallery-columns-10 .gallery-item{max-width:10%}}@media (min-width:480px) and (max-width:767px){.elementor-image-gallery .gallery.gallery-columns-2 .gallery-item,.elementor-image-gallery .gallery.gallery-columns-3 .gallery-item,.elementor-image-gallery .gallery.gallery-columns-4 .gallery-item,.elementor-image-gallery .gallery.gallery-columns-5 .gallery-item,.elementor-image-gallery .gallery.gallery-columns-6 .gallery-item,.elementor-image-gallery .gallery.gallery-columns-7 .gallery-item,.elementor-image-gallery .gallery.gallery-columns-8 .gallery-item,.elementor-image-gallery .gallery.gallery-columns-9 .gallery-item,.elementor-image-gallery .gallery.gallery-columns-10 .gallery-item{max-width:50%}}@media (max-width:479px){.elementor-image-gallery .gallery.gallery-columns-2 .gallery-item,.elementor-image-gallery .gallery.gallery-columns-3 .gallery-item,.elementor-image-gallery .gallery.gallery-columns-4 .gallery-item,.elementor-image-gallery .gallery.gallery-columns-5 .gallery-item,.elementor-image-gallery .gallery.gallery-columns-6 .gallery-item,.elementor-image-gallery .gallery.gallery-columns-7 .gallery-item,.elementor-image-gallery .gallery.gallery-columns-8 .gallery-item,.elementor-image-gallery .gallery.gallery-columns-9 .gallery-item,.elementor-image-gallery .gallery.gallery-columns-10 .gallery-item{max-width:100%}}<\/style>\t\t<div class=\"elementor-image-gallery\">\n\t\t\t<div id='gallery-1' class='gallery galleryid-980 gallery-columns-1 gallery-size-full'><figure class='gallery-item'>\n\t\t\t<div class='gallery-icon landscape'>\n\t\t\t\t<a data-elementor-open-lightbox=\"yes\" data-elementor-lightbox-slideshow=\"9fe576f\" data-elementor-lightbox-title=\"a competition for safety drill\" data-elementor-lightbox-description=\"a competition for safety drill\" data-e-action-hash=\"#elementor-action%3Aaction%3Dlightbox%26settings%3DeyJpZCI6MjE3MiwidXJsIjoiaHR0cHM6XC9cL2NvbnRlbnRzdG9jay5nb25namlvbmxpbmUuY29tXC81NzgyMzJcL3dwLWNvbnRlbnRcL3VwbG9hZHNcL3NpdGVzXC80NTNcLzIwMjRcLzEyXC9BLWNvbXBldGl0aW9uLWZvci1zYWZldHktZHJpbGwtMS5qcGciLCJzbGlkZXNob3ciOiI5ZmU1NzZmIn0%3D\" href='https:\/\/files.gntfile.com\/data-uploads\/453\/2024\/12\/A-competition-for-safety-drill-1.jpg'><img fetchpriority=\"high\" decoding=\"async\" width=\"1080\" height=\"720\" src=\"https:\/\/files.gntfile.com\/data-uploads\/453\/2024\/12\/A-competition-for-safety-drill-1.jpg\" class=\"attachment-full size-full\" alt=\"una competencia de simulacro de seguridad\" aria-describedby=\"gallery-1-2172\" srcset=\"https:\/\/files.gntfile.com\/data-uploads\/453\/2024\/12\/A-competition-for-safety-drill-1.jpg 1080w, https:\/\/files.gntfile.com\/data-uploads\/453\/2024\/12\/A-competition-for-safety-drill-1-768x512.jpg 768w, https:\/\/files.gntfile.com\/data-uploads\/453\/2024\/12\/A-competition-for-safety-drill-1-18x12.jpg 18w, https:\/\/files.gntfile.com\/data-uploads\/453\/2024\/12\/A-competition-for-safety-drill-1-600x400.jpg 600w\" sizes=\"(max-width: 1080px) 100vw, 1080px\" \/><\/a>\n\t\t\t<\/div>\n\t\t\t\t<figcaption class='wp-caption-text gallery-caption' id='gallery-1-2172'>\n\t\t\t\tuna competencia de simulacro de seguridad\n\t\t\t\t<\/figcaption><\/figure><figure class='gallery-item'>\n\t\t\t<div class='gallery-icon landscape'>\n\t\t\t\t<a data-elementor-open-lightbox=\"yes\" data-elementor-lightbox-slideshow=\"9fe576f\" data-elementor-lightbox-title=\"company meeting\" data-elementor-lightbox-description=\"company meeting\" data-e-action-hash=\"#elementor-action%3Aaction%3Dlightbox%26settings%3DeyJpZCI6MjE3NCwidXJsIjoiaHR0cHM6XC9cL2NvbnRlbnRzdG9jay5nb25namlvbmxpbmUuY29tXC81NzgyMzJcL3dwLWNvbnRlbnRcL3VwbG9hZHNcL3NpdGVzXC80NTNcLzIwMjRcLzEyXC9Db21wYW55LW1lZXRpbmctMS5qcGciLCJzbGlkZXNob3ciOiI5ZmU1NzZmIn0%3D\" href='https:\/\/files.gntfile.com\/data-uploads\/453\/2024\/12\/Company-meeting-1.jpg'><img decoding=\"async\" width=\"900\" height=\"600\" src=\"https:\/\/files.gntfile.com\/data-uploads\/453\/2024\/12\/Company-meeting-1.jpg\" class=\"attachment-full size-full\" alt=\"Reuni\u00f3n de empresa\" aria-describedby=\"gallery-1-2174\" srcset=\"https:\/\/files.gntfile.com\/data-uploads\/453\/2024\/12\/Company-meeting-1.jpg 900w, https:\/\/files.gntfile.com\/data-uploads\/453\/2024\/12\/Company-meeting-1-768x512.jpg 768w, https:\/\/files.gntfile.com\/data-uploads\/453\/2024\/12\/Company-meeting-1-18x12.jpg 18w, https:\/\/files.gntfile.com\/data-uploads\/453\/2024\/12\/Company-meeting-1-600x400.jpg 600w\" sizes=\"(max-width: 900px) 100vw, 900px\" \/><\/a>\n\t\t\t<\/div>\n\t\t\t\t<figcaption class='wp-caption-text gallery-caption' id='gallery-1-2174'>\n\t\t\t\tReuni\u00f3n de empresa\n\t\t\t\t<\/figcaption><\/figure><figure class='gallery-item'>\n\t\t\t<div class='gallery-icon landscape'>\n\t\t\t\t<a data-elementor-open-lightbox=\"yes\" data-elementor-lightbox-slideshow=\"9fe576f\" data-elementor-lightbox-title=\"a corner of kaiyi specail gas\" data-elementor-lightbox-description=\"a corner of kaiyi specail gas\" data-e-action-hash=\"#elementor-action%3Aaction%3Dlightbox%26settings%3DeyJpZCI6MjE3MywidXJsIjoiaHR0cHM6XC9cL2NvbnRlbnRzdG9jay5nb25namlvbmxpbmUuY29tXC81NzgyMzJcL3dwLWNvbnRlbnRcL3VwbG9hZHNcL3NpdGVzXC80NTNcLzIwMjRcLzEyXC9BLWNvcm5lci1vZi1LYWl5aS1TcGVjYWlsLUdhcy0xLmpwZyIsInNsaWRlc2hvdyI6IjlmZTU3NmYifQ%3D%3D\" href='https:\/\/files.gntfile.com\/data-uploads\/453\/2024\/12\/A-corner-of-Kaiyi-Specail-Gas-1.jpg'><img decoding=\"async\" width=\"1000\" height=\"666\" src=\"https:\/\/files.gntfile.com\/data-uploads\/453\/2024\/12\/A-corner-of-Kaiyi-Specail-Gas-1.jpg\" class=\"attachment-full size-full\" alt=\"Un rinc\u00f3n de gas especial Kaiyi\" aria-describedby=\"gallery-1-2173\" srcset=\"https:\/\/files.gntfile.com\/data-uploads\/453\/2024\/12\/A-corner-of-Kaiyi-Specail-Gas-1.jpg 1000w, https:\/\/files.gntfile.com\/data-uploads\/453\/2024\/12\/A-corner-of-Kaiyi-Specail-Gas-1-768x511.jpg 768w, https:\/\/files.gntfile.com\/data-uploads\/453\/2024\/12\/A-corner-of-Kaiyi-Specail-Gas-1-18x12.jpg 18w, https:\/\/files.gntfile.com\/data-uploads\/453\/2024\/12\/A-corner-of-Kaiyi-Specail-Gas-1-600x400.jpg 600w\" sizes=\"(max-width: 1000px) 100vw, 1000px\" \/><\/a>\n\t\t\t<\/div>\n\t\t\t\t<figcaption class='wp-caption-text gallery-caption' id='gallery-1-2173'>\n\t\t\t\tUn rinc\u00f3n de gas especial Kaiyi\n\t\t\t\t<\/figcaption><\/figure><figure class='gallery-item'>\n\t\t\t<div class='gallery-icon landscape'>\n\t\t\t\t<a data-elementor-open-lightbox=\"yes\" data-elementor-lightbox-slideshow=\"9fe576f\" data-elementor-lightbox-title=\"the aerial view of tonghui kefa gas\" data-elementor-lightbox-description=\"the aerial view of tonghui kefa gas\" data-e-action-hash=\"#elementor-action%3Aaction%3Dlightbox%26settings%3DeyJpZCI6MjE3NywidXJsIjoiaHR0cHM6XC9cL2NvbnRlbnRzdG9jay5nb25namlvbmxpbmUuY29tXC81NzgyMzJcL3dwLWNvbnRlbnRcL3VwbG9hZHNcL3NpdGVzXC80NTNcLzIwMjRcLzEyXC9UaGUtYWVyaWFsLXZpZXctb2YtVG9uZ2h1aS1LZUZhLUdhcy0xLmpwZyIsInNsaWRlc2hvdyI6IjlmZTU3NmYifQ%3D%3D\" href='https:\/\/files.gntfile.com\/data-uploads\/453\/2024\/12\/The-aerial-view-of-Tonghui-KeFa-Gas-1.jpg'><img loading=\"lazy\" decoding=\"async\" width=\"900\" height=\"600\" src=\"https:\/\/files.gntfile.com\/data-uploads\/453\/2024\/12\/The-aerial-view-of-Tonghui-KeFa-Gas-1.jpg\" class=\"attachment-full size-full\" alt=\"Vista a\u00e9rea de Tonghui Kefa Gas.\" aria-describedby=\"gallery-1-2177\" srcset=\"https:\/\/files.gntfile.com\/data-uploads\/453\/2024\/12\/The-aerial-view-of-Tonghui-KeFa-Gas-1.jpg 900w, https:\/\/files.gntfile.com\/data-uploads\/453\/2024\/12\/The-aerial-view-of-Tonghui-KeFa-Gas-1-768x512.jpg 768w, https:\/\/files.gntfile.com\/data-uploads\/453\/2024\/12\/The-aerial-view-of-Tonghui-KeFa-Gas-1-18x12.jpg 18w, https:\/\/files.gntfile.com\/data-uploads\/453\/2024\/12\/The-aerial-view-of-Tonghui-KeFa-Gas-1-600x400.jpg 600w\" sizes=\"(max-width: 900px) 100vw, 900px\" \/><\/a>\n\t\t\t<\/div>\n\t\t\t\t<figcaption class='wp-caption-text gallery-caption' id='gallery-1-2177'>\n\t\t\t\tVista a\u00e9rea de Tonghui Kefa Gas.\n\t\t\t\t<\/figcaption><\/figure><figure class='gallery-item'>\n\t\t\t<div class='gallery-icon landscape'>\n\t\t\t\t<a data-elementor-open-lightbox=\"yes\" data-elementor-lightbox-slideshow=\"9fe576f\" data-elementor-lightbox-title=\"the aerial view of kaiyang tonghui gas.\" data-elementor-lightbox-description=\"the aerial view of kaiyang tonghui gas.\" data-e-action-hash=\"#elementor-action%3Aaction%3Dlightbox%26settings%3DeyJpZCI6MjE3NiwidXJsIjoiaHR0cHM6XC9cL2NvbnRlbnRzdG9jay5nb25namlvbmxpbmUuY29tXC81NzgyMzJcL3dwLWNvbnRlbnRcL3VwbG9hZHNcL3NpdGVzXC80NTNcLzIwMjRcLzEyXC9UaGUtYWVyaWFsLXZpZXctb2YtS2FpeWFuZy1Ub25naHVpLWdhcy4tMS5wbmciLCJzbGlkZXNob3ciOiI5ZmU1NzZmIn0%3D\" href='https:\/\/files.gntfile.com\/data-uploads\/453\/2024\/12\/The-aerial-view-of-Kaiyang-Tonghui-gas.-1.png'><img loading=\"lazy\" decoding=\"async\" width=\"900\" height=\"600\" src=\"https:\/\/files.gntfile.com\/data-uploads\/453\/2024\/12\/The-aerial-view-of-Kaiyang-Tonghui-gas.-1.png\" class=\"attachment-full size-full\" alt=\"Vista a\u00e9rea de Kaiyang Tonghui Gas.\" aria-describedby=\"gallery-1-2176\" srcset=\"https:\/\/files.gntfile.com\/data-uploads\/453\/2024\/12\/The-aerial-view-of-Kaiyang-Tonghui-gas.-1.png 900w, https:\/\/files.gntfile.com\/data-uploads\/453\/2024\/12\/The-aerial-view-of-Kaiyang-Tonghui-gas.-1-768x512.png 768w, https:\/\/files.gntfile.com\/data-uploads\/453\/2024\/12\/The-aerial-view-of-Kaiyang-Tonghui-gas.-1-18x12.png 18w, https:\/\/files.gntfile.com\/data-uploads\/453\/2024\/12\/The-aerial-view-of-Kaiyang-Tonghui-gas.-1-600x400.png 600w\" sizes=\"(max-width: 900px) 100vw, 900px\" \/><\/a>\n\t\t\t<\/div>\n\t\t\t\t<figcaption class='wp-caption-text gallery-caption' id='gallery-1-2176'>\n\t\t\t\tVista a\u00e9rea de la planta de gas de Kaiyang Tonghui.\n\t\t\t\t<\/figcaption><\/figure><figure class='gallery-item'>\n\t\t\t<div class='gallery-icon landscape'>\n\t\t\t\t<a data-elementor-open-lightbox=\"yes\" data-elementor-lightbox-slideshow=\"9fe576f\" data-elementor-lightbox-title=\"the aerial view of headquarters\" data-elementor-lightbox-description=\"the aerial view of headquarters\" data-e-action-hash=\"#elementor-action%3Aaction%3Dlightbox%26settings%3DeyJpZCI6MjE3NSwidXJsIjoiaHR0cHM6XC9cL2NvbnRlbnRzdG9jay5nb25namlvbmxpbmUuY29tXC81NzgyMzJcL3dwLWNvbnRlbnRcL3VwbG9hZHNcL3NpdGVzXC80NTNcLzIwMjRcLzEyXC9UaGUtYWVyaWFsLXZpZXctb2YtaGVhZHF1YXJ0ZXJzLTEuanBnIiwic2xpZGVzaG93IjoiOWZlNTc2ZiJ9\" href='https:\/\/files.gntfile.com\/data-uploads\/453\/2024\/12\/The-aerial-view-of-headquarters-1.jpg'><img loading=\"lazy\" decoding=\"async\" width=\"900\" height=\"600\" src=\"https:\/\/files.gntfile.com\/data-uploads\/453\/2024\/12\/The-aerial-view-of-headquarters-1.jpg\" class=\"attachment-full size-full\" alt=\"La vista a\u00e9rea de la sede\" aria-describedby=\"gallery-1-2175\" srcset=\"https:\/\/files.gntfile.com\/data-uploads\/453\/2024\/12\/The-aerial-view-of-headquarters-1.jpg 900w, https:\/\/files.gntfile.com\/data-uploads\/453\/2024\/12\/The-aerial-view-of-headquarters-1-768x512.jpg 768w, https:\/\/files.gntfile.com\/data-uploads\/453\/2024\/12\/The-aerial-view-of-headquarters-1-18x12.jpg 18w, https:\/\/files.gntfile.com\/data-uploads\/453\/2024\/12\/The-aerial-view-of-headquarters-1-600x400.jpg 600w\" sizes=\"(max-width: 900px) 100vw, 900px\" \/><\/a>\n\t\t\t<\/div>\n\t\t\t\t<figcaption class='wp-caption-text gallery-caption' id='gallery-1-2175'>\n\t\t\t\tLa vista a\u00e9rea de la sede\n\t\t\t\t<\/figcaption><\/figure><figure class='gallery-item'>\n\t\t\t<div class='gallery-icon landscape'>\n\t\t\t\t<a data-elementor-open-lightbox=\"yes\" data-elementor-lightbox-slideshow=\"9fe576f\" data-elementor-lightbox-title=\"the entrance of the headquarter\" data-elementor-lightbox-description=\"the entrance of the headquarter\" data-e-action-hash=\"#elementor-action%3Aaction%3Dlightbox%26settings%3DeyJpZCI6MjE3OCwidXJsIjoiaHR0cHM6XC9cL2NvbnRlbnRzdG9jay5nb25namlvbmxpbmUuY29tXC81NzgyMzJcL3dwLWNvbnRlbnRcL3VwbG9hZHNcL3NpdGVzXC80NTNcLzIwMjRcLzEyXC9UaGUtZW50cmFuY2Utb2YtdGhlLWhlYWRxdWFydGVyLTEuanBnIiwic2xpZGVzaG93IjoiOWZlNTc2ZiJ9\" href='https:\/\/files.gntfile.com\/data-uploads\/453\/2024\/12\/The-entrance-of-the-headquarter-1.jpg'><img loading=\"lazy\" decoding=\"async\" width=\"900\" height=\"600\" src=\"https:\/\/files.gntfile.com\/data-uploads\/453\/2024\/12\/The-entrance-of-the-headquarter-1.jpg\" class=\"attachment-full size-full\" alt=\"La entrada de la sede\" aria-describedby=\"gallery-1-2178\" srcset=\"https:\/\/files.gntfile.com\/data-uploads\/453\/2024\/12\/The-entrance-of-the-headquarter-1.jpg 900w, https:\/\/files.gntfile.com\/data-uploads\/453\/2024\/12\/The-entrance-of-the-headquarter-1-768x512.jpg 768w, https:\/\/files.gntfile.com\/data-uploads\/453\/2024\/12\/The-entrance-of-the-headquarter-1-18x12.jpg 18w, https:\/\/files.gntfile.com\/data-uploads\/453\/2024\/12\/The-entrance-of-the-headquarter-1-600x400.jpg 600w\" sizes=\"(max-width: 900px) 100vw, 900px\" \/><\/a>\n\t\t\t<\/div>\n\t\t\t\t<figcaption class='wp-caption-text gallery-caption' id='gallery-1-2178'>\n\t\t\t\tLa entrada de la sede\n\t\t\t\t<\/figcaption><\/figure>\n\t\t<\/div>\n\t\t<\/div>\n\t\t\t\t<\/div>\n\t\t\t\t<\/div>\n\t\t\t\t\t<\/div>\n\t\t\t\t<\/div>\n\t\t\t\t<\/div>","protected":false},"excerpt":{"rendered":"<p>Una competencia para la reuni\u00f3n de la empresa de simulacros de seguridad. Un rinc\u00f3n de Kaiyi Special Gas. Vista a\u00e9rea de Tonghui Kefa Gas. Vista a\u00e9rea de Kaiyang Tonghui Gas. Vista a\u00e9rea de la sede. La entrada de la sede.<\/p>","protected":false},"author":2,"featured_media":0,"parent":32,"menu_order":0,"comment_status":"closed","ping_status":"closed","template":"elementor_header_footer","meta":{"_acf_changed":false,"_seopress_robots_primary_cat":"","footnotes":""},"class_list":["post-980","page","type-page","status-publish"],"acf":[],"_links":{"self":[{"href":"https:\/\/www.gastonghui.com\/es\/wp-json\/wp\/v2\/pages\/980","targetHints":{"allow":["GET"]}}],"collection":[{"href":"https:\/\/www.gastonghui.com\/es\/wp-json\/wp\/v2\/pages"}],"about":[{"href":"https:\/\/www.gastonghui.com\/es\/wp-json\/wp\/v2\/types\/page"}],"author":[{"embeddable":true,"href":"https:\/\/www.gastonghui.com\/es\/wp-json\/wp\/v2\/users\/2"}],"replies":[{"embeddable":true,"href":"https:\/\/www.gastonghui.com\/es\/wp-json\/wp\/v2\/comments?post=980"}],"version-history":[{"count":23,"href":"https:\/\/www.gastonghui.com\/es\/wp-json\/wp\/v2\/pages\/980\/revisions"}],"predecessor-version":[{"id":2187,"href":"https:\/\/www.gastonghui.com\/es\/wp-json\/wp\/v2\/pages\/980\/revisions\/2187"}],"up":[{"embeddable":true,"href":"https:\/\/www.gastonghui.com\/es\/wp-json\/wp\/v2\/pages\/32"}],"wp:attachment":[{"href":"https:\/\/www.gastonghui.com\/es\/wp-json\/wp\/v2\/media?parent=980"}],"curies":[{"name":"wp","href":"https:\/\/api.w.org\/{rel}","templated":true}]}}