
{"id":1847,"date":"2024-12-19T10:43:21","date_gmt":"2024-12-19T02:43:21","guid":{"rendered":"https:\/\/www.gastonghui.com\/?post_type=product&#038;p=1847"},"modified":"2025-01-02T14:43:38","modified_gmt":"2025-01-02T06:43:38","slug":"high-purity-argon-2","status":"publish","type":"product","link":"https:\/\/www.gastonghui.com\/de\/produkt\/high-purity-argon-2\/","title":{"rendered":"Hochreines Argon"},"content":{"rendered":"<div data-elementor-type=\"product-post\" data-elementor-id=\"1847\" class=\"elementor elementor-1847\" data-elementor-post-type=\"product\">\n\t\t\t\t<div class=\"elementor-element elementor-element-767725fa e-flex e-con-boxed e-con e-parent\" data-id=\"767725fa\" data-element_type=\"container\">\n\t\t\t\t\t<div class=\"e-con-inner\">\n\t\t<div class=\"elementor-element elementor-element-7f41d38 e-flex e-con-boxed e-con e-child\" data-id=\"7f41d38\" data-element_type=\"container\">\n\t\t\t\t\t<div class=\"e-con-inner\">\n\t\t\t\t<div class=\"elementor-element elementor-element-40c7783e elementor-widget elementor-widget-heading\" data-id=\"40c7783e\" data-element_type=\"widget\" data-widget_type=\"heading.default\">\n\t\t\t\t<div class=\"elementor-widget-container\">\n\t\t\t<style>\/*! elementor - v3.21.0 - 18-04-2024 *\/\n.elementor-heading-title{padding:0;margin:0;line-height:1}.elementor-widget-heading .elementor-heading-title[class*=elementor-size-]>a{color:inherit;font-size:inherit;line-height:inherit}.elementor-widget-heading .elementor-heading-title.elementor-size-small{font-size:15px}.elementor-widget-heading .elementor-heading-title.elementor-size-medium{font-size:19px}.elementor-widget-heading .elementor-heading-title.elementor-size-large{font-size:29px}.elementor-widget-heading .elementor-heading-title.elementor-size-xl{font-size:39px}.elementor-widget-heading .elementor-heading-title.elementor-size-xxl{font-size:59px}<\/style><h3 class=\"elementor-heading-title elementor-size-default\">Physikalische Parameter <\/h3>\t\t<\/div>\n\t\t\t\t<\/div>\n\t\t\t\t<div class=\"elementor-element elementor-element-74a3caa7 elementor-widget elementor-widget-text-editor\" data-id=\"74a3caa7\" data-element_type=\"widget\" data-widget_type=\"text-editor.default\">\n\t\t\t\t<div class=\"elementor-widget-container\">\n\t\t\t<style>\/*! elementor - v3.21.0 - 18-04-2024 *\/\n.elementor-widget-text-editor.elementor-drop-cap-view-stacked .elementor-drop-cap{background-color:#69727d;color:#fff}.elementor-widget-text-editor.elementor-drop-cap-view-framed .elementor-drop-cap{color:#69727d;border:3px solid;background-color:transparent}.elementor-widget-text-editor:not(.elementor-drop-cap-view-default) .elementor-drop-cap{margin-top:8px}.elementor-widget-text-editor:not(.elementor-drop-cap-view-default) .elementor-drop-cap-letter{width:1em;height:1em}.elementor-widget-text-editor .elementor-drop-cap{float:left;text-align:center;line-height:1;font-size:50px}.elementor-widget-text-editor .elementor-drop-cap-letter{display:inline-block}<\/style>\t\t\t\t<table style=\"width: 100%;background-color: #e0fff9\">\n<tbody>\n<tr>\n<td width=\"227\"><strong><b>Chemischer Name<\/b><\/strong><\/td>\n<td width=\"352\"><strong><b>Eigentum<\/b><\/strong><\/td>\n<td width=\"305\"><strong><b>Reinheit<\/b><\/strong><\/td>\n<\/tr>\n<tr>\n<td width=\"227\">Hochreines Argon<\/td>\n<td width=\"352\">Ein farb- und geruchloses, einatomiges Edelgas.<\/td>\n<td width=\"305\">\u226599,999%\uff1b\u226499,9999%<\/td>\n<\/tr>\n<\/tbody>\n<\/table>\n\t\t\t\t\t\t<\/div>\n\t\t\t\t<\/div>\n\t\t\t\t\t<\/div>\n\t\t\t\t<\/div>\n\t\t\t\t\t<\/div>\n\t\t\t\t<\/div>\n\t\t\t\t<\/div>","protected":false},"excerpt":{"rendered":"<p>Hochreines Argon bezieht sich auf Argongas, das auf au\u00dfergew\u00f6hnliche Reinheitsgrade raffiniert wurde und h\u00e4ufig in Branchen verwendet wird, in denen selbst minimale Verunreinigungen die Leistung beeintr\u00e4chtigen k\u00f6nnen. Argon ist ein Edelgas, das f\u00fcr seine Reaktionstr\u00e4gheit und Stabilit\u00e4t bekannt ist.<\/p>","protected":false},"featured_media":1859,"template":"","meta":{"_acf_changed":false,"_seopress_robots_primary_cat":"none"},"product_brand":[],"product_cat":[49],"product_tag":[],"class_list":{"0":"post-1847","1":"product","2":"type-product","3":"status-publish","4":"has-post-thumbnail","6":"product_cat-high-purity-gases","8":"first","9":"instock","10":"shipping-taxable","11":"product-type-simple"},"acf":[],"_links":{"self":[{"href":"https:\/\/www.gastonghui.com\/de\/wp-json\/wp\/v2\/product\/1847","targetHints":{"allow":["GET"]}}],"collection":[{"href":"https:\/\/www.gastonghui.com\/de\/wp-json\/wp\/v2\/product"}],"about":[{"href":"https:\/\/www.gastonghui.com\/de\/wp-json\/wp\/v2\/types\/product"}],"version-history":[{"count":17,"href":"https:\/\/www.gastonghui.com\/de\/wp-json\/wp\/v2\/product\/1847\/revisions"}],"predecessor-version":[{"id":2746,"href":"https:\/\/www.gastonghui.com\/de\/wp-json\/wp\/v2\/product\/1847\/revisions\/2746"}],"wp:featuredmedia":[{"embeddable":true,"href":"https:\/\/www.gastonghui.com\/de\/wp-json\/wp\/v2\/media\/1859"}],"wp:attachment":[{"href":"https:\/\/www.gastonghui.com\/de\/wp-json\/wp\/v2\/media?parent=1847"}],"wp:term":[{"taxonomy":"product_brand","embeddable":true,"href":"https:\/\/www.gastonghui.com\/de\/wp-json\/wp\/v2\/product_brand?post=1847"},{"taxonomy":"product_cat","embeddable":true,"href":"https:\/\/www.gastonghui.com\/de\/wp-json\/wp\/v2\/product_cat?post=1847"},{"taxonomy":"product_tag","embeddable":true,"href":"https:\/\/www.gastonghui.com\/de\/wp-json\/wp\/v2\/product_tag?post=1847"}],"curies":[{"name":"wp","href":"https:\/\/api.w.org\/{rel}","templated":true}]}}