
{"id":1756,"date":"2024-12-17T14:29:13","date_gmt":"2024-12-17T06:29:13","guid":{"rendered":"https:\/\/www.gastonghui.com\/?post_type=product&#038;p=1756"},"modified":"2025-01-10T09:09:31","modified_gmt":"2025-01-10T01:09:31","slug":"gas-mixture","status":"publish","type":"product","link":"https:\/\/www.gastonghui.com\/de\/produkt\/gas-mixture\/","title":{"rendered":"Gasgemisch"},"content":{"rendered":"<div data-elementor-type=\"product-post\" data-elementor-id=\"1756\" class=\"elementor elementor-1756\" data-elementor-post-type=\"product\">\n\t\t\t\t<div class=\"elementor-element elementor-element-f38db25 e-flex e-con-boxed e-con e-parent\" data-id=\"f38db25\" data-element_type=\"container\">\n\t\t\t\t\t<div class=\"e-con-inner\">\n\t\t\t\t<div class=\"elementor-element elementor-element-e7f5ce2 elementor-widget elementor-widget-heading\" data-id=\"e7f5ce2\" data-element_type=\"widget\" data-widget_type=\"heading.default\">\n\t\t\t\t<div class=\"elementor-widget-container\">\n\t\t\t<style>\/*! elementor - v3.21.0 - 18-04-2024 *\/\n.elementor-heading-title{padding:0;margin:0;line-height:1}.elementor-widget-heading .elementor-heading-title[class*=elementor-size-]>a{color:inherit;font-size:inherit;line-height:inherit}.elementor-widget-heading .elementor-heading-title.elementor-size-small{font-size:15px}.elementor-widget-heading .elementor-heading-title.elementor-size-medium{font-size:19px}.elementor-widget-heading .elementor-heading-title.elementor-size-large{font-size:29px}.elementor-widget-heading .elementor-heading-title.elementor-size-xl{font-size:39px}.elementor-widget-heading .elementor-heading-title.elementor-size-xxl{font-size:59px}<\/style><h3 class=\"elementor-heading-title elementor-size-default\">Physikalische Parameter <\/h3>\t\t<\/div>\n\t\t\t\t<\/div>\n\t\t\t\t<div class=\"elementor-element elementor-element-f0220bc elementor-widget elementor-widget-text-editor\" data-id=\"f0220bc\" data-element_type=\"widget\" data-widget_type=\"text-editor.default\">\n\t\t\t\t<div class=\"elementor-widget-container\">\n\t\t\t<style>\/*! elementor - v3.21.0 - 18-04-2024 *\/\n.elementor-widget-text-editor.elementor-drop-cap-view-stacked .elementor-drop-cap{background-color:#69727d;color:#fff}.elementor-widget-text-editor.elementor-drop-cap-view-framed .elementor-drop-cap{color:#69727d;border:3px solid;background-color:transparent}.elementor-widget-text-editor:not(.elementor-drop-cap-view-default) .elementor-drop-cap{margin-top:8px}.elementor-widget-text-editor:not(.elementor-drop-cap-view-default) .elementor-drop-cap-letter{width:1em;height:1em}.elementor-widget-text-editor .elementor-drop-cap{float:left;text-align:center;line-height:1;font-size:50px}.elementor-widget-text-editor .elementor-drop-cap-letter{display:inline-block}<\/style>\t\t\t\t<table style=\"width: 100%;background-color: #e0f2ef\">\n<tbody>\n<tr>\n<td width=\"213\"><strong><b>Name von <\/b><\/strong><strong><b>G<\/b><\/strong><strong><b>als <\/b><\/strong><strong><b>M<\/b><\/strong><strong><b>Mischung<\/b><\/strong><\/td>\n<td width=\"213\"><strong><b>Komponente <\/b><\/strong><strong><b>G<\/b><\/strong><strong><b>als<\/b><\/strong><\/td>\n<td width=\"284\"><strong><b>L\u00f6slichkeit <\/b><\/strong><strong><b>R<\/b><\/strong><strong><b>Engel von <\/b><\/strong><strong><b>C<\/b><\/strong><strong><b>Komponente <\/b><\/strong><strong><b>G<\/b><\/strong><strong><b>ases<\/b><\/strong><\/td>\n<td width=\"141\"><strong><b>Base <\/b><\/strong><strong><b>G<\/b><\/strong><strong><b>als<\/b><\/strong><\/td>\n<\/tr>\n<tr>\n<td width=\"213\">Kohlendioxid-Argon-Gasgemisch<\/td>\n<td width=\"213\">Kohlendioxid (v\/v)\/10<\/td>\n<td width=\"284\">\u226450<\/td>\n<td width=\"141\">Argon<\/td>\n<\/tr>\n<tr>\n<td width=\"213\">Wasserstoff-Argon-Gasgemisch<\/td>\n<td width=\"213\">Wasserstoff (v\/v)\/10<\/td>\n<td width=\"284\">\u226450<\/td>\n<td width=\"141\">Argon<\/td>\n<\/tr>\n<tr>\n<td width=\"213\">Stickstoff-Argon-Gemisch<\/td>\n<td width=\"213\">Stickstoff (v\/v)\/10<\/td>\n<td width=\"284\">\u226450<\/td>\n<td width=\"141\">Argon<\/td>\n<\/tr>\n<tr>\n<td width=\"213\">Sauerstoff-Argon-Gasgemisch<\/td>\n<td width=\"213\">Sauerstoff (v\/v)\/10<\/td>\n<td width=\"284\">\u226450<\/td>\n<td width=\"141\">Argon<\/td>\n<\/tr>\n<tr>\n<td width=\"213\">Helium-Argon-Gasgemisch<\/td>\n<td width=\"213\">Helium (v\/v)\/10<\/td>\n<td width=\"284\">\u226450<\/td>\n<td width=\"141\">Argon<\/td>\n<\/tr>\n<tr>\n<td width=\"213\">Wasserstoff-Stickstoff-Gemisch<\/td>\n<td width=\"213\">Wasserstoff (v\/v)\/10<\/td>\n<td width=\"284\">\u226450<\/td>\n<td width=\"141\">Stickstoff<\/td>\n<\/tr>\n<tr>\n<td width=\"213\">Sauerstoff-Stickstoff-Gemisch<\/td>\n<td width=\"213\">Sauerstoff (v\/v)\/10<\/td>\n<td width=\"284\">\u226450<\/td>\n<td width=\"141\">Stickstoff<\/td>\n<\/tr>\n<tr>\n<td width=\"213\">Tern\u00e4res Lasergasgemisch<\/td>\n<td width=\"213\">Kohlendioxid + Stickstoff<\/p>\n<p>(Volumenanteil)\/10<\/td>\n<td width=\"284\">\u226450<\/td>\n<td width=\"141\">Helium<\/td>\n<\/tr>\n<tr>\n<td width=\"213\">Quatern\u00e4re Lasergasgemische<\/td>\n<td width=\"213\">Kohlenmonoxid + Kohlendioxid + Stickstoff<\/p>\n<p>(Volumen\/Volumen)\/10 \u226450<\/td>\n<td width=\"284\">\u226450<\/td>\n<td width=\"141\">Helium<\/td>\n<\/tr>\n<tr>\n<td width=\"213\">F\u00fcnf-Elemente-Lasergasgemisch<\/td>\n<td width=\"213\">Wasserstoff + Kohlenmonoxid + Kohlendioxid<\/p>\n<p>(Volumen\/Volumen)\/10<\/td>\n<td width=\"284\">\u226450<\/td>\n<td width=\"141\">Helium<\/td>\n<\/tr>\n<tr>\n<td width=\"213\">&#8230;&#8230;<\/td>\n<td width=\"213\">&#8230;&#8230;<\/td>\n<td width=\"284\">&#8230;&#8230;<\/td>\n<td width=\"141\">&#8230;&#8230;<\/td>\n<\/tr>\n<\/tbody>\n<\/table>\n\t\t\t\t\t\t<\/div>\n\t\t\t\t<\/div>\n\t\t\t\t\t<\/div>\n\t\t\t\t<\/div>\n\t\t\t\t<\/div>","protected":false},"excerpt":{"rendered":"<p>Ein Gas, das zwei oder mehr aktive Komponenten enth\u00e4lt oder dessen Gehalt zwar keine aktiven Komponenten enth\u00e4lt, aber den angegebenen Grenzwert \u00fcberschreitet, wird als Gasgemisch bezeichnet. Gemische mehrerer Gase werden in der Technik h\u00e4ufig als Arbeitsfl\u00fcssigkeiten verwendet. Gasgemische werden oft als ideale Gase betrachtet.<\/p>","protected":false},"featured_media":1757,"template":"","meta":{"_acf_changed":false,"_seopress_robots_primary_cat":"none"},"product_brand":[],"product_cat":[40],"product_tag":[],"class_list":{"0":"post-1756","1":"product","2":"type-product","3":"status-publish","4":"has-post-thumbnail","6":"product_cat-bulk-gases","8":"first","9":"instock","10":"shipping-taxable","11":"product-type-simple"},"acf":[],"_links":{"self":[{"href":"https:\/\/www.gastonghui.com\/de\/wp-json\/wp\/v2\/product\/1756","targetHints":{"allow":["GET"]}}],"collection":[{"href":"https:\/\/www.gastonghui.com\/de\/wp-json\/wp\/v2\/product"}],"about":[{"href":"https:\/\/www.gastonghui.com\/de\/wp-json\/wp\/v2\/types\/product"}],"version-history":[{"count":20,"href":"https:\/\/www.gastonghui.com\/de\/wp-json\/wp\/v2\/product\/1756\/revisions"}],"predecessor-version":[{"id":2879,"href":"https:\/\/www.gastonghui.com\/de\/wp-json\/wp\/v2\/product\/1756\/revisions\/2879"}],"wp:featuredmedia":[{"embeddable":true,"href":"https:\/\/www.gastonghui.com\/de\/wp-json\/wp\/v2\/media\/1757"}],"wp:attachment":[{"href":"https:\/\/www.gastonghui.com\/de\/wp-json\/wp\/v2\/media?parent=1756"}],"wp:term":[{"taxonomy":"product_brand","embeddable":true,"href":"https:\/\/www.gastonghui.com\/de\/wp-json\/wp\/v2\/product_brand?post=1756"},{"taxonomy":"product_cat","embeddable":true,"href":"https:\/\/www.gastonghui.com\/de\/wp-json\/wp\/v2\/product_cat?post=1756"},{"taxonomy":"product_tag","embeddable":true,"href":"https:\/\/www.gastonghui.com\/de\/wp-json\/wp\/v2\/product_tag?post=1756"}],"curies":[{"name":"wp","href":"https:\/\/api.w.org\/{rel}","templated":true}]}}