
{"id":1839,"date":"2024-12-19T10:23:21","date_gmt":"2024-12-19T02:23:21","guid":{"rendered":"https:\/\/www.gastonghui.com\/?post_type=product&#038;p=1839"},"modified":"2025-01-02T14:42:57","modified_gmt":"2025-01-02T06:42:57","slug":"ultrapure-nitrogen","status":"publish","type":"product","link":"https:\/\/www.gastonghui.com\/cs\/produkt\/ultrapure-nitrogen\/","title":{"rendered":"Ultra\u010dist\u00fd dus\u00edk"},"content":{"rendered":"<div data-elementor-type=\"product-post\" data-elementor-id=\"1839\" class=\"elementor elementor-1839\" data-elementor-post-type=\"product\">\n\t\t\t\t<div class=\"elementor-element elementor-element-2a7365ea e-flex e-con-boxed e-con e-parent\" data-id=\"2a7365ea\" data-element_type=\"container\">\n\t\t\t\t\t<div class=\"e-con-inner\">\n\t\t<div class=\"elementor-element elementor-element-23c216f3 e-flex e-con-boxed e-con e-child\" data-id=\"23c216f3\" data-element_type=\"container\">\n\t\t\t\t\t<div class=\"e-con-inner\">\n\t\t\t\t<div class=\"elementor-element elementor-element-41bbb7ac elementor-widget elementor-widget-heading\" data-id=\"41bbb7ac\" data-element_type=\"widget\" data-widget_type=\"heading.default\">\n\t\t\t\t<div class=\"elementor-widget-container\">\n\t\t\t<style>\/*! elementor - v3.21.0 - 18-04-2024 *\/\n.elementor-heading-title{padding:0;margin:0;line-height:1}.elementor-widget-heading .elementor-heading-title[class*=elementor-size-]>a{color:inherit;font-size:inherit;line-height:inherit}.elementor-widget-heading .elementor-heading-title.elementor-size-small{font-size:15px}.elementor-widget-heading .elementor-heading-title.elementor-size-medium{font-size:19px}.elementor-widget-heading .elementor-heading-title.elementor-size-large{font-size:29px}.elementor-widget-heading .elementor-heading-title.elementor-size-xl{font-size:39px}.elementor-widget-heading .elementor-heading-title.elementor-size-xxl{font-size:59px}<\/style><h3 class=\"elementor-heading-title elementor-size-default\">Fyzik\u00e1ln\u00ed parametry <\/h3>\t\t<\/div>\n\t\t\t\t<\/div>\n\t\t\t\t<div class=\"elementor-element elementor-element-59190e83 elementor-widget elementor-widget-text-editor\" data-id=\"59190e83\" data-element_type=\"widget\" data-widget_type=\"text-editor.default\">\n\t\t\t\t<div class=\"elementor-widget-container\">\n\t\t\t<style>\/*! elementor - v3.21.0 - 18-04-2024 *\/\n.elementor-widget-text-editor.elementor-drop-cap-view-stacked .elementor-drop-cap{background-color:#69727d;color:#fff}.elementor-widget-text-editor.elementor-drop-cap-view-framed .elementor-drop-cap{color:#69727d;border:3px solid;background-color:transparent}.elementor-widget-text-editor:not(.elementor-drop-cap-view-default) .elementor-drop-cap{margin-top:8px}.elementor-widget-text-editor:not(.elementor-drop-cap-view-default) .elementor-drop-cap-letter{width:1em;height:1em}.elementor-widget-text-editor .elementor-drop-cap{float:left;text-align:center;line-height:1;font-size:50px}.elementor-widget-text-editor .elementor-drop-cap-letter{display:inline-block}<\/style>\t\t\t\t<p>&nbsp;<\/p>\n<table style=\"width: 100%;background-color: #e3f6f3\">\n<tbody>\n<tr>\n<td width=\"325\"><strong><b>Chemick\u00fd n\u00e1zev<\/b><\/strong><\/td>\n<td width=\"257\"><strong><b>Vlastnictv\u00ed<\/b><\/strong><\/td>\n<td width=\"302\"><strong><b>\u010cistota<\/b><\/strong><\/td>\n<\/tr>\n<tr>\n<td width=\"325\">Ultra \u010dist\u00fd dus\u00edk<\/td>\n<td width=\"257\">Bezbarv\u00fd plyn bez z\u00e1pachu a obvykle netoxick\u00fd<\/td>\n<td width=\"302\">\u226599,999%<\/td>\n<\/tr>\n<\/tbody>\n<\/table>\n\t\t\t\t\t\t<\/div>\n\t\t\t\t<\/div>\n\t\t\t\t\t<\/div>\n\t\t\t\t<\/div>\n\t\t\t\t\t<\/div>\n\t\t\t\t<\/div>\n\t\t\t\t<\/div>","protected":false},"excerpt":{"rendered":"<p>Ultra\u010dist\u00fd dus\u00edk ozna\u010duje plynn\u00fd dus\u00edk rafinovan\u00fd na extr\u00e9mn\u011b vysok\u00e9 \u00farovn\u011b \u010distoty s minim\u00e1ln\u00edmi ne\u010distotami, jako je kysl\u00edk, vlhkost nebo uhlovod\u00edky. Prim\u00e1rn\u00ed metody pro \u010di\u0161t\u011bn\u00ed dus\u00edku zahrnuj\u00ed adsorpci, adsorpci s kol\u00eds\u00e1n\u00edm tlaku (PSA) a membr\u00e1novou separaci. Ultra\u010dist\u00fd dus\u00edk je nezbytn\u00fd v aplikac\u00edch vy\u017eaduj\u00edc\u00edch prost\u0159ed\u00ed bez kontaminace.<\/p>","protected":false},"featured_media":1840,"template":"","meta":{"_acf_changed":false,"_seopress_robots_primary_cat":"none"},"product_brand":[],"product_cat":[49],"product_tag":[],"class_list":{"0":"post-1839","1":"product","2":"type-product","3":"status-publish","4":"has-post-thumbnail","6":"product_cat-high-purity-gases","8":"first","9":"instock","10":"shipping-taxable","11":"product-type-simple"},"acf":[],"_links":{"self":[{"href":"https:\/\/www.gastonghui.com\/cs\/wp-json\/wp\/v2\/product\/1839","targetHints":{"allow":["GET"]}}],"collection":[{"href":"https:\/\/www.gastonghui.com\/cs\/wp-json\/wp\/v2\/product"}],"about":[{"href":"https:\/\/www.gastonghui.com\/cs\/wp-json\/wp\/v2\/types\/product"}],"version-history":[{"count":13,"href":"https:\/\/www.gastonghui.com\/cs\/wp-json\/wp\/v2\/product\/1839\/revisions"}],"predecessor-version":[{"id":2740,"href":"https:\/\/www.gastonghui.com\/cs\/wp-json\/wp\/v2\/product\/1839\/revisions\/2740"}],"wp:featuredmedia":[{"embeddable":true,"href":"https:\/\/www.gastonghui.com\/cs\/wp-json\/wp\/v2\/media\/1840"}],"wp:attachment":[{"href":"https:\/\/www.gastonghui.com\/cs\/wp-json\/wp\/v2\/media?parent=1839"}],"wp:term":[{"taxonomy":"product_brand","embeddable":true,"href":"https:\/\/www.gastonghui.com\/cs\/wp-json\/wp\/v2\/product_brand?post=1839"},{"taxonomy":"product_cat","embeddable":true,"href":"https:\/\/www.gastonghui.com\/cs\/wp-json\/wp\/v2\/product_cat?post=1839"},{"taxonomy":"product_tag","embeddable":true,"href":"https:\/\/www.gastonghui.com\/cs\/wp-json\/wp\/v2\/product_tag?post=1839"}],"curies":[{"name":"wp","href":"https:\/\/api.w.org\/{rel}","templated":true}]}}