
{"id":1756,"date":"2024-12-17T14:29:13","date_gmt":"2024-12-17T06:29:13","guid":{"rendered":"https:\/\/www.gastonghui.com\/?post_type=product&#038;p=1756"},"modified":"2025-01-10T09:09:31","modified_gmt":"2025-01-10T01:09:31","slug":"gas-mixture","status":"publish","type":"product","link":"https:\/\/www.gastonghui.com\/cs\/produkt\/gas-mixture\/","title":{"rendered":"Sm\u011bs plyn\u016f"},"content":{"rendered":"<div data-elementor-type=\"product-post\" data-elementor-id=\"1756\" class=\"elementor elementor-1756\" data-elementor-post-type=\"product\">\n\t\t\t\t<div class=\"elementor-element elementor-element-f38db25 e-flex e-con-boxed e-con e-parent\" data-id=\"f38db25\" data-element_type=\"container\">\n\t\t\t\t\t<div class=\"e-con-inner\">\n\t\t\t\t<div class=\"elementor-element elementor-element-e7f5ce2 elementor-widget elementor-widget-heading\" data-id=\"e7f5ce2\" data-element_type=\"widget\" data-widget_type=\"heading.default\">\n\t\t\t\t<div class=\"elementor-widget-container\">\n\t\t\t<style>\/*! elementor - v3.21.0 - 18-04-2024 *\/\n.elementor-heading-title{padding:0;margin:0;line-height:1}.elementor-widget-heading .elementor-heading-title[class*=elementor-size-]>a{color:inherit;font-size:inherit;line-height:inherit}.elementor-widget-heading .elementor-heading-title.elementor-size-small{font-size:15px}.elementor-widget-heading .elementor-heading-title.elementor-size-medium{font-size:19px}.elementor-widget-heading .elementor-heading-title.elementor-size-large{font-size:29px}.elementor-widget-heading .elementor-heading-title.elementor-size-xl{font-size:39px}.elementor-widget-heading .elementor-heading-title.elementor-size-xxl{font-size:59px}<\/style><h3 class=\"elementor-heading-title elementor-size-default\">Fyzik\u00e1ln\u00ed parametry <\/h3>\t\t<\/div>\n\t\t\t\t<\/div>\n\t\t\t\t<div class=\"elementor-element elementor-element-f0220bc elementor-widget elementor-widget-text-editor\" data-id=\"f0220bc\" data-element_type=\"widget\" data-widget_type=\"text-editor.default\">\n\t\t\t\t<div class=\"elementor-widget-container\">\n\t\t\t<style>\/*! elementor - v3.21.0 - 18-04-2024 *\/\n.elementor-widget-text-editor.elementor-drop-cap-view-stacked .elementor-drop-cap{background-color:#69727d;color:#fff}.elementor-widget-text-editor.elementor-drop-cap-view-framed .elementor-drop-cap{color:#69727d;border:3px solid;background-color:transparent}.elementor-widget-text-editor:not(.elementor-drop-cap-view-default) .elementor-drop-cap{margin-top:8px}.elementor-widget-text-editor:not(.elementor-drop-cap-view-default) .elementor-drop-cap-letter{width:1em;height:1em}.elementor-widget-text-editor .elementor-drop-cap{float:left;text-align:center;line-height:1;font-size:50px}.elementor-widget-text-editor .elementor-drop-cap-letter{display:inline-block}<\/style>\t\t\t\t<table style=\"width: 100%;background-color: #e0f2ef\">\n<tbody>\n<tr>\n<td width=\"213\"><strong><b>Jm\u00e9no <\/b><\/strong><strong><b>G<\/b><\/strong><strong><b>jako <\/b><\/strong><strong><b>M<\/b><\/strong><strong><b>ixture<\/b><\/strong><\/td>\n<td width=\"213\"><strong><b>Komponent <\/b><\/strong><strong><b>G<\/b><\/strong><strong><b>jako<\/b><\/strong><\/td>\n<td width=\"284\"><strong><b>Rozpustnost <\/b><\/strong><strong><b>R<\/b><\/strong><strong><b>rozp\u011bt\u00ed <\/b><\/strong><strong><b>C<\/b><\/strong><strong><b>slo\u017eka <\/b><\/strong><strong><b>G<\/b><\/strong><strong><b>osy<\/b><\/strong><\/td>\n<td width=\"141\"><strong><b>B\u00e1ze <\/b><\/strong><strong><b>G<\/b><\/strong><strong><b>jako<\/b><\/strong><\/td>\n<\/tr>\n<tr>\n<td width=\"213\">Sm\u011bs plynu oxid uhli\u010dit\u00fd-argon<\/td>\n<td width=\"213\">Oxid uhli\u010dit\u00fd (v\/v)\/10<\/td>\n<td width=\"284\">\u226450<\/td>\n<td width=\"141\">Argon<\/td>\n<\/tr>\n<tr>\n<td width=\"213\">Plynn\u00e1 sm\u011bs vod\u00edku a argonu<\/td>\n<td width=\"213\">Vod\u00edk (obj.\/obj.)\/10<\/td>\n<td width=\"284\">\u226450<\/td>\n<td width=\"141\">Argon<\/td>\n<\/tr>\n<tr>\n<td width=\"213\">Sm\u011bs dus\u00edku a argonu<\/td>\n<td width=\"213\">Dus\u00edk (obj.\/obj.)\/10<\/td>\n<td width=\"284\">\u226450<\/td>\n<td width=\"141\">Argon<\/td>\n<\/tr>\n<tr>\n<td width=\"213\">Sm\u011bs plyn\u016f kysl\u00edk-argon<\/td>\n<td width=\"213\">Kysl\u00edk (obj.\/obj.)\/10<\/td>\n<td width=\"284\">\u226450<\/td>\n<td width=\"141\">Argon<\/td>\n<\/tr>\n<tr>\n<td width=\"213\">Sm\u011bs plyn\u016f helium-argon<\/td>\n<td width=\"213\">Helium (obj.\/obj.)\/10<\/td>\n<td width=\"284\">\u226450<\/td>\n<td width=\"141\">Argon<\/td>\n<\/tr>\n<tr>\n<td width=\"213\">Sm\u011bs vod\u00edku a dus\u00edku<\/td>\n<td width=\"213\">Vod\u00edk (obj.\/obj.)\/10<\/td>\n<td width=\"284\">\u226450<\/td>\n<td width=\"141\">Dus\u00edk<\/td>\n<\/tr>\n<tr>\n<td width=\"213\">Sm\u011bs kysl\u00edku a dus\u00edku<\/td>\n<td width=\"213\">Kysl\u00edk (obj.\/obj.)\/10<\/td>\n<td width=\"284\">\u226450<\/td>\n<td width=\"141\">Dus\u00edk<\/td>\n<\/tr>\n<tr>\n<td width=\"213\">Tern\u00e1rn\u00ed laserov\u00e1 sm\u011bs plyn\u016f<\/td>\n<td width=\"213\">Oxid uhli\u010dit\u00fd + dus\u00edk<\/p>\n<p>(objemov\u00fd zlomek)\/10<\/td>\n<td width=\"284\">\u226450<\/td>\n<td width=\"141\">H\u00e9lium<\/td>\n<\/tr>\n<tr>\n<td width=\"213\">Kvart\u00e9rn\u00ed laserov\u00e9 sm\u011bsi plyn\u016f<\/td>\n<td width=\"213\">Oxid uhelnat\u00fd + oxid uhli\u010dit\u00fd + dus\u00edk<\/p>\n<p>(objem\/objem)\/10 \u226450<\/td>\n<td width=\"284\">\u226450<\/td>\n<td width=\"141\">H\u00e9lium<\/td>\n<\/tr>\n<tr>\n<td width=\"213\">Sm\u011bs p\u011btiprvkov\u00fdch laserov\u00fdch plyn\u016f<\/td>\n<td width=\"213\">Vod\u00edk + oxid uhelnat\u00fd + oxid uhli\u010dit\u00fd<\/p>\n<p>(objem\/objem)\/10<\/td>\n<td width=\"284\">\u226450<\/td>\n<td width=\"141\">H\u00e9lium<\/td>\n<\/tr>\n<tr>\n<td width=\"213\">&#8230;&#8230;<\/td>\n<td width=\"213\">&#8230;&#8230;<\/td>\n<td width=\"284\">&#8230;&#8230;<\/td>\n<td width=\"141\">&#8230;&#8230;<\/td>\n<\/tr>\n<\/tbody>\n<\/table>\n\t\t\t\t\t\t<\/div>\n\t\t\t\t<\/div>\n\t\t\t\t\t<\/div>\n\t\t\t\t<\/div>\n\t\t\t\t<\/div>","protected":false},"excerpt":{"rendered":"<p>Plyn, kter\u00fd obsahuje dv\u011b nebo v\u00edce aktivn\u00edch slo\u017eek, nebo, i kdy\u017e nejsou aktivn\u00ed slo\u017eky, m\u00e1 obsah p\u0159ekra\u010duj\u00edc\u00ed stanoven\u00fd limit, se naz\u00fdv\u00e1 sm\u011bs plyn\u016f. Sm\u011bsi n\u011bkolika plyn\u016f se b\u011b\u017en\u011b pou\u017e\u00edvaj\u00ed jako pracovn\u00ed tekutiny ve stroj\u00edrenstv\u00ed. Sm\u011bsi plyn\u016f jsou \u010dasto studov\u00e1ny jako ide\u00e1ln\u00ed plyny.<\/p>","protected":false},"featured_media":1757,"template":"","meta":{"_acf_changed":false,"_seopress_robots_primary_cat":"none"},"product_brand":[],"product_cat":[40],"product_tag":[],"class_list":{"0":"post-1756","1":"product","2":"type-product","3":"status-publish","4":"has-post-thumbnail","6":"product_cat-bulk-gases","8":"first","9":"instock","10":"shipping-taxable","11":"product-type-simple"},"acf":[],"_links":{"self":[{"href":"https:\/\/www.gastonghui.com\/cs\/wp-json\/wp\/v2\/product\/1756","targetHints":{"allow":["GET"]}}],"collection":[{"href":"https:\/\/www.gastonghui.com\/cs\/wp-json\/wp\/v2\/product"}],"about":[{"href":"https:\/\/www.gastonghui.com\/cs\/wp-json\/wp\/v2\/types\/product"}],"version-history":[{"count":20,"href":"https:\/\/www.gastonghui.com\/cs\/wp-json\/wp\/v2\/product\/1756\/revisions"}],"predecessor-version":[{"id":2879,"href":"https:\/\/www.gastonghui.com\/cs\/wp-json\/wp\/v2\/product\/1756\/revisions\/2879"}],"wp:featuredmedia":[{"embeddable":true,"href":"https:\/\/www.gastonghui.com\/cs\/wp-json\/wp\/v2\/media\/1757"}],"wp:attachment":[{"href":"https:\/\/www.gastonghui.com\/cs\/wp-json\/wp\/v2\/media?parent=1756"}],"wp:term":[{"taxonomy":"product_brand","embeddable":true,"href":"https:\/\/www.gastonghui.com\/cs\/wp-json\/wp\/v2\/product_brand?post=1756"},{"taxonomy":"product_cat","embeddable":true,"href":"https:\/\/www.gastonghui.com\/cs\/wp-json\/wp\/v2\/product_cat?post=1756"},{"taxonomy":"product_tag","embeddable":true,"href":"https:\/\/www.gastonghui.com\/cs\/wp-json\/wp\/v2\/product_tag?post=1756"}],"curies":[{"name":"wp","href":"https:\/\/api.w.org\/{rel}","templated":true}]}}