
{"id":1730,"date":"2024-12-17T14:04:42","date_gmt":"2024-12-17T06:04:42","guid":{"rendered":"https:\/\/www.gastonghui.com\/?post_type=product&#038;p=1730"},"modified":"2025-01-10T10:26:42","modified_gmt":"2025-01-10T02:26:42","slug":"argon","status":"publish","type":"product","link":"https:\/\/www.gastonghui.com\/cs\/produkt\/argon\/","title":{"rendered":"Argon"},"content":{"rendered":"<div data-elementor-type=\"product-post\" data-elementor-id=\"1730\" class=\"elementor elementor-1730\" data-elementor-post-type=\"product\">\n\t\t\t\t<div class=\"elementor-element elementor-element-8a567bc e-flex e-con-boxed e-con e-parent\" data-id=\"8a567bc\" data-element_type=\"container\">\n\t\t\t\t\t<div class=\"e-con-inner\">\n\t\t\t\t<div class=\"elementor-element elementor-element-aa4c757 elementor-widget elementor-widget-heading\" data-id=\"aa4c757\" data-element_type=\"widget\" data-widget_type=\"heading.default\">\n\t\t\t\t<div class=\"elementor-widget-container\">\n\t\t\t<style>\/*! elementor - v3.21.0 - 18-04-2024 *\/\n.elementor-heading-title{padding:0;margin:0;line-height:1}.elementor-widget-heading .elementor-heading-title[class*=elementor-size-]>a{color:inherit;font-size:inherit;line-height:inherit}.elementor-widget-heading .elementor-heading-title.elementor-size-small{font-size:15px}.elementor-widget-heading .elementor-heading-title.elementor-size-medium{font-size:19px}.elementor-widget-heading .elementor-heading-title.elementor-size-large{font-size:29px}.elementor-widget-heading .elementor-heading-title.elementor-size-xl{font-size:39px}.elementor-widget-heading .elementor-heading-title.elementor-size-xxl{font-size:59px}<\/style><h3 class=\"elementor-heading-title elementor-size-default\">Fyzik\u00e1ln\u00ed parametry <\/h3>\t\t<\/div>\n\t\t\t\t<\/div>\n\t\t\t\t<div class=\"elementor-element elementor-element-a08a7d0 elementor-widget elementor-widget-text-editor\" data-id=\"a08a7d0\" data-element_type=\"widget\" data-widget_type=\"text-editor.default\">\n\t\t\t\t<div class=\"elementor-widget-container\">\n\t\t\t<style>\/*! elementor - v3.21.0 - 18-04-2024 *\/\n.elementor-widget-text-editor.elementor-drop-cap-view-stacked .elementor-drop-cap{background-color:#69727d;color:#fff}.elementor-widget-text-editor.elementor-drop-cap-view-framed .elementor-drop-cap{color:#69727d;border:3px solid;background-color:transparent}.elementor-widget-text-editor:not(.elementor-drop-cap-view-default) .elementor-drop-cap{margin-top:8px}.elementor-widget-text-editor:not(.elementor-drop-cap-view-default) .elementor-drop-cap-letter{width:1em;height:1em}.elementor-widget-text-editor .elementor-drop-cap{float:left;text-align:center;line-height:1;font-size:50px}.elementor-widget-text-editor .elementor-drop-cap-letter{display:inline-block}<\/style>\t\t\t\t<table style=\"width: 100%;background-color: #e0f2ef\">\n<tbody>\n<tr>\n<td width=\"189\"><strong><b>Chemick\u00fd n\u00e1zev<\/b><\/strong><\/td>\n<td width=\"189\"><strong><b>Vlastnictv\u00ed<\/b><\/strong><\/td>\n<td width=\"106\"><strong><b>\u010cistota<\/b><\/strong><\/td>\n<td colspan=\"4\" width=\"419\"><strong><b>Parametry dod\u00e1vky<\/b><\/strong><\/p>\n<p><strong><b>(pod 21,1\u2103)<\/b><\/strong><\/td>\n<\/tr>\n<tr>\n<td width=\"189\"><strong><b>\u00a0<\/b><\/strong><\/td>\n<td width=\"189\"><strong><b>\u00a0<\/b><\/strong><\/td>\n<td width=\"106\"><strong><b>\u00a0<\/b><\/strong><\/td>\n<td width=\"148\"><strong><b>Ventil<\/b><\/strong><\/td>\n<td width=\"94\"><strong><b>Kapacita<\/b><\/strong><strong><b><br \/>\n<\/b><\/strong><strong><b>(L)<\/b><\/strong><\/td>\n<td width=\"94\"><strong><b>Tlak<\/b><\/strong><\/p>\n<p><strong><b>(psig)<\/b><\/strong><\/td>\n<td width=\"82\"><strong><b>Plyn<\/b><\/strong><strong><b><br \/>\n<\/b><\/strong><strong><b>Objem<\/b><\/strong><\/td>\n<\/tr>\n<tr>\n<td width=\"189\">Argon<\/td>\n<td width=\"189\">bezbarv\u00fd, bez z\u00e1pachu a inertn\u00ed vz\u00e1cn\u00fd plyn<\/td>\n<td width=\"106\">99.9995%<\/td>\n<td width=\"148\">CGA580\/DISS-719<\/td>\n<td width=\"94\">44<\/td>\n<td width=\"94\">2200<\/td>\n<td width=\"82\">6m\u00b3<\/td>\n<\/tr>\n<\/tbody>\n<\/table>\n\t\t\t\t\t\t<\/div>\n\t\t\t\t<\/div>\n\t\t\t\t\t<\/div>\n\t\t\t\t<\/div>\n\t\t<div class=\"elementor-element elementor-element-57eec11 e-flex e-con-boxed e-con e-parent\" data-id=\"57eec11\" data-element_type=\"container\" data-settings=\"{&quot;background_background&quot;:&quot;classic&quot;}\">\n\t\t\t\t\t<div class=\"e-con-inner\">\n\t\t\t\t<div class=\"elementor-element elementor-element-c4bfcfc elementor-widget elementor-widget-heading\" data-id=\"c4bfcfc\" data-element_type=\"widget\" data-widget_type=\"heading.default\">\n\t\t\t\t<div class=\"elementor-widget-container\">\n\t\t\t<h3 class=\"elementor-heading-title elementor-size-default\">Aplikace<\/h3>\t\t<\/div>\n\t\t\t\t<\/div>\n\t\t\t\t<div class=\"elementor-element elementor-element-3e31eb5 elementor-pagination-type-bullets elementor-arrows-position-inside elementor-pagination-position-outside elementor-widget elementor-widget-n-carousel\" data-id=\"3e31eb5\" data-element_type=\"widget\" data-settings=\"{&quot;carousel_items&quot;:[{&quot;slide_title&quot;:&quot;Slide #1&quot;,&quot;_id&quot;:&quot;35daf4d&quot;},{&quot;slide_title&quot;:&quot;Slide #2&quot;,&quot;_id&quot;:&quot;f4a98fa&quot;},{&quot;slide_title&quot;:&quot;Slide #3&quot;,&quot;_id&quot;:&quot;1007ffd&quot;},{&quot;slide_title&quot;:&quot;Slide #3&quot;,&quot;_id&quot;:&quot;c202a1b&quot;}],&quot;image_spacing_custom&quot;:{&quot;unit&quot;:&quot;px&quot;,&quot;size&quot;:30,&quot;sizes&quot;:[]},&quot;slides_to_show_tablet&quot;:&quot;2&quot;,&quot;slides_to_show_mobile&quot;:&quot;1&quot;,&quot;autoplay&quot;:&quot;yes&quot;,&quot;autoplay_speed&quot;:5000,&quot;pause_on_hover&quot;:&quot;yes&quot;,&quot;pause_on_interaction&quot;:&quot;yes&quot;,&quot;infinite&quot;:&quot;yes&quot;,&quot;speed&quot;:500,&quot;offset_sides&quot;:&quot;none&quot;,&quot;arrows&quot;:&quot;yes&quot;,&quot;pagination&quot;:&quot;bullets&quot;,&quot;image_spacing_custom_tablet&quot;:{&quot;unit&quot;:&quot;px&quot;,&quot;size&quot;:&quot;&quot;,&quot;sizes&quot;:[]},&quot;image_spacing_custom_mobile&quot;:{&quot;unit&quot;:&quot;px&quot;,&quot;size&quot;:&quot;&quot;,&quot;sizes&quot;:[]}}\" data-widget_type=\"nested-carousel.default\">\n\t\t\t\t<div class=\"elementor-widget-container\">\n\t\t\t<link rel=\"stylesheet\" href=\"https:\/\/www.gastonghui.com\/wp-content\/plugins\/elementor-pro\/assets\/css\/widget-nested-carousel.min.css\">\t\t<div class=\"e-n-carousel swiper\" dir=\"ltr\">\n\t\t\t<div class=\"swiper-wrapper\" aria-live=\"off\">\n\t\t\t\t\t\t\t\t\t\t<div class=\"swiper-slide\" data-slide=\"1\" role=\"group\" aria-roledescription=\"slide\" aria-label=\"1 ze 4\">\n\t\t\t\t\t\t\t<div class=\"elementor-element elementor-element-9e1c74c e-flex e-con-boxed e-con e-child\" data-id=\"9e1c74c\" data-element_type=\"container\" data-settings=\"{&quot;background_background&quot;:&quot;classic&quot;}\">\n\t\t\t\t\t<div class=\"e-con-inner\">\n\t\t\t\t<div class=\"elementor-element elementor-element-ecbf289 elementor-position-top elementor-widget elementor-widget-image-box\" data-id=\"ecbf289\" data-element_type=\"widget\" data-widget_type=\"image-box.default\">\n\t\t\t\t<div class=\"elementor-widget-container\">\n\t\t\t<style>\/*! elementor - v3.21.0 - 18-04-2024 *\/\n.elementor-widget-image-box .elementor-image-box-content{width:100%}@media (min-width:768px){.elementor-widget-image-box.elementor-position-left .elementor-image-box-wrapper,.elementor-widget-image-box.elementor-position-right .elementor-image-box-wrapper{display:flex}.elementor-widget-image-box.elementor-position-right .elementor-image-box-wrapper{text-align:end;flex-direction:row-reverse}.elementor-widget-image-box.elementor-position-left .elementor-image-box-wrapper{text-align:start;flex-direction:row}.elementor-widget-image-box.elementor-position-top .elementor-image-box-img{margin:auto}.elementor-widget-image-box.elementor-vertical-align-top .elementor-image-box-wrapper{align-items:flex-start}.elementor-widget-image-box.elementor-vertical-align-middle .elementor-image-box-wrapper{align-items:center}.elementor-widget-image-box.elementor-vertical-align-bottom .elementor-image-box-wrapper{align-items:flex-end}}@media (max-width:767px){.elementor-widget-image-box .elementor-image-box-img{margin-left:auto!important;margin-right:auto!important;margin-bottom:15px}}.elementor-widget-image-box .elementor-image-box-img{display:inline-block}.elementor-widget-image-box .elementor-image-box-title a{color:inherit}.elementor-widget-image-box .elementor-image-box-wrapper{text-align:center}.elementor-widget-image-box .elementor-image-box-description{margin:0}<\/style><div class=\"elementor-image-box-wrapper\"><figure class=\"elementor-image-box-img\"><img fetchpriority=\"high\" decoding=\"async\" width=\"2560\" height=\"1707\" src=\"https:\/\/files.gntfile.com\/data-uploads\/453\/2024\/12\/\u7528\u90141-2-scaled.jpg\" class=\"attachment-full size-full wp-image-1737\" alt=\"argon\" srcset=\"https:\/\/files.gntfile.com\/data-uploads\/453\/2024\/12\/\u7528\u90141-2-scaled.jpg 2560w, https:\/\/files.gntfile.com\/data-uploads\/453\/2024\/12\/\u7528\u90141-2-768x512.jpg 768w, https:\/\/files.gntfile.com\/data-uploads\/453\/2024\/12\/\u7528\u90141-2-1536x1024.jpg 1536w, https:\/\/files.gntfile.com\/data-uploads\/453\/2024\/12\/\u7528\u90141-2-2048x1365.jpg 2048w, https:\/\/files.gntfile.com\/data-uploads\/453\/2024\/12\/\u7528\u90141-2-18x12.jpg 18w, https:\/\/files.gntfile.com\/data-uploads\/453\/2024\/12\/\u7528\u90141-2-600x400.jpg 600w\" sizes=\"(max-width: 2560px) 100vw, 2560px\" \/><\/figure><div class=\"elementor-image-box-content\"><div class=\"elementor-image-box-title\">\u0158ez\u00e1n\u00ed laserem<\/div><p class=\"elementor-image-box-description\">Pou\u017e\u00edv\u00e1 se spolu s vysoce \u010dist\u00fdm heliem a vysoce \u010dist\u00fdm oxidem uhli\u010dit\u00fdm jako laserov\u00fd plyn pro laserov\u00e9 \u0159ezac\u00ed stroje<\/p><\/div><\/div>\t\t<\/div>\n\t\t\t\t<\/div>\n\t\t\t\t\t<\/div>\n\t\t\t\t<\/div>\n\t\t\t\t\t\t\t\t<\/div>\n\t\t\t\t\t\t\t\t\t\t\t<div class=\"swiper-slide\" data-slide=\"2\" role=\"group\" aria-roledescription=\"slide\" aria-label=\"2 ze 4\">\n\t\t\t\t\t\t\t<div class=\"elementor-element elementor-element-2045c4a e-flex e-con-boxed e-con e-child\" data-id=\"2045c4a\" data-element_type=\"container\" data-settings=\"{&quot;background_background&quot;:&quot;classic&quot;}\">\n\t\t\t\t\t<div class=\"e-con-inner\">\n\t\t\t\t<div class=\"elementor-element elementor-element-c79be61 elementor-position-top elementor-widget elementor-widget-image-box\" data-id=\"c79be61\" data-element_type=\"widget\" data-widget_type=\"image-box.default\">\n\t\t\t\t<div class=\"elementor-widget-container\">\n\t\t\t<div class=\"elementor-image-box-wrapper\"><figure class=\"elementor-image-box-img\"><img decoding=\"async\" width=\"612\" height=\"442\" src=\"https:\/\/files.gntfile.com\/data-uploads\/453\/2024\/12\/\u7528\u90143-2.jpg\" class=\"attachment-full size-full wp-image-1736\" alt=\"argon\" srcset=\"https:\/\/files.gntfile.com\/data-uploads\/453\/2024\/12\/\u7528\u90143-2.jpg 612w, https:\/\/files.gntfile.com\/data-uploads\/453\/2024\/12\/\u7528\u90143-2-18x12.jpg 18w, https:\/\/files.gntfile.com\/data-uploads\/453\/2024\/12\/\u7528\u90143-2-600x433.jpg 600w\" sizes=\"(max-width: 612px) 100vw, 612px\" \/><\/figure><div class=\"elementor-image-box-content\"><div class=\"elementor-image-box-title\">Sva\u0159ov\u00e1n\u00ed kov\u016f<\/div><p class=\"elementor-image-box-description\">Pou\u017e\u00edv\u00e1 se p\u0159edev\u0161\u00edm p\u0159i sva\u0159ov\u00e1n\u00ed nerezov\u00e9 oceli, slitin hlin\u00edku a slitiny m\u011bdi, v\u00fdrob\u011b nerezov\u00e9 oceli, metalurgii.<\/p><\/div><\/div>\t\t<\/div>\n\t\t\t\t<\/div>\n\t\t\t\t\t<\/div>\n\t\t\t\t<\/div>\n\t\t\t\t\t\t\t\t<\/div>\n\t\t\t\t\t\t\t\t\t\t\t<div class=\"swiper-slide\" data-slide=\"3\" role=\"group\" aria-roledescription=\"slide\" aria-label=\"3 ze 4\">\n\t\t\t\t\t\t\t<div class=\"elementor-element elementor-element-687ffb1 e-flex e-con-boxed e-con e-child\" data-id=\"687ffb1\" data-element_type=\"container\" data-settings=\"{&quot;background_background&quot;:&quot;classic&quot;}\">\n\t\t\t\t\t<div class=\"e-con-inner\">\n\t\t\t\t<div class=\"elementor-element elementor-element-4f53cbc elementor-position-top elementor-widget elementor-widget-image-box\" data-id=\"4f53cbc\" data-element_type=\"widget\" data-widget_type=\"image-box.default\">\n\t\t\t\t<div class=\"elementor-widget-container\">\n\t\t\t<div class=\"elementor-image-box-wrapper\"><figure class=\"elementor-image-box-img\"><img decoding=\"async\" width=\"2530\" height=\"1894\" src=\"https:\/\/files.gntfile.com\/data-uploads\/453\/2024\/12\/\u7528\u90143.jpeg\" class=\"attachment-full size-full wp-image-1723\" alt=\"automatick\u00fd n\u00e1vrh\" srcset=\"https:\/\/files.gntfile.com\/data-uploads\/453\/2024\/12\/\u7528\u90143.jpeg 2530w, https:\/\/files.gntfile.com\/data-uploads\/453\/2024\/12\/\u7528\u90143-768x575.jpeg 768w, https:\/\/files.gntfile.com\/data-uploads\/453\/2024\/12\/\u7528\u90143-1536x1150.jpeg 1536w, https:\/\/files.gntfile.com\/data-uploads\/453\/2024\/12\/\u7528\u90143-2048x1533.jpeg 2048w, https:\/\/files.gntfile.com\/data-uploads\/453\/2024\/12\/\u7528\u90143-16x12.jpeg 16w, https:\/\/files.gntfile.com\/data-uploads\/453\/2024\/12\/\u7528\u90143-600x449.jpeg 600w\" sizes=\"(max-width: 2530px) 100vw, 2530px\" \/><\/figure><div class=\"elementor-image-box-content\"><div class=\"elementor-image-box-title\">V\u00fdroba polovodi\u010d\u016f<\/div><p class=\"elementor-image-box-description\">Jako je chemick\u00e1 depozice z par, r\u016fst krystal\u016f, tepeln\u00e1 oxidace, epitaxe, dif\u00faze, polykrystalick\u00fd k\u0159em\u00edk, wolfram, implantace iont\u016f, tok nosi\u010de, slinov\u00e1n\u00ed a dal\u0161\u00ed. <\/p><\/div><\/div>\t\t<\/div>\n\t\t\t\t<\/div>\n\t\t\t\t\t<\/div>\n\t\t\t\t<\/div>\n\t\t\t\t\t\t\t\t<\/div>\n\t\t\t\t\t\t\t\t\t\t\t<div class=\"swiper-slide\" data-slide=\"4\" role=\"group\" aria-roledescription=\"slide\" aria-label=\"4 ze 4\">\n\t\t\t\t\t\t\t<div class=\"elementor-element elementor-element-e2c4278 e-flex e-con-boxed e-con e-child\" data-id=\"e2c4278\" data-element_type=\"container\" data-settings=\"{&quot;background_background&quot;:&quot;classic&quot;}\">\n\t\t\t\t\t<div class=\"e-con-inner\">\n\t\t\t\t<div class=\"elementor-element elementor-element-4bde55c elementor-position-top elementor-widget elementor-widget-image-box\" data-id=\"4bde55c\" data-element_type=\"widget\" data-widget_type=\"image-box.default\">\n\t\t\t\t<div class=\"elementor-widget-container\">\n\t\t\t<div class=\"elementor-image-box-wrapper\"><figure class=\"elementor-image-box-img\"><img loading=\"lazy\" decoding=\"async\" width=\"2560\" height=\"1922\" src=\"https:\/\/files.gntfile.com\/data-uploads\/453\/2024\/12\/\u7528\u90142-2-scaled.jpg\" class=\"attachment-full size-full wp-image-1735\" alt=\"argon\" srcset=\"https:\/\/files.gntfile.com\/data-uploads\/453\/2024\/12\/\u7528\u90142-2-scaled.jpg 2560w, https:\/\/files.gntfile.com\/data-uploads\/453\/2024\/12\/\u7528\u90142-2-768x577.jpg 768w, https:\/\/files.gntfile.com\/data-uploads\/453\/2024\/12\/\u7528\u90142-2-1536x1153.jpg 1536w, https:\/\/files.gntfile.com\/data-uploads\/453\/2024\/12\/\u7528\u90142-2-2048x1538.jpg 2048w, https:\/\/files.gntfile.com\/data-uploads\/453\/2024\/12\/\u7528\u90142-2-16x12.jpg 16w, https:\/\/files.gntfile.com\/data-uploads\/453\/2024\/12\/\u7528\u90142-2-600x451.jpg 600w\" sizes=\"(max-width: 2560px) 100vw, 2560px\" \/><\/figure><div class=\"elementor-image-box-content\"><div class=\"elementor-image-box-title\">Nosn\u00fd plyn<\/div><p class=\"elementor-image-box-description\">Pro p\u0159\u00edstroje jako ICP a plynov\u00e9 chromatografy, stejn\u011b jako pro standardn\u00ed plyny, bilan\u010dn\u00ed plyny, plyny nulov\u00e9 kvality atd.<\/p><\/div><\/div>\t\t<\/div>\n\t\t\t\t<\/div>\n\t\t\t\t\t<\/div>\n\t\t\t\t<\/div>\n\t\t\t\t\t\t\t\t<\/div>\n\t\t\t\t\t\t\t\t<\/div>\n\t\t<\/div>\n\t\t\t\t\t<div class=\"elementor-swiper-button elementor-swiper-button-prev\" role=\"button\" tabindex=\"0\">\n\t\t\t\t<svg aria-hidden=\"true\" class=\"e-font-icon-svg e-eicon-chevron-left\" viewbox=\"0 0 1000 1000\" xmlns=\"http:\/\/www.w3.org\/2000\/svg\"><path d=\"M646 125C629 125 613 133 604 142L308 442C296 454 292 471 292 487 292 504 296 521 308 533L604 854C617 867 629 875 646 875 663 875 679 871 692 858 704 846 713 829 713 812 713 796 708 779 692 767L438 487 692 225C700 217 708 204 708 187 708 171 704 154 692 142 675 129 663 125 646 125Z\"><\/path><\/svg>\t\t\t<\/div>\n\t\t\t<div class=\"elementor-swiper-button elementor-swiper-button-next\" role=\"button\" tabindex=\"0\">\n\t\t\t\t<svg aria-hidden=\"true\" class=\"e-font-icon-svg e-eicon-chevron-right\" viewbox=\"0 0 1000 1000\" xmlns=\"http:\/\/www.w3.org\/2000\/svg\"><path d=\"M696 533C708 521 713 504 713 487 713 471 708 454 696 446L400 146C388 133 375 125 354 125 338 125 325 129 313 142 300 154 292 171 292 187 292 204 296 221 308 233L563 492 304 771C292 783 288 800 288 817 288 833 296 850 308 863 321 871 338 875 354 875 371 875 388 867 400 854L696 533Z\"><\/path><\/svg>\t\t\t<\/div>\n\t\t\t\t\t<div class=\"swiper-pagination\"><\/div>\n\t\t\t\t<\/div>\n\t\t\t\t<\/div>\n\t\t\t\t\t<\/div>\n\t\t\t\t<\/div>\n\t\t\t\t<\/div>","protected":false},"excerpt":{"rendered":"<p>Argon se prim\u00e1rn\u011b z\u00edsk\u00e1v\u00e1 jako vedlej\u0161\u00ed produkt p\u0159i frak\u010dn\u00ed destilaci kapaln\u00e9ho vzduchu, co\u017e je proces pou\u017e\u00edvan\u00fd k v\u00fdrob\u011b kysl\u00edku a dus\u00edku. Odd\u011bluje se d\u00edky sv\u00e9mu v\u00fdrazn\u00e9mu bodu varu. Je netoxick\u00fd a bezpe\u010dn\u00fd pro v\u011bt\u0161inu pou\u017eit\u00ed a je \u0161iroce dostupn\u00fd a n\u00e1kladov\u011b efektivn\u00ed d\u00edky jeho atmosf\u00e9rick\u00e9mu mno\u017estv\u00ed.<\/p>","protected":false},"featured_media":1732,"template":"","meta":{"_acf_changed":false,"_seopress_robots_primary_cat":""},"product_brand":[],"product_cat":[40],"product_tag":[],"class_list":{"0":"post-1730","1":"product","2":"type-product","3":"status-publish","4":"has-post-thumbnail","6":"product_cat-bulk-gases","8":"first","9":"instock","10":"shipping-taxable","11":"product-type-simple"},"acf":[],"_links":{"self":[{"href":"https:\/\/www.gastonghui.com\/cs\/wp-json\/wp\/v2\/product\/1730","targetHints":{"allow":["GET"]}}],"collection":[{"href":"https:\/\/www.gastonghui.com\/cs\/wp-json\/wp\/v2\/product"}],"about":[{"href":"https:\/\/www.gastonghui.com\/cs\/wp-json\/wp\/v2\/types\/product"}],"version-history":[{"count":26,"href":"https:\/\/www.gastonghui.com\/cs\/wp-json\/wp\/v2\/product\/1730\/revisions"}],"predecessor-version":[{"id":3392,"href":"https:\/\/www.gastonghui.com\/cs\/wp-json\/wp\/v2\/product\/1730\/revisions\/3392"}],"wp:featuredmedia":[{"embeddable":true,"href":"https:\/\/www.gastonghui.com\/cs\/wp-json\/wp\/v2\/media\/1732"}],"wp:attachment":[{"href":"https:\/\/www.gastonghui.com\/cs\/wp-json\/wp\/v2\/media?parent=1730"}],"wp:term":[{"taxonomy":"product_brand","embeddable":true,"href":"https:\/\/www.gastonghui.com\/cs\/wp-json\/wp\/v2\/product_brand?post=1730"},{"taxonomy":"product_cat","embeddable":true,"href":"https:\/\/www.gastonghui.com\/cs\/wp-json\/wp\/v2\/product_cat?post=1730"},{"taxonomy":"product_tag","embeddable":true,"href":"https:\/\/www.gastonghui.com\/cs\/wp-json\/wp\/v2\/product_tag?post=1730"}],"curies":[{"name":"wp","href":"https:\/\/api.w.org\/{rel}","templated":true}]}}