
{"id":1698,"date":"2024-12-17T13:39:57","date_gmt":"2024-12-17T05:39:57","guid":{"rendered":"https:\/\/www.gastonghui.com\/?post_type=product&#038;p=1698"},"modified":"2025-01-10T10:25:22","modified_gmt":"2025-01-10T02:25:22","slug":"hydrogen","status":"publish","type":"product","link":"https:\/\/www.gastonghui.com\/cs\/produkt\/hydrogen\/","title":{"rendered":"Vod\u00edk"},"content":{"rendered":"<div data-elementor-type=\"product-post\" data-elementor-id=\"1698\" class=\"elementor elementor-1698\" data-elementor-post-type=\"product\">\n\t\t\t\t<div class=\"elementor-element elementor-element-5cf607b e-flex e-con-boxed e-con e-parent\" data-id=\"5cf607b\" data-element_type=\"container\">\n\t\t\t\t\t<div class=\"e-con-inner\">\n\t\t\t\t<div class=\"elementor-element elementor-element-6971e0c elementor-widget elementor-widget-heading\" data-id=\"6971e0c\" data-element_type=\"widget\" data-widget_type=\"heading.default\">\n\t\t\t\t<div class=\"elementor-widget-container\">\n\t\t\t<style>\/*! elementor - v3.21.0 - 18-04-2024 *\/\n.elementor-heading-title{padding:0;margin:0;line-height:1}.elementor-widget-heading .elementor-heading-title[class*=elementor-size-]>a{color:inherit;font-size:inherit;line-height:inherit}.elementor-widget-heading .elementor-heading-title.elementor-size-small{font-size:15px}.elementor-widget-heading .elementor-heading-title.elementor-size-medium{font-size:19px}.elementor-widget-heading .elementor-heading-title.elementor-size-large{font-size:29px}.elementor-widget-heading .elementor-heading-title.elementor-size-xl{font-size:39px}.elementor-widget-heading .elementor-heading-title.elementor-size-xxl{font-size:59px}<\/style><h3 class=\"elementor-heading-title elementor-size-default\">Fyzik\u00e1ln\u00ed parametry <\/h3>\t\t<\/div>\n\t\t\t\t<\/div>\n\t\t\t\t<div class=\"elementor-element elementor-element-17312c4 elementor-widget elementor-widget-text-editor\" data-id=\"17312c4\" data-element_type=\"widget\" data-widget_type=\"text-editor.default\">\n\t\t\t\t<div class=\"elementor-widget-container\">\n\t\t\t<style>\/*! elementor - v3.21.0 - 18-04-2024 *\/\n.elementor-widget-text-editor.elementor-drop-cap-view-stacked .elementor-drop-cap{background-color:#69727d;color:#fff}.elementor-widget-text-editor.elementor-drop-cap-view-framed .elementor-drop-cap{color:#69727d;border:3px solid;background-color:transparent}.elementor-widget-text-editor:not(.elementor-drop-cap-view-default) .elementor-drop-cap{margin-top:8px}.elementor-widget-text-editor:not(.elementor-drop-cap-view-default) .elementor-drop-cap-letter{width:1em;height:1em}.elementor-widget-text-editor .elementor-drop-cap{float:left;text-align:center;line-height:1;font-size:50px}.elementor-widget-text-editor .elementor-drop-cap-letter{display:inline-block}<\/style>\t\t\t\t<table style=\"width: 100%;background-color: #ebfffc\">\n<tbody>\n<tr>\n<td width=\"108\"><strong><b>Chemick\u00fd n\u00e1zev<\/b><\/strong><\/td>\n<td width=\"209\"><strong><b>Vlastnictv\u00ed<\/b><\/strong><\/td>\n<td width=\"111\"><strong><b>\u010cistota<\/b><\/strong><\/td>\n<td colspan=\"4\" width=\"436\"><strong><b>Parametry dod\u00e1vky<\/b><\/strong><\/p>\n<p><strong><b>(pod 21,1\u2103)<\/b><\/strong><\/td>\n<\/tr>\n<tr>\n<td width=\"108\"><strong><b>\u00a0<\/b><\/strong><\/td>\n<td width=\"209\"><strong><b>\u00a0<\/b><\/strong><\/td>\n<td width=\"111\"><strong><b>\u00a0<\/b><\/strong><\/td>\n<td width=\"154\"><strong><b>Ventil<\/b><\/strong><\/td>\n<td width=\"98\"><strong><b>Kapacita<\/b><\/strong><strong><b><br \/>\n<\/b><\/strong><strong><b>(L)<\/b><\/strong><\/td>\n<td width=\"98\"><strong><b>Tlak<\/b><\/strong><\/p>\n<p><strong><b>(psig)<\/b><\/strong><\/td>\n<td width=\"85\"><strong><b>Plyn<\/b><\/strong><strong><b><br \/>\n<\/b><\/strong><strong><b>Objem<\/b><\/strong><\/td>\n<\/tr>\n<tr>\n<td width=\"108\">Vod\u00edk<\/td>\n<td width=\"209\">Bezbarv\u00fd, netoxick\u00fd, ho\u0159lav\u00fd a v\u00fdbu\u0161n\u00fd plyn bez z\u00e1pachu.<\/td>\n<td width=\"111\">99.9995%<\/td>\n<td width=\"154\">CGA350\/DISS-724<\/td>\n<td width=\"98\">44<\/td>\n<td width=\"98\">2000<\/td>\n<td width=\"85\">6m\u00b3<\/td>\n<\/tr>\n<\/tbody>\n<\/table>\n\t\t\t\t\t\t<\/div>\n\t\t\t\t<\/div>\n\t\t\t\t\t<\/div>\n\t\t\t\t<\/div>\n\t\t<div class=\"elementor-element elementor-element-3be29fc e-flex e-con-boxed e-con e-parent\" data-id=\"3be29fc\" data-element_type=\"container\" data-settings=\"{&quot;background_background&quot;:&quot;classic&quot;}\">\n\t\t\t\t\t<div class=\"e-con-inner\">\n\t\t\t\t<div class=\"elementor-element elementor-element-5617b48 elementor-widget elementor-widget-heading\" data-id=\"5617b48\" data-element_type=\"widget\" data-widget_type=\"heading.default\">\n\t\t\t\t<div class=\"elementor-widget-container\">\n\t\t\t<h3 class=\"elementor-heading-title elementor-size-default\">Aplikace<\/h3>\t\t<\/div>\n\t\t\t\t<\/div>\n\t\t\t\t<div class=\"elementor-element elementor-element-06d880d elementor-pagination-type-bullets elementor-arrows-position-inside elementor-pagination-position-outside elementor-widget elementor-widget-n-carousel\" data-id=\"06d880d\" data-element_type=\"widget\" data-settings=\"{&quot;carousel_items&quot;:[{&quot;slide_title&quot;:&quot;Slide #1&quot;,&quot;_id&quot;:&quot;35daf4d&quot;},{&quot;slide_title&quot;:&quot;Slide #2&quot;,&quot;_id&quot;:&quot;f4a98fa&quot;},{&quot;slide_title&quot;:&quot;Slide #3&quot;,&quot;_id&quot;:&quot;1007ffd&quot;}],&quot;image_spacing_custom&quot;:{&quot;unit&quot;:&quot;px&quot;,&quot;size&quot;:30,&quot;sizes&quot;:[]},&quot;slides_to_show_tablet&quot;:&quot;2&quot;,&quot;slides_to_show_mobile&quot;:&quot;1&quot;,&quot;autoplay&quot;:&quot;yes&quot;,&quot;autoplay_speed&quot;:5000,&quot;pause_on_hover&quot;:&quot;yes&quot;,&quot;pause_on_interaction&quot;:&quot;yes&quot;,&quot;infinite&quot;:&quot;yes&quot;,&quot;speed&quot;:500,&quot;offset_sides&quot;:&quot;none&quot;,&quot;arrows&quot;:&quot;yes&quot;,&quot;pagination&quot;:&quot;bullets&quot;,&quot;image_spacing_custom_tablet&quot;:{&quot;unit&quot;:&quot;px&quot;,&quot;size&quot;:&quot;&quot;,&quot;sizes&quot;:[]},&quot;image_spacing_custom_mobile&quot;:{&quot;unit&quot;:&quot;px&quot;,&quot;size&quot;:&quot;&quot;,&quot;sizes&quot;:[]}}\" data-widget_type=\"nested-carousel.default\">\n\t\t\t\t<div class=\"elementor-widget-container\">\n\t\t\t<link rel=\"stylesheet\" href=\"https:\/\/www.gastonghui.com\/wp-content\/plugins\/elementor-pro\/assets\/css\/widget-nested-carousel.min.css\">\t\t<div class=\"e-n-carousel swiper\" dir=\"ltr\">\n\t\t\t<div class=\"swiper-wrapper\" aria-live=\"off\">\n\t\t\t\t\t\t\t\t\t\t<div class=\"swiper-slide\" data-slide=\"1\" role=\"group\" aria-roledescription=\"slide\" aria-label=\"1 ze 3\">\n\t\t\t\t\t\t\t<div class=\"elementor-element elementor-element-7b84245 e-flex e-con-boxed e-con e-child\" data-id=\"7b84245\" data-element_type=\"container\" data-settings=\"{&quot;background_background&quot;:&quot;classic&quot;}\">\n\t\t\t\t\t<div class=\"e-con-inner\">\n\t\t\t\t<div class=\"elementor-element elementor-element-a7e937b elementor-position-top elementor-widget elementor-widget-image-box\" data-id=\"a7e937b\" data-element_type=\"widget\" data-widget_type=\"image-box.default\">\n\t\t\t\t<div class=\"elementor-widget-container\">\n\t\t\t<style>\/*! elementor - v3.21.0 - 18-04-2024 *\/\n.elementor-widget-image-box .elementor-image-box-content{width:100%}@media (min-width:768px){.elementor-widget-image-box.elementor-position-left .elementor-image-box-wrapper,.elementor-widget-image-box.elementor-position-right .elementor-image-box-wrapper{display:flex}.elementor-widget-image-box.elementor-position-right .elementor-image-box-wrapper{text-align:end;flex-direction:row-reverse}.elementor-widget-image-box.elementor-position-left .elementor-image-box-wrapper{text-align:start;flex-direction:row}.elementor-widget-image-box.elementor-position-top .elementor-image-box-img{margin:auto}.elementor-widget-image-box.elementor-vertical-align-top .elementor-image-box-wrapper{align-items:flex-start}.elementor-widget-image-box.elementor-vertical-align-middle .elementor-image-box-wrapper{align-items:center}.elementor-widget-image-box.elementor-vertical-align-bottom .elementor-image-box-wrapper{align-items:flex-end}}@media (max-width:767px){.elementor-widget-image-box .elementor-image-box-img{margin-left:auto!important;margin-right:auto!important;margin-bottom:15px}}.elementor-widget-image-box .elementor-image-box-img{display:inline-block}.elementor-widget-image-box .elementor-image-box-title a{color:inherit}.elementor-widget-image-box .elementor-image-box-wrapper{text-align:center}.elementor-widget-image-box .elementor-image-box-description{margin:0}<\/style><div class=\"elementor-image-box-wrapper\"><figure class=\"elementor-image-box-img\"><img fetchpriority=\"high\" decoding=\"async\" width=\"1707\" height=\"2560\" src=\"https:\/\/files.gntfile.com\/data-uploads\/453\/2024\/12\/\u7528\u90143-1-scaled.jpg\" class=\"attachment-full size-full wp-image-1702\" alt=\"vod\u00edk\" srcset=\"https:\/\/files.gntfile.com\/data-uploads\/453\/2024\/12\/\u7528\u90143-1-scaled.jpg 1707w, https:\/\/files.gntfile.com\/data-uploads\/453\/2024\/12\/\u7528\u90143-1-768x1152.jpg 768w, https:\/\/files.gntfile.com\/data-uploads\/453\/2024\/12\/\u7528\u90143-1-1024x1536.jpg 1024w, https:\/\/files.gntfile.com\/data-uploads\/453\/2024\/12\/\u7528\u90143-1-1366x2048.jpg 1366w, https:\/\/files.gntfile.com\/data-uploads\/453\/2024\/12\/\u7528\u90143-1-8x12.jpg 8w, https:\/\/files.gntfile.com\/data-uploads\/453\/2024\/12\/\u7528\u90143-1-600x900.jpg 600w\" sizes=\"(max-width: 1707px) 100vw, 1707px\" \/><\/figure><div class=\"elementor-image-box-content\"><div class=\"elementor-image-box-title\">Reduk\u010dn\u00ed \u010dinidlo<\/div><p class=\"elementor-image-box-description\">Vod\u00edk se snadno slu\u010duje s kysl\u00edkem. Tato vlastnost z n\u011bj d\u011bl\u00e1 p\u0159\u00edrodn\u00ed reduk\u010dn\u00ed \u010dinidlo pou\u017e\u00edvan\u00e9 p\u0159i v\u00fdrob\u011b, aby se zabr\u00e1nilo oxidaci.<\/p><\/div><\/div>\t\t<\/div>\n\t\t\t\t<\/div>\n\t\t\t\t\t<\/div>\n\t\t\t\t<\/div>\n\t\t\t\t\t\t\t\t<\/div>\n\t\t\t\t\t\t\t\t\t\t\t<div class=\"swiper-slide\" data-slide=\"2\" role=\"group\" aria-roledescription=\"slide\" aria-label=\"2 ze 3\">\n\t\t\t\t\t\t\t<div class=\"elementor-element elementor-element-3b15f1c e-flex e-con-boxed e-con e-child\" data-id=\"3b15f1c\" data-element_type=\"container\" data-settings=\"{&quot;background_background&quot;:&quot;classic&quot;}\">\n\t\t\t\t\t<div class=\"e-con-inner\">\n\t\t\t\t<div class=\"elementor-element elementor-element-3d58154 elementor-position-top elementor-widget elementor-widget-image-box\" data-id=\"3d58154\" data-element_type=\"widget\" data-widget_type=\"image-box.default\">\n\t\t\t\t<div class=\"elementor-widget-container\">\n\t\t\t<div class=\"elementor-image-box-wrapper\"><figure class=\"elementor-image-box-img\"><img decoding=\"async\" width=\"2560\" height=\"1654\" src=\"https:\/\/files.gntfile.com\/data-uploads\/453\/2024\/12\/\u7528\u90142-1-scaled.jpg\" class=\"attachment-full size-full wp-image-1701\" alt=\"vod\u00edk\" srcset=\"https:\/\/files.gntfile.com\/data-uploads\/453\/2024\/12\/\u7528\u90142-1-scaled.jpg 2560w, https:\/\/files.gntfile.com\/data-uploads\/453\/2024\/12\/\u7528\u90142-1-768x496.jpg 768w, https:\/\/files.gntfile.com\/data-uploads\/453\/2024\/12\/\u7528\u90142-1-1536x992.jpg 1536w, https:\/\/files.gntfile.com\/data-uploads\/453\/2024\/12\/\u7528\u90142-1-2048x1323.jpg 2048w, https:\/\/files.gntfile.com\/data-uploads\/453\/2024\/12\/\u7528\u90142-1-18x12.jpg 18w, https:\/\/files.gntfile.com\/data-uploads\/453\/2024\/12\/\u7528\u90142-1-600x388.jpg 600w\" sizes=\"(max-width: 2560px) 100vw, 2560px\" \/><\/figure><div class=\"elementor-image-box-content\"><div class=\"elementor-image-box-title\">Ochrann\u00fd plyn<\/div><p class=\"elementor-image-box-description\">P\u0159i vysokoteplotn\u00edm zpracov\u00e1n\u00ed p\u0159i v\u00fdrob\u011b skla a v\u00fdrob\u011b elektronick\u00fdch mikro\u010dip\u016f se do dus\u00edkov\u00e9ho ochrann\u00e9ho plynu p\u0159id\u00e1v\u00e1 vod\u00edk, aby se odstranil zbytkov\u00fd kysl\u00edk.<\/p><\/div><\/div>\t\t<\/div>\n\t\t\t\t<\/div>\n\t\t\t\t\t<\/div>\n\t\t\t\t<\/div>\n\t\t\t\t\t\t\t\t<\/div>\n\t\t\t\t\t\t\t\t\t\t\t<div class=\"swiper-slide\" data-slide=\"3\" role=\"group\" aria-roledescription=\"slide\" aria-label=\"3 ze 3\">\n\t\t\t\t\t\t\t<div class=\"elementor-element elementor-element-bec45d7 e-flex e-con-boxed e-con e-child\" data-id=\"bec45d7\" data-element_type=\"container\" data-settings=\"{&quot;background_background&quot;:&quot;classic&quot;}\">\n\t\t\t\t\t<div class=\"e-con-inner\">\n\t\t\t\t<div class=\"elementor-element elementor-element-0e22911 elementor-position-top elementor-widget elementor-widget-image-box\" data-id=\"0e22911\" data-element_type=\"widget\" data-widget_type=\"image-box.default\">\n\t\t\t\t<div class=\"elementor-widget-container\">\n\t\t\t<div class=\"elementor-image-box-wrapper\"><figure class=\"elementor-image-box-img\"><img decoding=\"async\" width=\"1280\" height=\"853\" src=\"https:\/\/files.gntfile.com\/data-uploads\/453\/2024\/12\/\u7528\u90141.jpg\" class=\"attachment-full size-full wp-image-1700\" alt=\"vod\u00edk\" srcset=\"https:\/\/files.gntfile.com\/data-uploads\/453\/2024\/12\/\u7528\u90141.jpg 1280w, https:\/\/files.gntfile.com\/data-uploads\/453\/2024\/12\/\u7528\u90141-768x512.jpg 768w, https:\/\/files.gntfile.com\/data-uploads\/453\/2024\/12\/\u7528\u90141-18x12.jpg 18w, https:\/\/files.gntfile.com\/data-uploads\/453\/2024\/12\/\u7528\u90141-600x400.jpg 600w\" sizes=\"(max-width: 1280px) 100vw, 1280px\" \/><\/figure><div class=\"elementor-image-box-content\"><div class=\"elementor-image-box-title\">Hydrogenace tuk\u016f<\/div><p class=\"elementor-image-box-description\">Hydrogenace tuk\u016f v margar\u00ednu, kuchy\u0148sk\u00fdch olej\u00edch, \u0161amponech, mazivech, \u010distic\u00edch prost\u0159edc\u00edch pro dom\u00e1cnost a dal\u0161\u00edch produktech.<\/p><\/div><\/div>\t\t<\/div>\n\t\t\t\t<\/div>\n\t\t\t\t\t<\/div>\n\t\t\t\t<\/div>\n\t\t\t\t\t\t\t\t<\/div>\n\t\t\t\t\t\t\t\t<\/div>\n\t\t<\/div>\n\t\t\t\t\t<div class=\"elementor-swiper-button elementor-swiper-button-prev\" role=\"button\" tabindex=\"0\">\n\t\t\t\t<svg aria-hidden=\"true\" class=\"e-font-icon-svg e-eicon-chevron-left\" viewbox=\"0 0 1000 1000\" xmlns=\"http:\/\/www.w3.org\/2000\/svg\"><path d=\"M646 125C629 125 613 133 604 142L308 442C296 454 292 471 292 487 292 504 296 521 308 533L604 854C617 867 629 875 646 875 663 875 679 871 692 858 704 846 713 829 713 812 713 796 708 779 692 767L438 487 692 225C700 217 708 204 708 187 708 171 704 154 692 142 675 129 663 125 646 125Z\"><\/path><\/svg>\t\t\t<\/div>\n\t\t\t<div class=\"elementor-swiper-button elementor-swiper-button-next\" role=\"button\" tabindex=\"0\">\n\t\t\t\t<svg aria-hidden=\"true\" class=\"e-font-icon-svg e-eicon-chevron-right\" viewbox=\"0 0 1000 1000\" xmlns=\"http:\/\/www.w3.org\/2000\/svg\"><path d=\"M696 533C708 521 713 504 713 487 713 471 708 454 696 446L400 146C388 133 375 125 354 125 338 125 325 129 313 142 300 154 292 171 292 187 292 204 296 221 308 233L563 492 304 771C292 783 288 800 288 817 288 833 296 850 308 863 321 871 338 875 354 875 371 875 388 867 400 854L696 533Z\"><\/path><\/svg>\t\t\t<\/div>\n\t\t\t\t\t<div class=\"swiper-pagination\"><\/div>\n\t\t\t\t<\/div>\n\t\t\t\t<\/div>\n\t\t\t\t\t<\/div>\n\t\t\t\t<\/div>\n\t\t<div class=\"elementor-element elementor-element-2b2771a e-flex e-con-boxed e-con e-parent\" data-id=\"2b2771a\" data-element_type=\"container\">\n\t\t\t\t\t<div class=\"e-con-inner\">\n\t\t\t\t<div class=\"elementor-element elementor-element-41b99d3 elementor-widget elementor-widget-heading\" data-id=\"41b99d3\" data-element_type=\"widget\" data-widget_type=\"heading.default\">\n\t\t\t\t<div class=\"elementor-widget-container\">\n\t\t\t<h3 class=\"elementor-heading-title elementor-size-default\">Mo\u017enosti dod\u00e1vky<\/h3>\t\t<\/div>\n\t\t\t\t<\/div>\n\t\t<div class=\"elementor-element elementor-element-1dea4de e-grid e-con-full e-con e-child\" data-id=\"1dea4de\" data-element_type=\"container\">\n\t\t\t\t<div class=\"elementor-element elementor-element-e29852d elementor-view-default elementor-widget elementor-widget-icon\" data-id=\"e29852d\" data-element_type=\"widget\" data-widget_type=\"icon.default\">\n\t\t\t\t<div class=\"elementor-widget-container\">\n\t\t\t\t\t<div class=\"elementor-icon-wrapper\">\n\t\t\t<div class=\"elementor-icon\">\n\t\t\t<svg xmlns=\"http:\/\/www.w3.org\/2000\/svg\" xmlns:xlink=\"http:\/\/www.w3.org\/1999\/xlink\" width=\"98.437500\" height=\"79.500000\" viewbox=\"0 0 98.4375 79.5\" fill=\"none\"><desc>\t\t\tVytvo\u0159eno pomoc\u00ed Pixso.\t<\/desc><defs><lineargradient x1=\"-35.068321\" y1=\"-39.000038\" x2=\"98.437477\" y2=\"105.750000\" id=\"paint_linear_213_17_0\" gradientunits=\"userSpaceOnUse\"><stop stop-color=\"#35E5A2\"><\/stop><stop offset=\"1.000000\" stop-color=\"#2974DF\"><\/stop><\/lineargradient><\/defs><path id=\"path\" d=\"M91.87 33.12L78.75 33.12L78.75 29.81C78.75 26.15 75.8 23.18 72.18 23.18L58.51 23.18L58.51 16.56L72.18 16.56C75.8 16.56 78.75 13.59 78.75 9.93L78.75 6.62C78.75 2.97 75.8 0 72.18 0L29.53 0C25.91 0 22.96 2.97 22.96 6.62L22.96 9.93C22.96 13.59 25.91 16.56 29.53 16.56L42.1 16.56L42.1 23.18L29.53 23.18C25.91 23.18 22.96 26.15 22.96 29.81L22.96 33.12L6.56 33.12C2.94 33.12 0 36.09 0 39.75L0 72.87C0 76.52 2.94 79.5 6.56 79.5L91.87 79.5C95.49 79.5 98.43 76.52 98.43 72.87L98.43 39.75C98.43 36.09 95.49 33.12 91.87 33.12ZM29.53 6.62L72.18 6.62L72.19 9.93L29.53 9.93L29.53 6.62ZM48.67 16.56L51.95 16.56L51.95 23.18L48.67 23.18L48.67 16.56ZM29.53 29.81L72.18 29.81L72.18 33.12L29.53 33.12L29.53 29.81ZM6.56 72.87L6.56 39.75L10.5 39.75L10.5 72.87L6.56 72.87ZM17.06 72.87L17.06 39.75L82.71 39.75L82.71 72.87L17.06 72.87ZM89.27 72.87L89.27 39.75L91.87 39.75L91.88 72.87L89.27 72.87Z\" fill=\"url(#paint_linear_213_17_0)\" fill-opacity=\"1.000000\" fill-rule=\"nonzero\"><\/path><\/svg>\t\t\t<\/div>\n\t\t<\/div>\n\t\t\t\t<\/div>\n\t\t\t\t<\/div>\n\t\t<div class=\"elementor-element elementor-element-7880250 e-con-full e-flex e-con e-child\" data-id=\"7880250\" data-element_type=\"container\">\n\t\t\t\t<div class=\"elementor-element elementor-element-2840fd6 elementor-widget elementor-widget-heading\" data-id=\"2840fd6\" data-element_type=\"widget\" data-widget_type=\"heading.default\">\n\t\t\t\t<div class=\"elementor-widget-container\">\n\t\t\t<div class=\"elementor-heading-title elementor-size-default\">V\u00e1lec a trubka<\/div>\t\t<\/div>\n\t\t\t\t<\/div>\n\t\t\t\t<div class=\"elementor-element elementor-element-ac80edf elementor-widget elementor-widget-text-editor\" data-id=\"ac80edf\" data-element_type=\"widget\" data-widget_type=\"text-editor.default\">\n\t\t\t\t<div class=\"elementor-widget-container\">\n\t\t\t\t\t\t\t<p>Tonghui nab\u00edz\u00ed flexibiln\u00ed \u0159e\u0161en\u00ed balen\u00ed pro vod\u00edk, vhodn\u00e1 pro intermod\u00e1ln\u00ed p\u0159epravu a ide\u00e1ln\u00ed pro st\u0159edn\u00ed objemy nebo mezin\u00e1rodn\u00ed z\u00e1silky.<\/p>\t\t\t\t\t\t<\/div>\n\t\t\t\t<\/div>\n\t\t\t\t<\/div>\n\t\t\t\t<\/div>\n\t\t\t\t\t<\/div>\n\t\t\t\t<\/div>\n\t\t\t\t<\/div>","protected":false},"excerpt":{"rendered":"<p>Vod\u00edk lze extrahovat separac\u00ed vzduchu a slou\u017e\u00ed jako prim\u00e1rn\u00ed pr\u016fmyslov\u00e1 surovina. Je to tak\u00e9 jeden z nejd\u016fle\u017eit\u011bj\u0161\u00edch pr\u016fmyslov\u00fdch a speci\u00e1ln\u00edch plyn\u016f s \u0161irok\u00fdm uplatn\u011bn\u00edm v odv\u011btv\u00edch, jako je petrochemie, elektronika, metalurgie, zpracov\u00e1n\u00ed potravin, plaven\u00e9 sklo, jemn\u00e1 organick\u00e1 synt\u00e9za a leteck\u00fd pr\u016fmysl.<\/p>\n<p>Vod\u00edk je nav\u00edc ide\u00e1ln\u00edm sekund\u00e1rn\u00edm zdrojem energie (sekund\u00e1rn\u00ed energie se t\u00fdk\u00e1 energie vyroben\u00e9 z prim\u00e1rn\u00edho zdroje, jako je sol\u00e1rn\u00ed energie nebo uhl\u00ed).<\/p>","protected":false},"featured_media":1699,"template":"","meta":{"_acf_changed":false,"_seopress_robots_primary_cat":""},"product_brand":[],"product_cat":[40],"product_tag":[],"class_list":{"0":"post-1698","1":"product","2":"type-product","3":"status-publish","4":"has-post-thumbnail","6":"product_cat-bulk-gases","8":"first","9":"instock","10":"shipping-taxable","11":"product-type-simple"},"acf":[],"_links":{"self":[{"href":"https:\/\/www.gastonghui.com\/cs\/wp-json\/wp\/v2\/product\/1698","targetHints":{"allow":["GET"]}}],"collection":[{"href":"https:\/\/www.gastonghui.com\/cs\/wp-json\/wp\/v2\/product"}],"about":[{"href":"https:\/\/www.gastonghui.com\/cs\/wp-json\/wp\/v2\/types\/product"}],"version-history":[{"count":34,"href":"https:\/\/www.gastonghui.com\/cs\/wp-json\/wp\/v2\/product\/1698\/revisions"}],"predecessor-version":[{"id":2937,"href":"https:\/\/www.gastonghui.com\/cs\/wp-json\/wp\/v2\/product\/1698\/revisions\/2937"}],"wp:featuredmedia":[{"embeddable":true,"href":"https:\/\/www.gastonghui.com\/cs\/wp-json\/wp\/v2\/media\/1699"}],"wp:attachment":[{"href":"https:\/\/www.gastonghui.com\/cs\/wp-json\/wp\/v2\/media?parent=1698"}],"wp:term":[{"taxonomy":"product_brand","embeddable":true,"href":"https:\/\/www.gastonghui.com\/cs\/wp-json\/wp\/v2\/product_brand?post=1698"},{"taxonomy":"product_cat","embeddable":true,"href":"https:\/\/www.gastonghui.com\/cs\/wp-json\/wp\/v2\/product_cat?post=1698"},{"taxonomy":"product_tag","embeddable":true,"href":"https:\/\/www.gastonghui.com\/cs\/wp-json\/wp\/v2\/product_tag?post=1698"}],"curies":[{"name":"wp","href":"https:\/\/api.w.org\/{rel}","templated":true}]}}