
{"id":1131,"date":"2024-11-26T16:30:50","date_gmt":"2024-11-26T08:30:50","guid":{"rendered":"https:\/\/www.gastonghui.com\/?page_id=1131"},"modified":"2025-01-10T12:25:41","modified_gmt":"2025-01-10T04:25:41","slug":"cylinder-testing","status":"publish","type":"page","link":"https:\/\/www.gastonghui.com\/cs\/cylinder-testing\/","title":{"rendered":"Testov\u00e1n\u00ed v\u00e1lc\u016f"},"content":{"rendered":"<div data-elementor-type=\"wp-page\" data-elementor-id=\"1131\" class=\"elementor elementor-1131\" data-elementor-post-type=\"page\">\n\t\t\t\t<div class=\"elementor-element elementor-element-436d86b e-grid e-con-boxed e-con e-parent\" data-id=\"436d86b\" data-element_type=\"container\">\n\t\t\t\t\t<div class=\"e-con-inner\">\n\t\t<div class=\"elementor-element elementor-element-9e36d96 e-flex e-con-boxed e-con e-child\" data-id=\"9e36d96\" data-element_type=\"container\">\n\t\t\t\t\t<div class=\"e-con-inner\">\n\t\t\t\t<div class=\"elementor-element elementor-element-9873351 elementor-widget__width-initial color-text elementor-widget elementor-widget-heading\" data-id=\"9873351\" data-element_type=\"widget\" data-widget_type=\"heading.default\">\n\t\t\t\t<div class=\"elementor-widget-container\">\n\t\t\t<style>\/*! elementor - v3.21.0 - 18-04-2024 *\/\n.elementor-heading-title{padding:0;margin:0;line-height:1}.elementor-widget-heading .elementor-heading-title[class*=elementor-size-]>a{color:inherit;font-size:inherit;line-height:inherit}.elementor-widget-heading .elementor-heading-title.elementor-size-small{font-size:15px}.elementor-widget-heading .elementor-heading-title.elementor-size-medium{font-size:19px}.elementor-widget-heading .elementor-heading-title.elementor-size-large{font-size:29px}.elementor-widget-heading .elementor-heading-title.elementor-size-xl{font-size:39px}.elementor-widget-heading .elementor-heading-title.elementor-size-xxl{font-size:59px}<\/style><h2 class=\"elementor-heading-title elementor-size-default\">Pr\u016fkopnick\u00e1 dokonalost v integrit\u011b v\u00e1lc\u016f<\/h2>\t\t<\/div>\n\t\t\t\t<\/div>\n\t\t\t\t\t<\/div>\n\t\t\t\t<\/div>\n\t\t\t\t<div class=\"elementor-element elementor-element-d83d9db elementor-widget elementor-widget-icon-box\" data-id=\"d83d9db\" data-element_type=\"widget\" data-widget_type=\"icon-box.default\">\n\t\t\t\t<div class=\"elementor-widget-container\">\n\t\t\t<link rel=\"stylesheet\" href=\"https:\/\/www.gastonghui.com\/wp-content\/plugins\/elementor\/assets\/css\/widget-icon-box.min.css\">\t\t<div class=\"elementor-icon-box-wrapper\">\n\n\t\t\t\n\t\t\t\t\t\t<div class=\"elementor-icon-box-content\">\n\n\t\t\t\t\t\t\t\t\t<h3 class=\"elementor-icon-box-title\">\n\t\t\t\t\t\t<span  >\n\t\t\t\t\t\t\tZ\u00e1vazek ke kvalit\u011b\t\t\t\t\t\t<\/span>\n\t\t\t\t\t<\/h3>\n\t\t\t\t\n\t\t\t\t\t\t\t\t\t<p class=\"elementor-icon-box-description\">\n\t\t\t\t\t\tOd sv\u00e9ho zalo\u017een\u00ed dne 1. \u00fanora 2016 se spole\u010dnost Chongqing Tonghui Cylinder Testing Co., Ltd. stala maj\u00e1kem dokonalosti v oblasti integrity lahv\u00ed. Jako sou\u010d\u00e1st Tonghui Gas se specializuje na pe\u010dlivou periodickou kontrolu beze\u0161v\u00fdch ocelov\u00fdch plynov\u00fdch lahv\u00ed a zak\u00e1zkovou vnit\u0159n\u00ed \u00fapravu speci\u00e1ln\u00edch plynov\u00fdch lahv\u00ed.\t\t\t\t\t<\/p>\n\t\t\t\t\n\t\t\t<\/div>\n\t\t\t\n\t\t<\/div>\n\t\t\t\t<\/div>\n\t\t\t\t<\/div>\n\t\t\t\t<div class=\"elementor-element elementor-element-4c2ed1a elementor-widget elementor-widget-image\" data-id=\"4c2ed1a\" data-element_type=\"widget\" data-widget_type=\"image.default\">\n\t\t\t\t<div class=\"elementor-widget-container\">\n\t\t\t<style>\/*! elementor - v3.21.0 - 18-04-2024 *\/\n.elementor-widget-image{text-align:center}.elementor-widget-image a{display:inline-block}.elementor-widget-image a img[src$=\".svg\"]{width:48px}.elementor-widget-image img{vertical-align:middle;display:inline-block}<\/style>\t\t\t\t\t\t\t\t\t\t<img fetchpriority=\"high\" decoding=\"async\" width=\"696\" height=\"404\" src=\"https:\/\/files.gntfile.com\/data-uploads\/453\/2024\/11\/Cylinder-Testing-1868.png\" class=\"attachment-large size-large wp-image-1146\" alt=\"testov\u00e1n\u00ed v\u00e1lc\u016f 1868\" srcset=\"https:\/\/files.gntfile.com\/data-uploads\/453\/2024\/11\/Cylinder-Testing-1868.png 696w, https:\/\/files.gntfile.com\/data-uploads\/453\/2024\/11\/Cylinder-Testing-1868-18x10.png 18w, https:\/\/files.gntfile.com\/data-uploads\/453\/2024\/11\/Cylinder-Testing-1868-600x348.png 600w\" sizes=\"(max-width: 696px) 100vw, 696px\" \/>\t\t\t\t\t\t\t\t\t\t\t\t\t<\/div>\n\t\t\t\t<\/div>\n\t\t\t\t<div class=\"elementor-element elementor-element-b716444 elementor-widget elementor-widget-image\" data-id=\"b716444\" data-element_type=\"widget\" data-widget_type=\"image.default\">\n\t\t\t\t<div class=\"elementor-widget-container\">\n\t\t\t\t\t\t\t\t\t\t\t\t\t<img decoding=\"async\" width=\"696\" height=\"404\" src=\"https:\/\/files.gntfile.com\/data-uploads\/453\/2024\/11\/Cylinder-Testing-1869.png\" class=\"attachment-large size-large wp-image-1147\" alt=\"testov\u00e1n\u00ed v\u00e1lc\u016f 1869\" srcset=\"https:\/\/files.gntfile.com\/data-uploads\/453\/2024\/11\/Cylinder-Testing-1869.png 696w, https:\/\/files.gntfile.com\/data-uploads\/453\/2024\/11\/Cylinder-Testing-1869-18x10.png 18w, https:\/\/files.gntfile.com\/data-uploads\/453\/2024\/11\/Cylinder-Testing-1869-600x348.png 600w\" sizes=\"(max-width: 696px) 100vw, 696px\" \/>\t\t\t\t\t\t\t\t\t\t\t\t\t<\/div>\n\t\t\t\t<\/div>\n\t\t\t\t<div class=\"elementor-element elementor-element-02b273f elementor-widget elementor-widget-icon-box\" data-id=\"02b273f\" data-element_type=\"widget\" data-widget_type=\"icon-box.default\">\n\t\t\t\t<div class=\"elementor-widget-container\">\n\t\t\t\t\t<div class=\"elementor-icon-box-wrapper\">\n\n\t\t\t\n\t\t\t\t\t\t<div class=\"elementor-icon-box-content\">\n\n\t\t\t\t\t\t\t\t\t<h3 class=\"elementor-icon-box-title\">\n\t\t\t\t\t\t<span  >\n\t\t\t\t\t\t\tP\u0159esnost navigace ve v\u00fdrob\u011b\t\t\t\t\t\t<\/span>\n\t\t\t\t\t<\/h3>\n\t\t\t\t\n\t\t\t\t\t\t\t\t\t<p class=\"elementor-icon-box-description\">\n\t\t\t\t\t\tZde se vynal\u00e9zavost snoub\u00ed s p\u0159esnost\u00ed, proto\u017ee se m\u016f\u017eeme pochlubit dv\u011bma \u0161pi\u010dkov\u00fdmi extern\u00edmi testovac\u00edmi linkami pro beze\u0161v\u00e9 lahve na plyny a jedinou linkou pro vnit\u0159n\u00ed \u00fapravu vyhrazenou pro speci\u00e1ln\u00ed lahve na plyny.\t\t\t\t\t<\/p>\n\t\t\t\t\n\t\t\t<\/div>\n\t\t\t\n\t\t<\/div>\n\t\t\t\t<\/div>\n\t\t\t\t<\/div>\n\t\t\t\t<div class=\"elementor-element elementor-element-3e53631 elementor-widget elementor-widget-icon-box\" data-id=\"3e53631\" data-element_type=\"widget\" data-widget_type=\"icon-box.default\">\n\t\t\t\t<div class=\"elementor-widget-container\">\n\t\t\t\t\t<div class=\"elementor-icon-box-wrapper\">\n\n\t\t\t\n\t\t\t\t\t\t<div class=\"elementor-icon-box-content\">\n\n\t\t\t\t\t\t\t\t\t<h3 class=\"elementor-icon-box-title\">\n\t\t\t\t\t\t<span  >\n\t\t\t\t\t\t\tUpgrade s Ultrasonic Revolution\t\t\t\t\t\t<\/span>\n\t\t\t\t\t<\/h3>\n\t\t\t\t\n\t\t\t\t\t\t\t\t\t<p class=\"elementor-icon-box-description\">\n\t\t\t\t\t\tOd sv\u00e9ho zalo\u017een\u00ed dne 1. \u00fanora 2016 se spole\u010dnost Chongqing Tonghui Cylinder Testing Co., Ltd. stala maj\u00e1kem dokonalosti v oblasti integrity lahv\u00ed. Jako sou\u010d\u00e1st Tonghui Gas se specializuje na pe\u010dlivou periodickou kontrolu beze\u0161v\u00fdch ocelov\u00fdch plynov\u00fdch lahv\u00ed a zak\u00e1zkovou vnit\u0159n\u00ed \u00fapravu speci\u00e1ln\u00edch plynov\u00fdch lahv\u00ed.\t\t\t\t\t<\/p>\n\t\t\t\t\n\t\t\t<\/div>\n\t\t\t\n\t\t<\/div>\n\t\t\t\t<\/div>\n\t\t\t\t<\/div>\n\t\t\t\t<div class=\"elementor-element elementor-element-d06011d elementor-widget elementor-widget-image\" data-id=\"d06011d\" data-element_type=\"widget\" data-widget_type=\"image.default\">\n\t\t\t\t<div class=\"elementor-widget-container\">\n\t\t\t\t\t\t\t\t\t\t\t\t\t<img decoding=\"async\" width=\"696\" height=\"404\" src=\"https:\/\/files.gntfile.com\/data-uploads\/453\/2024\/11\/Cylinder-Testing-1870.png\" class=\"attachment-large size-large wp-image-1148\" alt=\"testov\u00e1n\u00ed v\u00e1lc\u016f 1870\" srcset=\"https:\/\/files.gntfile.com\/data-uploads\/453\/2024\/11\/Cylinder-Testing-1870.png 696w, https:\/\/files.gntfile.com\/data-uploads\/453\/2024\/11\/Cylinder-Testing-1870-18x10.png 18w, https:\/\/files.gntfile.com\/data-uploads\/453\/2024\/11\/Cylinder-Testing-1870-600x348.png 600w\" sizes=\"(max-width: 696px) 100vw, 696px\" \/>\t\t\t\t\t\t\t\t\t\t\t\t\t<\/div>\n\t\t\t\t<\/div>\n\t\t\t\t<div class=\"elementor-element elementor-element-f5822e3 elementor-widget elementor-widget-image\" data-id=\"f5822e3\" data-element_type=\"widget\" data-widget_type=\"image.default\">\n\t\t\t\t<div class=\"elementor-widget-container\">\n\t\t\t\t\t\t\t\t\t\t\t\t\t<img loading=\"lazy\" decoding=\"async\" width=\"696\" height=\"404\" src=\"https:\/\/files.gntfile.com\/data-uploads\/453\/2024\/11\/Cylinder-Testing-1871.png\" class=\"attachment-large size-large wp-image-1149\" alt=\"testov\u00e1n\u00ed v\u00e1lc\u016f 1871\" srcset=\"https:\/\/files.gntfile.com\/data-uploads\/453\/2024\/11\/Cylinder-Testing-1871.png 696w, https:\/\/files.gntfile.com\/data-uploads\/453\/2024\/11\/Cylinder-Testing-1871-18x10.png 18w, https:\/\/files.gntfile.com\/data-uploads\/453\/2024\/11\/Cylinder-Testing-1871-600x348.png 600w\" sizes=\"(max-width: 696px) 100vw, 696px\" \/>\t\t\t\t\t\t\t\t\t\t\t\t\t<\/div>\n\t\t\t\t<\/div>\n\t\t\t\t<div class=\"elementor-element elementor-element-5e2e54f elementor-widget elementor-widget-icon-box\" data-id=\"5e2e54f\" data-element_type=\"widget\" data-widget_type=\"icon-box.default\">\n\t\t\t\t<div class=\"elementor-widget-container\">\n\t\t\t\t\t<div class=\"elementor-icon-box-wrapper\">\n\n\t\t\t\n\t\t\t\t\t\t<div class=\"elementor-icon-box-content\">\n\n\t\t\t\t\t\t\t\t\t<h3 class=\"elementor-icon-box-title\">\n\t\t\t\t\t\t<span  >\n\t\t\t\t\t\t\tBezpe\u010dnost a v\u00fdkon\t\t\t\t\t\t<\/span>\n\t\t\t\t\t<\/h3>\n\t\t\t\t\n\t\t\t\t\t\t\t\t\t<p class=\"elementor-icon-box-description\">\n\t\t\t\t\t\tN\u00e1\u0161 p\u0159\u00edstup zahrnuje spektr\u00e1ln\u00ed testov\u00e1n\u00ed, pono\u0159en\u00ed se do zaji\u0161\u0165ov\u00e1n\u00ed kvality, ov\u011b\u0159ov\u00e1n\u00ed vzduchot\u011bsnosti, hodnocen\u00ed pevnosti a p\u0159\u00edsn\u00e9 zkou\u0161ky odolnosti v\u016f\u010di tlaku. Testov\u00e1n\u00ed lahv\u00ed netestuje pouze tlakov\u00e9 l\u00e1hve, prov\u011b\u0159ujeme, ov\u011b\u0159ujeme a zvy\u0161ujeme jejich v\u00fdkon a zaji\u0161\u0165ujeme, \u017ee ka\u017ed\u00fd v\u00e1lec je d\u016fkazem bezpe\u010dnosti a spolehlivosti.\t\t\t\t\t<\/p>\n\t\t\t\t\n\t\t\t<\/div>\n\t\t\t\n\t\t<\/div>\n\t\t\t\t<\/div>\n\t\t\t\t<\/div>\n\t\t\t\t\t<\/div>\n\t\t\t\t<\/div>\n\t\t\t\t<\/div>","protected":false},"excerpt":{"rendered":"<p>Pr\u016fkopnick\u00e1 excelence v integrit\u011b lahv\u00ed Z\u00e1vazek ke kvalit\u011b Od sv\u00e9ho zalo\u017een\u00ed 1. \u00fanora 2016 se spole\u010dnost Chongqing Tonghui Cylinder Testing Co., Ltd. stala vzorem excelence v oblasti integrity lahv\u00ed. Jako sou\u010d\u00e1st skupiny Tonghui Gas se specializuje na pe\u010dlivou pravidelnou kontrolu beze\u0161v\u00fdch ocelov\u00fdch plynov\u00fdch lahv\u00ed a na zak\u00e1zkovou v\u00fdrobu [\u2026]<\/p>","protected":false},"author":2,"featured_media":0,"parent":0,"menu_order":0,"comment_status":"closed","ping_status":"closed","template":"elementor_header_footer","meta":{"_acf_changed":false,"_seopress_robots_primary_cat":"","footnotes":""},"class_list":["post-1131","page","type-page","status-publish"],"acf":[],"_links":{"self":[{"href":"https:\/\/www.gastonghui.com\/cs\/wp-json\/wp\/v2\/pages\/1131","targetHints":{"allow":["GET"]}}],"collection":[{"href":"https:\/\/www.gastonghui.com\/cs\/wp-json\/wp\/v2\/pages"}],"about":[{"href":"https:\/\/www.gastonghui.com\/cs\/wp-json\/wp\/v2\/types\/page"}],"author":[{"embeddable":true,"href":"https:\/\/www.gastonghui.com\/cs\/wp-json\/wp\/v2\/users\/2"}],"replies":[{"embeddable":true,"href":"https:\/\/www.gastonghui.com\/cs\/wp-json\/wp\/v2\/comments?post=1131"}],"version-history":[{"count":22,"href":"https:\/\/www.gastonghui.com\/cs\/wp-json\/wp\/v2\/pages\/1131\/revisions"}],"predecessor-version":[{"id":3047,"href":"https:\/\/www.gastonghui.com\/cs\/wp-json\/wp\/v2\/pages\/1131\/revisions\/3047"}],"wp:attachment":[{"href":"https:\/\/www.gastonghui.com\/cs\/wp-json\/wp\/v2\/media?parent=1131"}],"curies":[{"name":"wp","href":"https:\/\/api.w.org\/{rel}","templated":true}]}}